{"id":13659,"date":"2023-09-21T10:12:05","date_gmt":"2023-09-21T08:12:05","guid":{"rendered":"https:\/\/robust.dev.wordpress.optiweb.si\/program-sprzedazowy\/uslugi\/"},"modified":"2025-07-08T09:58:55","modified_gmt":"2025-07-08T07:58:55","slug":"uslugi","status":"publish","type":"page","link":"https:\/\/www.robust.si\/pl\/program-sprzedazowy\/uslugi\/","title":{"rendered":"Us\u0142ugi"},"content":{"rendered":"<section id=\"section-block_69e58965edd21980fea8efa9e708a79b\" class=\"section background-gray-dark padding-xxsmall-bottom medium-padding-medium-bottom header-pull header-inverse header-space\"  >\n    \n\n    <div class=\"grid-container\">\n\n    <div id=\"grid-block_7571078fdc7e076a4fa0df4ef5f73be6\" class=\"grid-x grid-margin-x\" >\n        \n<div id=\"cell-block_e0d2b106a2a56c0d100226b103a92c58\" class=\"cell\" >\n    \n<nav class=\"page-breadcrumb padding-24-bottom\"><a href=\"https:\/\/www.robust.si\/pl\/\">Home<\/a><\/nav>\n\n\n<\/div>\n\n\n\n<div id=\"cell-block_bb64525556defb60c946484a4e8e3b6b\" class=\"cell medium-9 large-7\" >\n    \n<div id=\"wrap-block_48d8060538a9a1de3cfe295911f8ec5e\" class=\"wrap margin-24-bottom medium-margin-medium-bottom color-white\"  >\n    \n\n<h1 class=\"wp-block-heading color-white h2\">Us\u0142ugi<\/h1>\n\n\n\n<p>Wejd\u017a do \u015bwiata bez kompromis\u00f3w, dzi\u0119ki naszej ofercie \u015bwiatowej klasy us\u0142ug w zakresie serwisu maszyn i rozdrabniania. Nie ma u nas miejsca na kompromisy, bo wierzymy w nadmiar i zapewnianie naszym klientom wyj\u0105tkowej warto\u015bci. Marka Robust nie zadowala si\u0119 przeci\u0119tno\u015bci\u0105 \u2013 nasz\u0105 misj\u0105 jest przekszta\u0142cenie Twojego wyzwania w skuteczne rozwi\u0105zanie.<\/p>\n\n\n<\/div>\n\n\n\n<\/div>\n\n\n\n<div id=\"cell-block_8a87f61d9b4b8b7e5fc4febda8f30761\" class=\"cell large-7 large-offset-1\" >\n    \n<div id=\"wrap-block_78e6f66d1401f23b080f25c2f131b158\" class=\"wrap margin-32-bottom medium-margin-medium-bottom color-white\"  >\n    \n\n<h2 class=\"wp-block-heading color-white h3\">Serwis maszyn<\/h2>\n\n\n\n<p>Zapewnij bezawaryjn\u0105 prac\u0119 swoich maszyn. Nie pozw\u00f3l, aby niespodziewane przestoje Ci\u0119 zatrzyma\u0142y. Dzi\u0119ki naszemu profesjonalnemu zespo\u0142owi i najnowocze\u015bniejszej technologii gwarantujemy Ci sprawn\u0105 prac\u0119 Twoich maszyn, kt\u00f3ra jest kluczem do Twojego sukcesu.<\/p>\n\n\n\n<p>Nasz serwis maszynowy nastawiony jest na szybko\u015b\u0107 reakcji, dok\u0142adno\u015b\u0107 i niezawodno\u015b\u0107.<\/p>\n\n\n\n<p>Jeste\u015bmy tutaj, aby zapewni\u0107 konserwacj\u0119 zapobiegawcz\u0105, naprawy i modernizacje, kt\u00f3re przed\u0142u\u017c\u0105 \u017cywotno\u015b\u0107 Twojego sprz\u0119tu i maksymalnie wykorzystaj\u0105 Twoj\u0105 inwestycj\u0119.<\/p>\n\n\n\n<p>Powierz nam Twoje maszyny, a my umo\u017cliwimy Ci p\u0142ynn\u0105 prac\u0119 i maksymalizacj\u0119 produktywno\u015bci. <\/p>\n\n\n<\/div>\n\n\n\n\n <a id=\"button-block_5904e1652d60f05f6352ef67bc6c6e55\"class=\"button has-icon-right\"href=\"\/pl\/kontakt\/\">Kontakt\n    <svg class=\"icon\"><use href=\"\/wp-content\/themes\/robust\/assets\/img\/icons\/symbol-defs.svg#icon-arrow-right\"><\/use><\/svg><\/a>\n\n\n\n\n<\/div>\n\n\n\n<div id=\"cell-block_8a87f61d9b4b8b7e5fc4febda8f30761\" class=\"cell large-7 large-offset-1\" >\n    \n<div id=\"wrap-block_78e6f66d1401f23b080f25c2f131b158\" class=\"wrap margin-32-bottom medium-margin-medium-bottom color-white\"  >\n    \n<\/div>\n\n\n\n\n<p><\/p>\n\n\n<\/div>\n\n\n\n<div id=\"cell-block_34c4c454e7f377435f93be79ab49e6cb\" class=\"cell large-6 large-offset-3\" >\n    \n<div id=\"wrap-block_78e6f66d1401f23b080f25c2f131b158\" class=\"wrap margin-32-bottom medium-margin-medium-bottom color-white\"  >\n    \n\n<h2 class=\"wp-block-heading color-white h3\">Us\u0142uga rozdrabniania<\/h2>\n\n\n\n<p><br>Zr\u00f3b krok naprz\u00f3d w kierunku wykorzystanie materia\u0142\u00f3w odpadowych, dzi\u0119ki us\u0142ugom rozdrabniania oferowanym przez mark\u0119 Robust. Je\u015bli chcesz wykorzysta\u0107 lub zmniejszy\u0107 nadmiar materia\u0142u do dalszego przetwarzania, jeste\u015bmy tutaj, aby zaoferowa\u0107 Ci dwa optymalne rodzaje obs\u0142ugi:<\/p>\n\n\n\n<ol>\n<li><strong>Zmniejszenie obj\u0119to\u015bci odpad\u00f3w<\/strong>: Nasz zesp\u00f3\u0142 ekspert\u00f3w umo\u017cliwia zmniejszenie obj\u0119to\u015bci odpad\u00f3w za pomoc\u0105 zaawansowanych technik rozdrabniania. Niezale\u017cnie od rodzaju materia\u0142u gwarantujemy skuteczn\u0105 i trwa\u0142\u0105 redukcj\u0119 obj\u0119to\u015bci, co pozwala zaoszcz\u0119dzi\u0107 miejsce i zoptymalizowa\u0107 procesy.<\/li>\n\n\n\n<li><strong>Przygotowanie odpad\u00f3w do dalszego przetwarzania<\/strong>: Je\u017celi chcesz przygotowa\u0107 odpady do dalszego przetwarzania, dobrze trafi\u0142e\u015b. Dzi\u0119ki naszym wyspecjalizowanym procesom przetwarzania mamy pewno\u015b\u0107, \u017ce Tw\u00f3j materia\u0142 zostanie przygotowany w najbardziej optymalnej formie do kolejnych etap\u00f3w produkcji.<\/li>\n<\/ol>\n\n\n\n<p>Nie pozw\u00f3l, \u017ceby Tw\u00f3j materia\u0142 odpadowy pozosta\u0142 niewykorzystany lub nieprzygotowany. Dzi\u0119ki naszym us\u0142ugom rozdrabniania, umo\u017cliwiamy maksymalne wykorzystanie zasob\u00f3w i optymalizacj\u0119 proces\u00f3w. Skontaktuj si\u0119 z nami, a pomo\u017cemy Ci osi\u0105gn\u0105\u0107 cele w zakresie efektywnej gospodarki odpadami.<\/p>\n\n\n<\/div>\n\n\n\n\n <a id=\"button-block_5904e1652d60f05f6352ef67bc6c6e55\"class=\"button has-icon-right\"href=\"\/pl\/kontakt\/\">Kontakt\n    <svg class=\"icon\"><use href=\"\/wp-content\/themes\/robust\/assets\/img\/icons\/symbol-defs.svg#icon-arrow-right\"><\/use><\/svg><\/a>\n\n\n\n\n<\/div>\n\n\n\n    <\/div>\n\n    <\/div>\n\n\n\n\n\n    <div class=\"grid-container\">\n\n    <div id=\"grid-block_7571078fdc7e076a4fa0df4ef5f73be6\" class=\"grid-x grid-margin-x\" >\n        \n<div id=\"cell-block_a953b4aae21edec942c9552b6ea13983\" class=\"cell medium-6\" >\n    \n<\/div>\n\n\n\n<div id=\"cell-block_0f12415ef7cccc5c4eb3a80d47fc8f05\" class=\"cell medium-6 large-4 large-offset-2\" >\n    \n<\/div>\n\n\n\n<div id=\"cell-block_f067f1b93e5c9be0034413199580390b\" class=\"cell large-6 large-offset-6\" >\n    \n<div id=\"wrap-block_e212e19b339329b4b16ab06a1e8cf4a9\" class=\"wrap margin-32-top medium-margin-medium-top color-white\"  >\n    \n\n<p class=\"no-margin-bottom\">Skontaktuj si\u0119 z nami i pozw\u00f3l, aby marka Robust sta\u0142a si\u0119 Twoj\u0105 niezawodn\u0105 drog\u0105 do doskona\u0142ych rozwi\u0105za\u0144!<\/p>\n\n\n<\/div>\n\n\n\n<\/div>\n\n\n\n    <\/div>\n\n    <\/div>\n\n\n\n\n<\/section>\n\n\n\n<section id=\"section-block_a9dbc3c46cc9074e521061374291b499\" class=\"section background-gray padding-xsmall-vertical medium-padding-small-vertical\"  >\n    \n\n    <div class=\"grid-container\">\n\n    <div id=\"grid-block_7571078fdc7e076a4fa0df4ef5f73be6\" class=\"grid-x grid-margin-x\" >\n        \n<div id=\"cell-block_80298f081146a5401d0a0b53727c0b4c\" class=\"cell medium-6 medium-order-2\" >\n    \n<div id=\"wrap-block_27c9fa54b9d134b2755e0e31b294b365\" class=\"wrap large-padding-xxsmall-vertical large-padding-large-left medium-padding-24-left small-only-padding-xxsmall-bottom\"  >\n    \n\n<h3 class=\"wp-block-heading\">Czy masz dodatkowe pytania?<\/h3>\n\n\n\n<p>Aby m\u00f3c zaoferowa\u0107 Pa\u0144stwu najlepsze mo\u017cliwe rozwi\u0105zanie, opr\u00f3cz <strong>szczeg\u00f3\u0142owego opisu problemu technicznego<\/strong>, prosimy r\u00f3wnie\u017c o podanie&nbsp;<strong>modelu maszyny, numeru seryjnego, liczby godzin pracy <\/strong>(je\u015bli maszyna na to pozwala)<strong> i roku produkcji.<\/strong><\/p>\n\n\n<div id=\"wrap-block_cdbcdc08ec4943f476ad4b0b4e13c85a\" class=\"wrap margin-32-top medium-margin-xxsmall-top\"  >\n    \n\n <a id=\"button-block_5904e1652d60f05f6352ef67bc6c6e55\"class=\"button has-icon-right\"href=\"\/pl\/kontakt\/\">Kontakt\n    <svg class=\"icon\"><use href=\"\/wp-content\/themes\/robust\/assets\/img\/icons\/symbol-defs.svg#icon-arrow-right\"><\/use><\/svg><\/a>\n\n\n\n\n<\/div>\n\n\n\n<\/div>\n\n\n\n<\/div>\n\n\n\n<div id=\"cell-block_a953b4aae21edec942c9552b6ea13983\" class=\"cell medium-6\" >\n    \n\n            <figure id=\"figure-block_60f4e723d50cdfa4112d1a07935af76c\" class=\"figure\"  >\n    \n        \n                            <!-- @todo Move content outside of the crop div. CSS is already fixed. -->\n                \n                    <img loading=\"lazy\" decoding=\"async\" width=\"649\" height=\"380\" src=\"https:\/\/www.robust.si\/wp-content\/uploads\/2023\/05\/shutterstock_1892185084-1.png\" class=\"figure-image attachment-full size-full\" alt=\"\" srcset=\"https:\/\/www.robust.si\/wp-content\/uploads\/2023\/05\/shutterstock_1892185084-1.png 649w, https:\/\/www.robust.si\/wp-content\/uploads\/2023\/05\/shutterstock_1892185084-1-600x351.png 600w, https:\/\/www.robust.si\/wp-content\/uploads\/2023\/05\/shutterstock_1892185084-1-300x176.png 300w, https:\/\/www.robust.si\/wp-content\/uploads\/2023\/05\/shutterstock_1892185084-1-376x220.png 376w\" sizes=\"(max-width: 649px) 100vw, 649px\" \/>            \n        \n            <\/figure>\n    \n\n\n\n<\/div>\n\n\n\n    <\/div>\n\n    <\/div>\n\n\n\n\n<\/section>\n\n","protected":false},"excerpt":{"rendered":"","protected":false},"author":26,"featured_media":0,"parent":13347,"menu_order":0,"comment_status":"closed","ping_status":"closed","template":"","meta":{"footnotes":""},"acf":[],"yoast_head":"<!-- This site is optimized with the Yoast SEO plugin v20.9 - https:\/\/yoast.com\/wordpress\/plugins\/seo\/ -->\n<title>Us\u0142ugi - Robust<\/title>\n<meta name=\"robots\" content=\"index, follow, max-snippet:-1, max-image-preview:large, max-video-preview:-1\" \/>\n<link rel=\"canonical\" href=\"https:\/\/www.robust.si\/pl\/program-sprzedazowy\/uslugi\/\" \/>\n<meta property=\"og:locale\" content=\"pl_PL\" \/>\n<meta property=\"og:type\" content=\"article\" \/>\n<meta property=\"og:title\" content=\"Us\u0142ugi - Robust\" \/>\n<meta property=\"og:url\" content=\"https:\/\/www.robust.si\/pl\/program-sprzedazowy\/uslugi\/\" \/>\n<meta property=\"og:site_name\" content=\"Robust\" \/>\n<meta property=\"article:publisher\" content=\"https:\/\/www.facebook.com\/robustslo\" \/>\n<meta property=\"article:modified_time\" content=\"2025-07-08T07:58:55+00:00\" \/>\n<meta name=\"twitter:card\" content=\"summary_large_image\" \/>\n<meta name=\"twitter:label1\" content=\"Szacowany czas czytania\" \/>\n\t<meta name=\"twitter:data1\" content=\"2 minuty\" \/>\n<script type=\"application\/ld+json\" class=\"yoast-schema-graph\">{\"@context\":\"https:\/\/schema.org\",\"@graph\":[{\"@type\":\"WebPage\",\"@id\":\"https:\/\/www.robust.si\/pl\/program-sprzedazowy\/uslugi\/\",\"url\":\"https:\/\/www.robust.si\/pl\/program-sprzedazowy\/uslugi\/\",\"name\":\"Us\u0142ugi - Robust\",\"isPartOf\":{\"@id\":\"https:\/\/robust.dev.wordpress.optiweb.si\/#website\"},\"datePublished\":\"2023-09-21T08:12:05+00:00\",\"dateModified\":\"2025-07-08T07:58:55+00:00\",\"breadcrumb\":{\"@id\":\"https:\/\/www.robust.si\/pl\/program-sprzedazowy\/uslugi\/#breadcrumb\"},\"inLanguage\":\"pl-PL\",\"potentialAction\":[{\"@type\":\"ReadAction\",\"target\":[\"https:\/\/www.robust.si\/pl\/program-sprzedazowy\/uslugi\/\"]}]},{\"@type\":\"BreadcrumbList\",\"@id\":\"https:\/\/www.robust.si\/pl\/program-sprzedazowy\/uslugi\/#breadcrumb\",\"itemListElement\":[{\"@type\":\"ListItem\",\"position\":1,\"name\":\"Home\",\"item\":\"https:\/\/www.robust.si\/pl\/\"},{\"@type\":\"ListItem\",\"position\":2,\"name\":\"Program sprzeda\u017cowy\",\"item\":\"https:\/\/www.robust.si\/pl\/program-sprzedazowy\/\"},{\"@type\":\"ListItem\",\"position\":3,\"name\":\"Us\u0142ugi\"}]},{\"@type\":\"WebSite\",\"@id\":\"https:\/\/robust.dev.wordpress.optiweb.si\/#website\",\"url\":\"https:\/\/robust.dev.wordpress.optiweb.si\/\",\"name\":\"Robust\",\"description\":\"\",\"publisher\":{\"@id\":\"https:\/\/robust.dev.wordpress.optiweb.si\/#organization\"},\"potentialAction\":[{\"@type\":\"SearchAction\",\"target\":{\"@type\":\"EntryPoint\",\"urlTemplate\":\"https:\/\/robust.dev.wordpress.optiweb.si\/?s={search_term_string}\"},\"query-input\":\"required name=search_term_string\"}],\"inLanguage\":\"pl-PL\"},{\"@type\":\"Organization\",\"@id\":\"https:\/\/robust.dev.wordpress.optiweb.si\/#organization\",\"name\":\"Robust\",\"url\":\"https:\/\/robust.dev.wordpress.optiweb.si\/\",\"logo\":{\"@type\":\"ImageObject\",\"inLanguage\":\"pl-PL\",\"@id\":\"https:\/\/robust.dev.wordpress.optiweb.si\/#\/schema\/logo\/image\/\",\"url\":\"https:\/\/www.robust.si\/wp-content\/uploads\/2025\/07\/Robust_Logotip_Vertikalni_Colour.png\",\"contentUrl\":\"https:\/\/www.robust.si\/wp-content\/uploads\/2025\/07\/Robust_Logotip_Vertikalni_Colour.png\",\"width\":1114,\"height\":660,\"caption\":\"Robust\"},\"image\":{\"@id\":\"https:\/\/robust.dev.wordpress.optiweb.si\/#\/schema\/logo\/image\/\"},\"sameAs\":[\"https:\/\/www.facebook.com\/robustslo\",\"https:\/\/www.linkedin.com\/company\/robust-d-o-o\/\"]}]}<\/script>\n<!-- \/ Yoast SEO plugin. -->","yoast_head_json":{"title":"Us\u0142ugi - Robust","robots":{"index":"index","follow":"follow","max-snippet":"max-snippet:-1","max-image-preview":"max-image-preview:large","max-video-preview":"max-video-preview:-1"},"canonical":"https:\/\/www.robust.si\/pl\/program-sprzedazowy\/uslugi\/","og_locale":"pl_PL","og_type":"article","og_title":"Us\u0142ugi - Robust","og_url":"https:\/\/www.robust.si\/pl\/program-sprzedazowy\/uslugi\/","og_site_name":"Robust","article_publisher":"https:\/\/www.facebook.com\/robustslo","article_modified_time":"2025-07-08T07:58:55+00:00","twitter_card":"summary_large_image","twitter_misc":{"Szacowany czas czytania":"2 minuty"},"schema":{"@context":"https:\/\/schema.org","@graph":[{"@type":"WebPage","@id":"https:\/\/www.robust.si\/pl\/program-sprzedazowy\/uslugi\/","url":"https:\/\/www.robust.si\/pl\/program-sprzedazowy\/uslugi\/","name":"Us\u0142ugi - Robust","isPartOf":{"@id":"https:\/\/robust.dev.wordpress.optiweb.si\/#website"},"datePublished":"2023-09-21T08:12:05+00:00","dateModified":"2025-07-08T07:58:55+00:00","breadcrumb":{"@id":"https:\/\/www.robust.si\/pl\/program-sprzedazowy\/uslugi\/#breadcrumb"},"inLanguage":"pl-PL","potentialAction":[{"@type":"ReadAction","target":["https:\/\/www.robust.si\/pl\/program-sprzedazowy\/uslugi\/"]}]},{"@type":"BreadcrumbList","@id":"https:\/\/www.robust.si\/pl\/program-sprzedazowy\/uslugi\/#breadcrumb","itemListElement":[{"@type":"ListItem","position":1,"name":"Home","item":"https:\/\/www.robust.si\/pl\/"},{"@type":"ListItem","position":2,"name":"Program sprzeda\u017cowy","item":"https:\/\/www.robust.si\/pl\/program-sprzedazowy\/"},{"@type":"ListItem","position":3,"name":"Us\u0142ugi"}]},{"@type":"WebSite","@id":"https:\/\/robust.dev.wordpress.optiweb.si\/#website","url":"https:\/\/robust.dev.wordpress.optiweb.si\/","name":"Robust","description":"","publisher":{"@id":"https:\/\/robust.dev.wordpress.optiweb.si\/#organization"},"potentialAction":[{"@type":"SearchAction","target":{"@type":"EntryPoint","urlTemplate":"https:\/\/robust.dev.wordpress.optiweb.si\/?s={search_term_string}"},"query-input":"required name=search_term_string"}],"inLanguage":"pl-PL"},{"@type":"Organization","@id":"https:\/\/robust.dev.wordpress.optiweb.si\/#organization","name":"Robust","url":"https:\/\/robust.dev.wordpress.optiweb.si\/","logo":{"@type":"ImageObject","inLanguage":"pl-PL","@id":"https:\/\/robust.dev.wordpress.optiweb.si\/#\/schema\/logo\/image\/","url":"https:\/\/www.robust.si\/wp-content\/uploads\/2025\/07\/Robust_Logotip_Vertikalni_Colour.png","contentUrl":"https:\/\/www.robust.si\/wp-content\/uploads\/2025\/07\/Robust_Logotip_Vertikalni_Colour.png","width":1114,"height":660,"caption":"Robust"},"image":{"@id":"https:\/\/robust.dev.wordpress.optiweb.si\/#\/schema\/logo\/image\/"},"sameAs":["https:\/\/www.facebook.com\/robustslo","https:\/\/www.linkedin.com\/company\/robust-d-o-o\/"]}]}},"_links":{"self":[{"href":"https:\/\/www.robust.si\/pl\/wp-json\/wp\/v2\/pages\/13659"}],"collection":[{"href":"https:\/\/www.robust.si\/pl\/wp-json\/wp\/v2\/pages"}],"about":[{"href":"https:\/\/www.robust.si\/pl\/wp-json\/wp\/v2\/types\/page"}],"author":[{"embeddable":true,"href":"https:\/\/www.robust.si\/pl\/wp-json\/wp\/v2\/users\/26"}],"replies":[{"embeddable":true,"href":"https:\/\/www.robust.si\/pl\/wp-json\/wp\/v2\/comments?post=13659"}],"version-history":[{"count":8,"href":"https:\/\/www.robust.si\/pl\/wp-json\/wp\/v2\/pages\/13659\/revisions"}],"predecessor-version":[{"id":21919,"href":"https:\/\/www.robust.si\/pl\/wp-json\/wp\/v2\/pages\/13659\/revisions\/21919"}],"up":[{"embeddable":true,"href":"https:\/\/www.robust.si\/pl\/wp-json\/wp\/v2\/pages\/13347"}],"wp:attachment":[{"href":"https:\/\/www.robust.si\/pl\/wp-json\/wp\/v2\/media?parent=13659"}],"curies":[{"name":"wp","href":"https:\/\/api.w.org\/{rel}","templated":true}]}}