{"id":13405,"date":"2023-05-12T08:07:14","date_gmt":"2023-05-12T06:07:14","guid":{"rendered":"https:\/\/robust.dev.wordpress.optiweb.si\/o-nas\/robust-vr\/"},"modified":"2025-07-07T18:01:48","modified_gmt":"2025-07-07T16:01:48","slug":"robust-vr","status":"publish","type":"page","link":"https:\/\/www.robust.si\/pl\/o-nas\/robust-vr\/","title":{"rendered":"Robust VR"},"content":{"rendered":"<section id=\"section-block_a1b4fca87929e1bbf024e94b3651fba1\" class=\"section min-height-100-vh display-flex flex-direction-column header-pull header-inverse header-space\" style=\"background-repeat: no-repeat; background-size: cover; background-position: center; background-image: url(https:\/\/www.robust.si\/wp-content\/uploads\/2023\/05\/image-11.png)\" >\n    \n<div id=\"wrap-block_9ed4fa6391bc2049e3ce6fccfccfd6e7\" class=\"wrap\"  >\n    \n\n    <div class=\"grid-container\">\n\n    <div id=\"grid-block_06afc40bb6d7505e6dc816fd3e83a65a\" class=\"grid-x\" >\n        \n<div id=\"cell-block_79fd63731779c65a719eecbb2c93b3bd\" class=\"cell\" >\n    \n<nav class=\"page-breadcrumb padding-24-bottom\"><a href=\"https:\/\/www.robust.si\/pl\/\">Home<\/a><\/nav>\n\n\n<\/div>\n\n\n\n    <\/div>\n\n    <\/div>\n\n\n\n\n<\/div>\n\n\n\n<div id=\"wrap-block_ca2b6ba98c4af99378db4676b7df6396\" class=\"wrap margin-auto-top\"  >\n    \n\n    <div class=\"grid-container\">\n\n    <div id=\"grid-block_282067f4d8f7ab104db91fce24a7a520\" class=\"grid-x grid-margin-x\" >\n        \n<div id=\"cell-block_950f8f4c38fc55ded3ea6674582a021a\" class=\"cell large-8\" >\n    \n<div id=\"wrap-block_ce217815bbb9ccc37cb984e253cf6ce4\" class=\"wrap medium-min-height-480 padding-xxsmall-bottom medium-padding-medium-bottom color-white\"  >\n    \n\n<h1 class=\"wp-block-heading color-white\">robust vr<\/h1>\n\n\n\n<p class=\"lead\">Witamy w inspiruj\u0105cym \u015bwiecie, w kt\u00f3rym innowacja i jako\u015b\u0107 \u0142\u0105cz\u0105 si\u0119 ze zr\u00f3wnowa\u017conym rozwojem \u015brodowiska. Po podr\u00f3\u017cy do wirtualnego \u015bwiata poznasz najnowocze\u015bniejszy sprz\u0119t le\u015bny i maszyny do recyklingu, kt\u00f3re zmieniaj\u0105 spos\u00f3b, w jaki obchodzimy si\u0119 z zasobami naturalnymi, ponownie wykorzystujemy materia\u0142y nienaturalne i dbamy o planet\u0119.<\/p>\n\n\n<\/div>\n\n\n\n<\/div>\n\n\n\n    <\/div>\n\n    <\/div>\n\n\n\n\n<\/div>\n\n\n\n<\/section>\n\n\n\n<section id=\"section-block_937f5d0a811e8f24de8a8e0268013bbc\" class=\"section\"  data-horizontal-text-slide>\n    \n<div id=\"wrap-block_825b202f759870c9e9495e3116230030\" class=\"wrap text-container\"  >\n    \n\n<p>Poznaj nasze marki<\/p>\n\n\n<\/div>\n\n\n\n<\/section>\n\n\n\n<section id=\"section-block_24f103f7108d6c4bd31863e7fd10f3ac\" class=\"section\"  >\n    \n    <div id=\"slider-block_9b30f8c3336b152bd43bab00ae36d588\" class=\"scroll-section-wrap\" data-section-scroll>\n        <div class=\"imageContainerAbs\">\n            <div class=\"image-container\">\n                                    <div class=\"scroll-section-img background-secondary\">\n                        <div class=\"figure\">\n                            <img loading=\"lazy\" decoding=\"async\" width=\"802\" height=\"802\" src=\"https:\/\/www.robust.si\/wp-content\/uploads\/2024\/04\/nnt0oaks-1.png\" class=\"attachment- size-\" alt=\"Cepilnik Robust Ranger\" srcset=\"https:\/\/www.robust.si\/wp-content\/uploads\/2024\/04\/nnt0oaks-1.png 802w, https:\/\/www.robust.si\/wp-content\/uploads\/2024\/04\/nnt0oaks-1-600x600.png 600w, https:\/\/www.robust.si\/wp-content\/uploads\/2024\/04\/nnt0oaks-1-300x300.png 300w, https:\/\/www.robust.si\/wp-content\/uploads\/2024\/04\/nnt0oaks-1-150x150.png 150w, https:\/\/www.robust.si\/wp-content\/uploads\/2024\/04\/nnt0oaks-1-768x768.png 768w, https:\/\/www.robust.si\/wp-content\/uploads\/2024\/04\/nnt0oaks-1-376x376.png 376w, https:\/\/www.robust.si\/wp-content\/uploads\/2024\/04\/nnt0oaks-1-650x650.png 650w\" sizes=\"(max-width: 802px) 100vw, 802px\" \/>                        <\/div>\n                    <\/div>\n                                    <div class=\"scroll-section-img background-tertiary\">\n                        <div class=\"figure\">\n                            <img loading=\"lazy\" decoding=\"async\" width=\"1200\" height=\"1200\" src=\"https:\/\/www.robust.si\/wp-content\/uploads\/2023\/05\/SD-900-RCZ-350_Rotacija1002.png\" class=\"attachment- size-\" alt=\"Industrijski drobilnik Robust Reuser SD 900 z Reuser RZC 350\" srcset=\"https:\/\/www.robust.si\/wp-content\/uploads\/2023\/05\/SD-900-RCZ-350_Rotacija1002.png 1200w, https:\/\/www.robust.si\/wp-content\/uploads\/2023\/05\/SD-900-RCZ-350_Rotacija1002-600x600.png 600w, https:\/\/www.robust.si\/wp-content\/uploads\/2023\/05\/SD-900-RCZ-350_Rotacija1002-650x650.png 650w, https:\/\/www.robust.si\/wp-content\/uploads\/2023\/05\/SD-900-RCZ-350_Rotacija1002-150x150.png 150w, https:\/\/www.robust.si\/wp-content\/uploads\/2023\/05\/SD-900-RCZ-350_Rotacija1002-300x300.png 300w, https:\/\/www.robust.si\/wp-content\/uploads\/2023\/05\/SD-900-RCZ-350_Rotacija1002-768x768.png 768w, https:\/\/www.robust.si\/wp-content\/uploads\/2023\/05\/SD-900-RCZ-350_Rotacija1002-1024x1024.png 1024w, https:\/\/www.robust.si\/wp-content\/uploads\/2023\/05\/SD-900-RCZ-350_Rotacija1002-376x376.png 376w\" sizes=\"(max-width: 1200px) 100vw, 1200px\" \/>                        <\/div>\n                    <\/div>\n                                    <div class=\"scroll-section-img background-quaternary\">\n                        <div class=\"figure\">\n                            <img loading=\"lazy\" decoding=\"async\" width=\"1920\" height=\"1080\" src=\"https:\/\/www.robust.si\/wp-content\/uploads\/2023\/11\/ENYOJER-PRODUCTS-by-Robust.png\" class=\"attachment- size-\" alt=\"Obla\u010dila Robust Enjoyer\" srcset=\"https:\/\/www.robust.si\/wp-content\/uploads\/2023\/11\/ENYOJER-PRODUCTS-by-Robust.png 1920w, https:\/\/www.robust.si\/wp-content\/uploads\/2023\/11\/ENYOJER-PRODUCTS-by-Robust-600x338.png 600w, https:\/\/www.robust.si\/wp-content\/uploads\/2023\/11\/ENYOJER-PRODUCTS-by-Robust-650x366.png 650w, https:\/\/www.robust.si\/wp-content\/uploads\/2023\/11\/ENYOJER-PRODUCTS-by-Robust-300x169.png 300w, https:\/\/www.robust.si\/wp-content\/uploads\/2023\/11\/ENYOJER-PRODUCTS-by-Robust-768x432.png 768w, https:\/\/www.robust.si\/wp-content\/uploads\/2023\/11\/ENYOJER-PRODUCTS-by-Robust-1024x576.png 1024w, https:\/\/www.robust.si\/wp-content\/uploads\/2023\/11\/ENYOJER-PRODUCTS-by-Robust-1536x864.png 1536w, https:\/\/www.robust.si\/wp-content\/uploads\/2023\/11\/ENYOJER-PRODUCTS-by-Robust-376x212.png 376w\" sizes=\"(max-width: 1920px) 100vw, 1920px\" \/>                        <\/div>\n                    <\/div>\n                            <\/div>\n        <\/div>\n                    <div class=\"scroll-section \">\n                <div class=\"contain\">\n                    <div class=\"content\">\n                        <img loading=\"lazy\" decoding=\"async\" width=\"203\" height=\"147\" src=\"https:\/\/www.robust.si\/wp-content\/uploads\/2023\/05\/Group-763.png\" class=\"attachment- size-\" alt=\"\" \/>                            <p class=\"caption margin-24-top\">Wykonuj. Chro\u0144. Zachowaj.<\/p>\n                                                    <h2 class=\"color-white\">Poznaj rodzin\u0119 Ranger<\/h2>\n                                                    <p class=\"margin-24-bottom\">Gdzie moc natury jest na wyci\u0105gni\u0119cie r\u0119ki. Nasze urz\u0105dzenia le\u015bne o najwy\u017cszej jako\u015bci i wyj\u0105tkowej wydajno\u015bci s\u0105 Twoim niezawodnym partnerem w pracy z drewnem. Dzi\u0119ki innowacyjnym rozwi\u0105zaniom i nowoczesnej technologii, nasze urz\u0105dzenia le\u015bne umo\u017cliwiaj\u0105 szybkie, bezpieczne i efektywne przetwarzanie drewna, daj\u0105c Ci swobod\u0119 skupienia si\u0119 na tym, co jest dla Ciebie najwa\u017cniejsze. <\/p>\n                                                    <a\n                             href=\"\/pl\/prodajni-program\/ranger\/\"                             class=\"button white hollow has-icon-right\">\n                            Dowiedz si\u0119 wi\u0119cej                                <svg class=\"icon\">\n                                    <use href=\"\/wp-content\/themes\/robust\/assets\/img\/icons\/symbol-defs.svg#icon-arrow-right\"><\/use>\n                                <\/svg>\n                            <\/a>\n                                            <\/div>\n                <\/div>\n                <div class=\"content-img background-secondary\">\n                    <div class=\"figure\">\n                        <img loading=\"lazy\" decoding=\"async\" width=\"802\" height=\"802\" src=\"https:\/\/www.robust.si\/wp-content\/uploads\/2024\/04\/nnt0oaks-1.png\" class=\"attachment- size-\" alt=\"Cepilnik Robust Ranger\" srcset=\"https:\/\/www.robust.si\/wp-content\/uploads\/2024\/04\/nnt0oaks-1.png 802w, https:\/\/www.robust.si\/wp-content\/uploads\/2024\/04\/nnt0oaks-1-600x600.png 600w, https:\/\/www.robust.si\/wp-content\/uploads\/2024\/04\/nnt0oaks-1-300x300.png 300w, https:\/\/www.robust.si\/wp-content\/uploads\/2024\/04\/nnt0oaks-1-150x150.png 150w, https:\/\/www.robust.si\/wp-content\/uploads\/2024\/04\/nnt0oaks-1-768x768.png 768w, https:\/\/www.robust.si\/wp-content\/uploads\/2024\/04\/nnt0oaks-1-376x376.png 376w, https:\/\/www.robust.si\/wp-content\/uploads\/2024\/04\/nnt0oaks-1-650x650.png 650w\" sizes=\"(max-width: 802px) 100vw, 802px\" \/>                    <\/div>\n                <\/div>\n            <\/div>\n                        <div class=\"scroll-section \">\n                <div class=\"contain\">\n                    <div class=\"content\">\n                        <img loading=\"lazy\" decoding=\"async\" width=\"178\" height=\"130\" src=\"https:\/\/www.robust.si\/wp-content\/uploads\/2023\/06\/Group-578.png\" class=\"attachment- size-\" alt=\"\" \/>                            <p class=\"caption margin-24-top\">Reaguj. Redukuj. Odzyskaj.<\/p>\n                                                    <h2 class=\"color-white\">Do\u015bwiadcz jako\u015bci maszyn Reuser<\/h2>\n                                                    <p class=\"margin-24-bottom\">Wierzymy w moc transformacji. Nasze przemys\u0142owe m\u0142yny i inne urz\u0105dzenia recyklingowe przekszta\u0142caj\u0105 odpady, pomagaj\u0105c firmom w redukcji, ponownym wykorzystaniu i odzyskiwaniu cennych zasob\u00f3w. Uwolnij potencja\u0142 odrzuconych materia\u0142\u00f3w i do\u0142\u0105cz do rewolucji. Odkryj, jak mo\u017cesz przekszta\u0142ci\u0107 swoje cele zr\u00f3wnowa\u017conego rozwoju dzi\u0119ki przemys\u0142owym m\u0142ynom.<\/p>\n                                                    <a\n                             href=\"\/pl\/prodajni-program\/reuser\/\"                             class=\"button white hollow has-icon-right\">\n                            Dowiedz si\u0119 wi\u0119cej                                <svg class=\"icon\">\n                                    <use href=\"\/wp-content\/themes\/robust\/assets\/img\/icons\/symbol-defs.svg#icon-arrow-right\"><\/use>\n                                <\/svg>\n                            <\/a>\n                                            <\/div>\n                <\/div>\n                <div class=\"content-img background-tertiary\">\n                    <div class=\"figure\">\n                        <img loading=\"lazy\" decoding=\"async\" width=\"1200\" height=\"1200\" src=\"https:\/\/www.robust.si\/wp-content\/uploads\/2023\/05\/SD-900-RCZ-350_Rotacija1002.png\" class=\"attachment- size-\" alt=\"Industrijski drobilnik Robust Reuser SD 900 z Reuser RZC 350\" srcset=\"https:\/\/www.robust.si\/wp-content\/uploads\/2023\/05\/SD-900-RCZ-350_Rotacija1002.png 1200w, https:\/\/www.robust.si\/wp-content\/uploads\/2023\/05\/SD-900-RCZ-350_Rotacija1002-600x600.png 600w, https:\/\/www.robust.si\/wp-content\/uploads\/2023\/05\/SD-900-RCZ-350_Rotacija1002-650x650.png 650w, https:\/\/www.robust.si\/wp-content\/uploads\/2023\/05\/SD-900-RCZ-350_Rotacija1002-150x150.png 150w, https:\/\/www.robust.si\/wp-content\/uploads\/2023\/05\/SD-900-RCZ-350_Rotacija1002-300x300.png 300w, https:\/\/www.robust.si\/wp-content\/uploads\/2023\/05\/SD-900-RCZ-350_Rotacija1002-768x768.png 768w, https:\/\/www.robust.si\/wp-content\/uploads\/2023\/05\/SD-900-RCZ-350_Rotacija1002-1024x1024.png 1024w, https:\/\/www.robust.si\/wp-content\/uploads\/2023\/05\/SD-900-RCZ-350_Rotacija1002-376x376.png 376w\" sizes=\"(max-width: 1200px) 100vw, 1200px\" \/>                    <\/div>\n                <\/div>\n            <\/div>\n                        <div class=\"scroll-section \">\n                <div class=\"contain\">\n                    <div class=\"content\">\n                        <img loading=\"lazy\" decoding=\"async\" width=\"178\" height=\"130\" src=\"https:\/\/www.robust.si\/wp-content\/uploads\/2023\/06\/Group-579-1.png\" class=\"attachment- size-\" alt=\"\" \/>                            <p class=\"caption margin-24-top\">Wzbogacaj. Umo\u017cliwiaj. Doskonal.<\/p>\n                                                    <h2 class=\"color-white\">Poznaj styl \u017cycia Enjoyer<\/h2>\n                                                    <p class=\"margin-24-bottom\">Ciesz si\u0119 tym, co robisz. Z nowoczesnym sprz\u0119tem i zabawnymi dodatkami sta\u0144 si\u0119 cz\u0119\u015bci\u0105 spo\u0142eczno\u015bci, kt\u00f3ra wierzy w transformacj\u0119 dla lepszego \u015bwiata. Odkryj moc zmian, kt\u00f3re mog\u0105 przekszta\u0142ci\u0107 przysz\u0142o\u015b\u0107.<\/p>\n                                                    <a\n                             href=\"\/pl\/prodajni-program\/enjoyer\/\"                             class=\"button white hollow has-icon-right\">\n                            Dowiedz si\u0119 wi\u0119cej                                <svg class=\"icon\">\n                                    <use href=\"\/wp-content\/themes\/robust\/assets\/img\/icons\/symbol-defs.svg#icon-arrow-right\"><\/use>\n                                <\/svg>\n                            <\/a>\n                                            <\/div>\n                <\/div>\n                <div class=\"content-img background-quaternary\">\n                    <div class=\"figure\">\n                        <img loading=\"lazy\" decoding=\"async\" width=\"1920\" height=\"1080\" src=\"https:\/\/www.robust.si\/wp-content\/uploads\/2023\/11\/ENYOJER-PRODUCTS-by-Robust.png\" class=\"attachment- size-\" alt=\"Obla\u010dila Robust Enjoyer\" srcset=\"https:\/\/www.robust.si\/wp-content\/uploads\/2023\/11\/ENYOJER-PRODUCTS-by-Robust.png 1920w, https:\/\/www.robust.si\/wp-content\/uploads\/2023\/11\/ENYOJER-PRODUCTS-by-Robust-600x338.png 600w, https:\/\/www.robust.si\/wp-content\/uploads\/2023\/11\/ENYOJER-PRODUCTS-by-Robust-650x366.png 650w, https:\/\/www.robust.si\/wp-content\/uploads\/2023\/11\/ENYOJER-PRODUCTS-by-Robust-300x169.png 300w, https:\/\/www.robust.si\/wp-content\/uploads\/2023\/11\/ENYOJER-PRODUCTS-by-Robust-768x432.png 768w, https:\/\/www.robust.si\/wp-content\/uploads\/2023\/11\/ENYOJER-PRODUCTS-by-Robust-1024x576.png 1024w, https:\/\/www.robust.si\/wp-content\/uploads\/2023\/11\/ENYOJER-PRODUCTS-by-Robust-1536x864.png 1536w, https:\/\/www.robust.si\/wp-content\/uploads\/2023\/11\/ENYOJER-PRODUCTS-by-Robust-376x212.png 376w\" sizes=\"(max-width: 1920px) 100vw, 1920px\" \/>                    <\/div>\n                <\/div>\n            <\/div>\n                <\/div>\n    \n    \n\n<\/section>\n\n\n\n<section id=\"section-block_b28a3d946707c77fb7d132a69410d0c9\" class=\"section\" style=\"background-position:center; background-size:cover; background-image: url(https:\/\/www.robust.si\/wp-content\/uploads\/2023\/05\/image_720.png)\" >\n    \n\n    <div class=\"grid-container\">\n\n    <div id=\"grid-block_b160f2b8f96e5ed3470542d9ade3843e\" class=\"grid-x justify-content-center align-items-center min-height-100-vh\" >\n        \n<div id=\"cell-block_79fd63731779c65a719eecbb2c93b3bd\" class=\"cell\" >\n    \n<div id=\"wrap-block_e98f40ab1c0f7a92e8f5f78a21d65735\" class=\"wrap medium-max-width-650 margin-to-center padding-xxsmall-vertical text-center\"  >\n    \n\n<h2 class=\"wp-block-heading color-white\">ZMIENIAMY RZECZYWISTO\u015a\u0106<\/h2>\n\n\n\n <a id=\"button-block_f838f1e5754c57451fff6d74b1ad004e\"class=\"button margin-16-bottom has-icon-right\"href=\"\/pl\/robust-vr\/\"target=\"_blank\">Wejd\u017a do \u015bwiata VR\n    <svg class=\"icon\"><use href=\"\/wp-content\/themes\/robust\/assets\/img\/icons\/symbol-defs.svg#icon-arrow-right\"><\/use><\/svg><\/a>\n\n\n\n\n<\/div>\n\n\n\n<\/div>\n\n\n\n    <\/div>\n\n    <\/div>\n\n\n\n\n<\/section>\n\n","protected":false},"excerpt":{"rendered":"","protected":false},"author":26,"featured_media":0,"parent":13390,"menu_order":0,"comment_status":"closed","ping_status":"closed","template":"","meta":{"footnotes":""},"acf":[],"yoast_head":"<!-- This site is optimized with the Yoast SEO plugin v20.9 - https:\/\/yoast.com\/wordpress\/plugins\/seo\/ -->\n<title>Robust VR - Robust<\/title>\n<meta name=\"robots\" content=\"index, follow, max-snippet:-1, max-image-preview:large, max-video-preview:-1\" \/>\n<link rel=\"canonical\" href=\"https:\/\/www.robust.si\/pl\/o-nas\/robust-vr\/\" \/>\n<meta property=\"og:locale\" content=\"pl_PL\" \/>\n<meta property=\"og:type\" content=\"article\" \/>\n<meta property=\"og:title\" content=\"Robust VR - Robust\" \/>\n<meta property=\"og:url\" content=\"https:\/\/www.robust.si\/pl\/o-nas\/robust-vr\/\" \/>\n<meta property=\"og:site_name\" content=\"Robust\" \/>\n<meta property=\"article:publisher\" content=\"https:\/\/www.facebook.com\/robustslo\" \/>\n<meta property=\"article:modified_time\" content=\"2025-07-07T16:01:48+00:00\" \/>\n<meta name=\"twitter:card\" content=\"summary_large_image\" \/>\n<script type=\"application\/ld+json\" class=\"yoast-schema-graph\">{\"@context\":\"https:\/\/schema.org\",\"@graph\":[{\"@type\":\"WebPage\",\"@id\":\"https:\/\/www.robust.si\/pl\/o-nas\/robust-vr\/\",\"url\":\"https:\/\/www.robust.si\/pl\/o-nas\/robust-vr\/\",\"name\":\"Robust VR - Robust\",\"isPartOf\":{\"@id\":\"https:\/\/robust.dev.wordpress.optiweb.si\/#website\"},\"datePublished\":\"2023-05-12T06:07:14+00:00\",\"dateModified\":\"2025-07-07T16:01:48+00:00\",\"breadcrumb\":{\"@id\":\"https:\/\/www.robust.si\/pl\/o-nas\/robust-vr\/#breadcrumb\"},\"inLanguage\":\"pl-PL\",\"potentialAction\":[{\"@type\":\"ReadAction\",\"target\":[\"https:\/\/www.robust.si\/pl\/o-nas\/robust-vr\/\"]}]},{\"@type\":\"BreadcrumbList\",\"@id\":\"https:\/\/www.robust.si\/pl\/o-nas\/robust-vr\/#breadcrumb\",\"itemListElement\":[{\"@type\":\"ListItem\",\"position\":1,\"name\":\"Home\",\"item\":\"https:\/\/www.robust.si\/pl\/\"},{\"@type\":\"ListItem\",\"position\":2,\"name\":\"O nas\",\"item\":\"https:\/\/www.robust.si\/pl\/o-nas\/\"},{\"@type\":\"ListItem\",\"position\":3,\"name\":\"Robust VR\"}]},{\"@type\":\"WebSite\",\"@id\":\"https:\/\/robust.dev.wordpress.optiweb.si\/#website\",\"url\":\"https:\/\/robust.dev.wordpress.optiweb.si\/\",\"name\":\"Robust\",\"description\":\"\",\"publisher\":{\"@id\":\"https:\/\/robust.dev.wordpress.optiweb.si\/#organization\"},\"potentialAction\":[{\"@type\":\"SearchAction\",\"target\":{\"@type\":\"EntryPoint\",\"urlTemplate\":\"https:\/\/robust.dev.wordpress.optiweb.si\/?s={search_term_string}\"},\"query-input\":\"required name=search_term_string\"}],\"inLanguage\":\"pl-PL\"},{\"@type\":\"Organization\",\"@id\":\"https:\/\/robust.dev.wordpress.optiweb.si\/#organization\",\"name\":\"Robust\",\"url\":\"https:\/\/robust.dev.wordpress.optiweb.si\/\",\"logo\":{\"@type\":\"ImageObject\",\"inLanguage\":\"pl-PL\",\"@id\":\"https:\/\/robust.dev.wordpress.optiweb.si\/#\/schema\/logo\/image\/\",\"url\":\"https:\/\/www.robust.si\/wp-content\/uploads\/2025\/07\/Robust_Logotip_Vertikalni_Colour.png\",\"contentUrl\":\"https:\/\/www.robust.si\/wp-content\/uploads\/2025\/07\/Robust_Logotip_Vertikalni_Colour.png\",\"width\":1114,\"height\":660,\"caption\":\"Robust\"},\"image\":{\"@id\":\"https:\/\/robust.dev.wordpress.optiweb.si\/#\/schema\/logo\/image\/\"},\"sameAs\":[\"https:\/\/www.facebook.com\/robustslo\",\"https:\/\/www.linkedin.com\/company\/robust-d-o-o\/\"]}]}<\/script>\n<!-- \/ Yoast SEO plugin. -->","yoast_head_json":{"title":"Robust VR - Robust","robots":{"index":"index","follow":"follow","max-snippet":"max-snippet:-1","max-image-preview":"max-image-preview:large","max-video-preview":"max-video-preview:-1"},"canonical":"https:\/\/www.robust.si\/pl\/o-nas\/robust-vr\/","og_locale":"pl_PL","og_type":"article","og_title":"Robust VR - Robust","og_url":"https:\/\/www.robust.si\/pl\/o-nas\/robust-vr\/","og_site_name":"Robust","article_publisher":"https:\/\/www.facebook.com\/robustslo","article_modified_time":"2025-07-07T16:01:48+00:00","twitter_card":"summary_large_image","schema":{"@context":"https:\/\/schema.org","@graph":[{"@type":"WebPage","@id":"https:\/\/www.robust.si\/pl\/o-nas\/robust-vr\/","url":"https:\/\/www.robust.si\/pl\/o-nas\/robust-vr\/","name":"Robust VR - Robust","isPartOf":{"@id":"https:\/\/robust.dev.wordpress.optiweb.si\/#website"},"datePublished":"2023-05-12T06:07:14+00:00","dateModified":"2025-07-07T16:01:48+00:00","breadcrumb":{"@id":"https:\/\/www.robust.si\/pl\/o-nas\/robust-vr\/#breadcrumb"},"inLanguage":"pl-PL","potentialAction":[{"@type":"ReadAction","target":["https:\/\/www.robust.si\/pl\/o-nas\/robust-vr\/"]}]},{"@type":"BreadcrumbList","@id":"https:\/\/www.robust.si\/pl\/o-nas\/robust-vr\/#breadcrumb","itemListElement":[{"@type":"ListItem","position":1,"name":"Home","item":"https:\/\/www.robust.si\/pl\/"},{"@type":"ListItem","position":2,"name":"O nas","item":"https:\/\/www.robust.si\/pl\/o-nas\/"},{"@type":"ListItem","position":3,"name":"Robust VR"}]},{"@type":"WebSite","@id":"https:\/\/robust.dev.wordpress.optiweb.si\/#website","url":"https:\/\/robust.dev.wordpress.optiweb.si\/","name":"Robust","description":"","publisher":{"@id":"https:\/\/robust.dev.wordpress.optiweb.si\/#organization"},"potentialAction":[{"@type":"SearchAction","target":{"@type":"EntryPoint","urlTemplate":"https:\/\/robust.dev.wordpress.optiweb.si\/?s={search_term_string}"},"query-input":"required name=search_term_string"}],"inLanguage":"pl-PL"},{"@type":"Organization","@id":"https:\/\/robust.dev.wordpress.optiweb.si\/#organization","name":"Robust","url":"https:\/\/robust.dev.wordpress.optiweb.si\/","logo":{"@type":"ImageObject","inLanguage":"pl-PL","@id":"https:\/\/robust.dev.wordpress.optiweb.si\/#\/schema\/logo\/image\/","url":"https:\/\/www.robust.si\/wp-content\/uploads\/2025\/07\/Robust_Logotip_Vertikalni_Colour.png","contentUrl":"https:\/\/www.robust.si\/wp-content\/uploads\/2025\/07\/Robust_Logotip_Vertikalni_Colour.png","width":1114,"height":660,"caption":"Robust"},"image":{"@id":"https:\/\/robust.dev.wordpress.optiweb.si\/#\/schema\/logo\/image\/"},"sameAs":["https:\/\/www.facebook.com\/robustslo","https:\/\/www.linkedin.com\/company\/robust-d-o-o\/"]}]}},"_links":{"self":[{"href":"https:\/\/www.robust.si\/pl\/wp-json\/wp\/v2\/pages\/13405"}],"collection":[{"href":"https:\/\/www.robust.si\/pl\/wp-json\/wp\/v2\/pages"}],"about":[{"href":"https:\/\/www.robust.si\/pl\/wp-json\/wp\/v2\/types\/page"}],"author":[{"embeddable":true,"href":"https:\/\/www.robust.si\/pl\/wp-json\/wp\/v2\/users\/26"}],"replies":[{"embeddable":true,"href":"https:\/\/www.robust.si\/pl\/wp-json\/wp\/v2\/comments?post=13405"}],"version-history":[{"count":5,"href":"https:\/\/www.robust.si\/pl\/wp-json\/wp\/v2\/pages\/13405\/revisions"}],"predecessor-version":[{"id":21811,"href":"https:\/\/www.robust.si\/pl\/wp-json\/wp\/v2\/pages\/13405\/revisions\/21811"}],"up":[{"embeddable":true,"href":"https:\/\/www.robust.si\/pl\/wp-json\/wp\/v2\/pages\/13390"}],"wp:attachment":[{"href":"https:\/\/www.robust.si\/pl\/wp-json\/wp\/v2\/media?parent=13405"}],"curies":[{"name":"wp","href":"https:\/\/api.w.org\/{rel}","templated":true}]}}