{"id":13397,"date":"2023-05-11T10:03:21","date_gmt":"2023-05-11T08:03:21","guid":{"rendered":"https:\/\/robust.dev.wordpress.optiweb.si\/kontakt\/"},"modified":"2025-11-14T11:34:29","modified_gmt":"2025-11-14T09:34:29","slug":"kontakt","status":"publish","type":"page","link":"https:\/\/www.robust.si\/pl\/kontakt\/","title":{"rendered":"Kontakt"},"content":{"rendered":"<section id=\"section-block_170afbb1932cedd685d349ab4b1eef99\" class=\"section min-height-100-vh display-flex flex-direction-column header-pull header-inverse header-space\" style=\"background-repeat: no-repeat; background-size: cover; background-position: center; background-image: url(https:\/\/www.robust.si\/wp-content\/uploads\/2023\/05\/contact.png)\" >\n    \n<div id=\"wrap-block_5130ae69a907874d270b6d28f022a96e\" class=\"wrap\"  >\n    \n\n    <div class=\"grid-container\">\n\n    <div id=\"grid-block_7e834612485345b11e408ab84101ea47\" class=\"grid-x\" >\n        \n<div id=\"cell-block_fcd1a3aeb76f09fd172e03a6c3556b35\" class=\"cell\" >\n    \n<nav class=\"page-breadcrumb padding-24-bottom\"><a href=\"https:\/\/www.robust.si\/pl\/\">Home<\/a><\/nav>\n\n\n<\/div>\n\n\n\n    <\/div>\n\n    <\/div>\n\n\n\n\n<\/div>\n\n\n\n<div id=\"wrap-block_5c7a7f0f9f8c307bfe8dcf7c5011419b\" class=\"wrap margin-auto-top\"  >\n    \n\n    <div class=\"grid-container\">\n\n    <div id=\"grid-block_da9da592abf68716d8cec2b4e82a31c0\" class=\"grid-x grid-margin-x\" >\n        \n<div id=\"cell-block_0d4552627c891349f13b457cee5697d7\" class=\"cell large-7\" >\n    \n<div id=\"wrap-block_747ced0dadd38a05f2ce39c8b90d389c\" class=\"wrap medium-min-height-480 padding-xxsmall-bottom medium-padding-medium-bottom color-white\"  >\n    \n\n<h1 class=\"wp-block-heading color-white\">kontakt<\/h1>\n\n\n\n<p class=\"lead\">&#8222;<strong>We\u017a sprawy w swoje r\u0119ce!<\/strong>&#8221; <\/p>\n\n\n\n<p class=\"lead\">Skontaktuj si\u0119 z nami, niezale\u017cnie od tego, czy masz pytania dotycz\u0105ce naszych produkt\u00f3w do sprz\u0119tu le\u015bnego i maszyn do recyklingu odpad\u00f3w, czy te\u017c potrzebujesz wsparcia technicznego dla swojej maszyny.<\/p>\n\n\n<\/div>\n\n\n\n<\/div>\n\n\n\n    <\/div>\n\n    <\/div>\n\n\n\n\n<\/div>\n\n\n\n<\/section>\n\n\n\n<section id=\"section-block_9eff6f79ad1231a7c6b7166b169abf61\" class=\"section padding-xxsmall-vertical medium-padding-medium-vertical\"  data-horizontal-border='{\"position\":\"top\"}'>\n    \n\n    <div class=\"grid-container\">\n\n    <div id=\"grid-block_7ae60fea6d9b2b7c11bf7ebb0ef46365\" class=\"grid-x grid-margin-x grid-margin-y\" >\n        \n<div id=\"cell-block_85fc497b59ddee7ae2a3cc51c7d68db9\" class=\"cell medium-4 large-3\" >\n    \n<div id=\"wrap-block_5130ae69a907874d270b6d28f022a96e\" class=\"wrap\"  >\n    \n\n<h3 class=\"wp-block-heading h4\">dzia\u0142 handlowy<\/h3>\n\n\n\n<p class=\"no-margin font-weight-bold\">Matja\u017e Erjavec, sprzeda\u017c<\/p>\n\n\n\n<p class=\"no-margin\">matjaz.erjavec@robust.si<\/p>\n\n\n\n<p class=\"no-margin\">+386 (0)31 312 337<\/p>\n\n\n<\/div>\n\n\n\n<\/div>\n\n\n\n<div id=\"cell-block_85fc497b59ddee7ae2a3cc51c7d68db9\" class=\"cell medium-4 large-3\" >\n    \n<div id=\"wrap-block_5130ae69a907874d270b6d28f022a96e\" class=\"wrap\"  >\n    \n\n<h3 class=\"wp-block-heading h4\">wsparcie<\/h3>\n\n\n\n<p class=\"no-margin font-weight-bold\">Sergej Gaji\u0107, wsparcie techniczne<\/p>\n\n\n\n<p class=\"no-margin\">podpora@robust.si<\/p>\n\n\n\n<p class=\"no-margin\">+386 (0)51 658 787<\/p>\n\n\n<\/div>\n\n\n\n<\/div>\n\n\n\n<div id=\"cell-block_85fc497b59ddee7ae2a3cc51c7d68db9\" class=\"cell medium-4 large-3\" >\n    \n<div id=\"wrap-block_5b7f8c99caa7ba4a2be76b805dbb6943\" class=\"wrap margin-24-bottom\"  >\n    \n\n<h3 class=\"wp-block-heading h4\">kierownictwo<\/h3>\n\n\n\n<p class=\"no-margin font-weight-bold\">Marko Perak, dyrektor handlowy<\/p>\n\n\n\n<p class=\"no-margin\">marko.perak@robust.si<\/p>\n\n\n\n<p class=\"no-margin\">+386 (0)51 317 141<\/p>\n\n\n<\/div>\n\n\n\n<div id=\"wrap-block_019babecec17532d0900b54e7436f355\" class=\"wrap\"  >\n    \n\n<p class=\"no-margin font-weight-bold\"><\/p>\n\n\n<\/div>\n\n\n\n<\/div>\n\n\n\n<div id=\"cell-block_85fc497b59ddee7ae2a3cc51c7d68db9\" class=\"cell medium-4 large-3\" >\n    \n<div id=\"wrap-block_5130ae69a907874d270b6d28f022a96e\" class=\"wrap\"  >\n    \n\n<h3 class=\"wp-block-heading h4\">marketing<\/h3>\n\n\n\n<p class=\"no-margin font-weight-bold\">Luka Vider, marketing<\/p>\n\n\n\n<p class=\"no-margin\">marketing@robust.si<\/p>\n\n\n\n<p class=\"no-margin\">+386 (0)31 819 788<\/p>\n\n\n<\/div>\n\n\n\n<\/div>\n\n\n\n    <\/div>\n\n    <\/div>\n\n\n\n\n<\/section>\n\n\n\n<section id=\"section-block_9eff6f79ad1231a7c6b7166b169abf61\" class=\"section padding-xxsmall-vertical medium-padding-medium-vertical\"  data-horizontal-border='{\"position\":\"top\"}'>\n    \n\n    <div class=\"grid-container\">\n\n    <div id=\"grid-block_858bb02c92198ece4e3a3e978e663c4f\" class=\"grid-x grid-padding-x grid-margin-y\" >\n        \n<div id=\"cell-block_e786c5f42b4388078a43dc91c862a1e9\" class=\"cell medium-5 large-4\" >\n    \n<div id=\"wrap-block_5130ae69a907874d270b6d28f022a96e\" class=\"wrap\"  >\n    \n\n<h2 class=\"wp-block-heading small\">SKONTAKTUJ SI\u0118<\/h2>\n\n\n\n<p>W przypadku problem\u00f3w technicznych z maszyn\u0105, opr\u00f3cz&nbsp;<strong>szczeg\u00f3\u0142owego opisu problemu technicznego<\/strong>, prosimy r\u00f3wnie\u017c o podanie&nbsp;<strong>modelu maszyny, numeru seryjnego, liczby godzin pracy&nbsp;<\/strong>(je\u015bli maszyna na to pozwala)<strong>&nbsp;i roku produkcji.<\/strong><\/p>\n\n\n<div id=\"wrap-block_019babecec17532d0900b54e7436f355\" class=\"wrap\"  >\n    \n\n<p class=\"no-margin font-weight-bold\">Telefon<\/p>\n\n\n\n<p class=\"no-margin\">+386 (0)3 703 88 30<\/p>\n\n\n\n<p>+386 (0)3 703 88 30<\/p>\n\n\n<\/div>\n\n\n\n<div id=\"wrap-block_019babecec17532d0900b54e7436f355\" class=\"wrap\"  >\n    \n\n<p class=\"no-margin font-weight-bold\">Adres e-mail<\/p>\n\n\n\n<p>info@robust.si<\/p>\n\n\n<\/div>\n\n\n\n<div id=\"wrap-block_019babecec17532d0900b54e7436f355\" class=\"wrap\"  >\n    \n\n<p class=\"no-margin font-weight-bold\">Lokalizacja<\/p>\n\n\n\n<p>Arja vas 105, 3301 Petrov\u010de, S\u0142owenia<\/p>\n\n\n<\/div>\n\n\n\n<div id=\"wrap-block_019babecec17532d0900b54e7436f355\" class=\"wrap\"  >\n    \n\n<p class=\"no-margin font-weight-bold\">Godziny pracy<\/p>\n\n\n\n<p>Od poniedzia\u0142ku do pi\u0105tku w godzinach 7:00\u201315:00<\/p>\n\n\n<\/div>\n\n\n\n<\/div>\n\n\n\n<\/div>\n\n\n\n<div id=\"cell-block_866d4fcd57a961db9d2f9c929acce242\" class=\"cell medium-7 large-8\" >\n    \n\n<div class=\"wpcf7 no-js\" id=\"wpcf7-f14676-o1\" lang=\"pl-PL\" dir=\"ltr\">\n<div class=\"screen-reader-response\"><p role=\"status\" aria-live=\"polite\" aria-atomic=\"true\"><\/p> <ul><\/ul><\/div>\n<form action=\"\/pl\/wp-json\/wp\/v2\/pages\/13397#wpcf7-f14676-o1\" method=\"post\" class=\"wpcf7-form init use-floating-validation-tip\" aria-label=\"Contact form\" novalidate=\"novalidate\" data-status=\"init\">\n<div style=\"display: none;\">\n<input type=\"hidden\" name=\"_wpcf7\" value=\"14676\" \/>\n<input type=\"hidden\" name=\"_wpcf7_version\" value=\"5.8.7\" \/>\n<input type=\"hidden\" name=\"_wpcf7_locale\" value=\"pl_PL\" \/>\n<input type=\"hidden\" name=\"_wpcf7_unit_tag\" value=\"wpcf7-f14676-o1\" \/>\n<input type=\"hidden\" name=\"_wpcf7_container_post\" value=\"0\" \/>\n<input type=\"hidden\" name=\"_wpcf7_posted_data_hash\" value=\"\" \/>\n<input type=\"hidden\" name=\"_wpcf7cf_hidden_group_fields\" value=\"[]\" \/>\n<input type=\"hidden\" name=\"_wpcf7cf_hidden_groups\" value=\"[]\" \/>\n<input type=\"hidden\" name=\"_wpcf7cf_visible_groups\" value=\"[]\" \/>\n<input type=\"hidden\" name=\"_wpcf7cf_repeaters\" value=\"[]\" \/>\n<input type=\"hidden\" name=\"_wpcf7cf_steps\" value=\"{}\" \/>\n<input type=\"hidden\" name=\"_wpcf7cf_options\" value=\"{&quot;form_id&quot;:14676,&quot;conditions&quot;:[{&quot;then_field&quot;:&quot;group-pravna-osoba&quot;,&quot;and_rules&quot;:[{&quot;if_field&quot;:&quot;rbtOseba&quot;,&quot;operator&quot;:&quot;equals&quot;,&quot;if_value&quot;:&quot;Osoba prawna&quot;},{&quot;if_field&quot;:&quot;my_option&quot;,&quot;operator&quot;:&quot;equals&quot;,&quot;if_value&quot;:&quot;Wsparcie techniczne i serwis&quot;}]},{&quot;then_field&quot;:&quot;group-fizicka-osoba&quot;,&quot;and_rules&quot;:[{&quot;if_field&quot;:&quot;rbtOseba&quot;,&quot;operator&quot;:&quot;equals&quot;,&quot;if_value&quot;:&quot;Osoba fizyczna&quot;},{&quot;if_field&quot;:&quot;my_option&quot;,&quot;operator&quot;:&quot;equals&quot;,&quot;if_value&quot;:&quot;Wsparcie techniczne i serwis&quot;}]},{&quot;then_field&quot;:&quot;group-pravna-osoba-info&quot;,&quot;and_rules&quot;:[{&quot;if_field&quot;:&quot;my_option&quot;,&quot;operator&quot;:&quot;equals&quot;,&quot;if_value&quot;:&quot;Informacje og\\u00f3lne&quot;},{&quot;if_field&quot;:&quot;rbtOseba&quot;,&quot;operator&quot;:&quot;equals&quot;,&quot;if_value&quot;:&quot;Osoba prawna&quot;}]},{&quot;then_field&quot;:&quot;group-pravna-osoba-info&quot;,&quot;and_rules&quot;:[{&quot;if_field&quot;:&quot;my_option&quot;,&quot;operator&quot;:&quot;equals&quot;,&quot;if_value&quot;:&quot;Informacje o produkcie&quot;},{&quot;if_field&quot;:&quot;rbtOseba&quot;,&quot;operator&quot;:&quot;equals&quot;,&quot;if_value&quot;:&quot;Osoba prawna&quot;}]}],&quot;settings&quot;:{&quot;animation&quot;:&quot;yes&quot;,&quot;animation_intime&quot;:200,&quot;animation_outtime&quot;:200,&quot;conditions_ui&quot;:&quot;normal&quot;,&quot;notice_dismissed&quot;:false,&quot;notice_dismissed_update-cf7-5.8.1&quot;:true,&quot;notice_dismissed_rollback-cf7-5.8.6&quot;:true}}\" \/>\n<\/div>\n<div class=\"grid-x grid-padding-x\">\n    <div class=\"medium-6 cell\">\n        <div class=\"form-row\">\n            <span class=\"wpcf7-form-control-wrap\" data-name=\"firstname\"><input size=\"40\" class=\"wpcf7-form-control wpcf7-text\" aria-invalid=\"false\" placeholder=\"Nazwa\" value=\"\" type=\"text\" name=\"firstname\" \/><\/span>\n        <\/div>\n    <\/div>\n\n    <div class=\"medium-6 cell\">\n        <div class=\"form-row\">\n            <span class=\"wpcf7-form-control-wrap\" data-name=\"lastname\"><input size=\"40\" class=\"wpcf7-form-control wpcf7-text\" aria-invalid=\"false\" placeholder=\"Nazwisko\" value=\"\" type=\"text\" name=\"lastname\" \/><\/span>\n        <\/div>\n    <\/div>\n\n    <div class=\"medium-6 cell\">\n        <div class=\"form-row\">\n            <span class=\"wpcf7-form-control-wrap\" data-name=\"email\"><input size=\"40\" class=\"wpcf7-form-control wpcf7-email wpcf7-validates-as-required wpcf7-text wpcf7-validates-as-email\" aria-required=\"true\" aria-invalid=\"false\" placeholder=\"Email*\" value=\"\" type=\"email\" name=\"email\" \/><\/span>\n        <\/div>\n    <\/div>\n\n    <div class=\"medium-6 cell\">\n        <div class=\"form-row\">\n            <span class=\"wpcf7-form-control-wrap\" data-name=\"telephone\"><input size=\"40\" class=\"wpcf7-form-control wpcf7-text\" aria-invalid=\"false\" placeholder=\"Numer telefonu\" value=\"\" type=\"text\" name=\"telephone\" \/><\/span>\n        <\/div>\n    <\/div>\n\n    <div class=\"cell medium-6\">\n        <div class=\"form-row\">\n            <span class=\"wpcf7-form-control-wrap\" data-name=\"my_option\"><select class=\"wpcf7-form-control wpcf7-select\" aria-invalid=\"false\" name=\"my_option\"><option value=\"\">\u2014Jestem zainteresowany\u2014<\/option><option value=\"Informacje og\u00f3lne\">Informacje og\u00f3lne<\/option><option value=\"Informacje o produkcie\">Informacje o produkcie<\/option><option value=\"Wsparcie techniczne i serwis\">Wsparcie techniczne i serwis<\/option><\/select><\/span>\n        <\/div>\n    <\/div>\n\n    <div class=\"cell\">\n        <div class=\"form-row\">\n            <span class=\"wpcf7-form-control-wrap\" data-name=\"rbtOseba\"><span class=\"wpcf7-form-control wpcf7-radio\"><span class=\"wpcf7-list-item first last\"><input type=\"radio\" name=\"rbtOseba\" value=\"Osoba fizyczna\" checked=\"checked\" \/><span class=\"wpcf7-list-item-label\">Osoba fizyczna<\/span><\/span><\/span><\/span>\n        <\/div>\n    <\/div>\n    <div class=\"cell rbtChange cbr-wrap\" data-cbr-target=\".rbtChange\" data-cbr-toggle-class=\"display-block\">\n        <div class=\"form-row\">\n            <span class=\"wpcf7-form-control-wrap\" data-name=\"rbtOseba\"><span class=\"wpcf7-form-control wpcf7-radio\"><span class=\"wpcf7-list-item first last\"><input type=\"radio\" name=\"rbtOseba\" value=\"Osoba prawna\" \/><span class=\"wpcf7-list-item-label\">Osoba prawna<\/span><\/span><\/span><\/span>\n        <\/div>\n    <\/div>\n\n    <div class=\"cell\">\n        <div data-id=\"group-pravna-osoba\" data-orig_data_id=\"group-pravna-osoba\"  data-class=\"wpcf7cf_group\">\n            <div class=\"grid-x grid-margin-x\">\n                <div class=\"medium-6 cell\">\n                    <div id=\"test1\" class=\"form-row\">\n                        <span class=\"wpcf7-form-control-wrap\" data-name=\"podjetje\"><input size=\"40\" class=\"wpcf7-form-control wpcf7-text wpcf7-validates-as-required\" aria-required=\"true\" aria-invalid=\"false\" placeholder=\"Firma*\" value=\"\" type=\"text\" name=\"podjetje\" \/><\/span>\n                    <\/div>\n                <\/div>\n\n                <div class=\"medium-6 cell\">\n                    <div class=\"form-row\">\n                        <span class=\"wpcf7-form-control-wrap\" data-name=\"serjska\"><input size=\"40\" class=\"wpcf7-form-control wpcf7-text wpcf7-validates-as-required\" aria-required=\"true\" aria-invalid=\"false\" placeholder=\"Numer seryjny*\" value=\"\" type=\"text\" name=\"serjska\" \/><\/span>\n                    <\/div>\n                <\/div>\n\n                <div class=\"medium-6 cell\">\n                    <div class=\"form-row\">\n                        <span class=\"wpcf7-form-control-wrap\" data-name=\"stevilo\"><input size=\"40\" class=\"wpcf7-form-control wpcf7-text wpcf7-validates-as-required\" aria-required=\"true\" aria-invalid=\"false\" placeholder=\"Liczba godzin pracy*\" value=\"\" type=\"text\" name=\"stevilo\" \/><\/span>\n                    <\/div>\n                <\/div>\n\n                <div class=\"medium-6 cell\">\n                    <div class=\"form-row\">\n                        <span class=\"wpcf7-form-control-wrap\" data-name=\"model\"><input size=\"40\" class=\"wpcf7-form-control wpcf7-text wpcf7-validates-as-required\" aria-required=\"true\" aria-invalid=\"false\" placeholder=\"Model maszyny*\" value=\"\" type=\"text\" name=\"model\" \/><\/span>\n                    <\/div>\n                <\/div>\n            <\/div>\n        <\/div>\n    <\/div>\n\n    <div class=\"cell\">\n        <div data-id=\"group-pravna-osoba-info\" data-orig_data_id=\"group-pravna-osoba-info\"  data-class=\"wpcf7cf_group\">\n            <div class=\"grid-x grid-margin-x\">\n                <div class=\"medium-6 cell\">\n                    <div id=\"test1\" class=\"form-row\">\n                        <span class=\"wpcf7-form-control-wrap\" data-name=\"podjetje\"><input size=\"40\" class=\"wpcf7-form-control wpcf7-text wpcf7-validates-as-required\" aria-required=\"true\" aria-invalid=\"false\" placeholder=\"Firma*\" value=\"\" type=\"text\" name=\"podjetje\" \/><\/span>\n                    <\/div>\n                <\/div>\n            <\/div>\n        <\/div>\n    <\/div>\n\n    <div class=\"cell\">\n        <div data-id=\"group-fizicka-osoba\" data-orig_data_id=\"group-fizicka-osoba\"  data-class=\"wpcf7cf_group\">\n            <div class=\"grid-x grid-margin-x\">\n\n                <div class=\"medium-6 cell\">\n                    <div class=\"form-row\">\n                        <span class=\"wpcf7-form-control-wrap\" data-name=\"serjska1\"><input size=\"40\" class=\"wpcf7-form-control wpcf7-text wpcf7-validates-as-required\" aria-required=\"true\" aria-invalid=\"false\" placeholder=\"Numer seryjny*\" value=\"\" type=\"text\" name=\"serjska1\" \/><\/span>\n                    <\/div>\n                <\/div>\n\n            <\/div>\n        <\/div>\n    <\/div>\n\n    <div class=\"cell\">\n        <div class=\"form-row\">\n            <span class=\"wpcf7-form-control-wrap\" data-name=\"message\"><textarea cols=\"40\" rows=\"10\" class=\"wpcf7-form-control wpcf7-textarea\" aria-invalid=\"false\" placeholder=\"Dodatkowe informacje\" name=\"message\"><\/textarea><\/span>\n        <\/div>\n    <\/div>\n\n    <div class=\"cell\">\n        <label class=\"grid-x align-items-center\">\n            <div class=\"cell shrink\">\n                <span class=\"wpcf7-form-control-wrap\" data-name=\"gdpr\"><span class=\"wpcf7-form-control wpcf7-checkbox wpcf7-validates-as-required hide-label\"><span class=\"wpcf7-list-item first last\"><input type=\"checkbox\" name=\"gdpr[]\" value=\"1\" \/><span class=\"wpcf7-list-item-label\">1<\/span><\/span><\/span><\/span>\n            <\/div>\n            <div class=\"cell auto\">\n                <span class=\"color-gray-dark-0-6\">Potwierdzam, \u017ce zapozna\u0142em si\u0119 z Polityk\u0105 Prywatno\u015bci.<\/span>\n            <\/div>\n        <\/label>\n    <\/div>\n\n    <div class=\"cell\">\n        <div class=\"margin-16-top\">\n           <div id=\"cf7sr-69de393e2e051\" class=\"cf7sr-g-recaptcha\" data-theme=\"light\" data-type=\"image\" data-size=\"normal\" data-sitekey=\"6LeKZCIqAAAAAG32E8TeahA3ZYECpnUCM0GS3U7h\"><\/div><span class=\"wpcf7-form-control-wrap cf7sr-recaptcha\" data-name=\"cf7sr-recaptcha\"><input type=\"hidden\" name=\"cf7sr-recaptcha\" value=\"\" class=\"wpcf7-form-control\"><\/span>\n        <\/div>\n    <\/div>\n\n    <div class=\"cell\">\n        <div class=\"form-actions margin-32-top\">\n            <button name=\"submit\" class=\"has-icon-right\">\n                Wy\u015blij wiadomo\u015b\u0107\n                <svg class=\"icon\">\n                    <use href=\"\/wp-content\/themes\/robust\/assets\/img\/icons\/symbol-defs.svg#icon-arrow-link-right\"><\/use>\n                <\/svg>\n            <\/button>\n        <\/div>\n    <\/div>\n<\/div><div class=\"wpcf7-response-output\" aria-hidden=\"true\"><\/div>\n<\/form>\n<\/div>\n\n\n\n<\/div>\n\n\n\n    <\/div>\n\n    <\/div>\n\n\n\n\n<\/section>\n\n","protected":false},"excerpt":{"rendered":"","protected":false},"author":26,"featured_media":0,"parent":0,"menu_order":0,"comment_status":"closed","ping_status":"closed","template":"","meta":{"footnotes":""},"acf":[],"yoast_head":"<!-- This site is optimized with the Yoast SEO plugin v20.9 - https:\/\/yoast.com\/wordpress\/plugins\/seo\/ -->\n<title>Kontakt - Robust<\/title>\n<meta name=\"robots\" content=\"index, follow, max-snippet:-1, max-image-preview:large, max-video-preview:-1\" \/>\n<link rel=\"canonical\" href=\"https:\/\/www.robust.si\/pl\/kontakt\/\" \/>\n<meta property=\"og:locale\" content=\"pl_PL\" \/>\n<meta property=\"og:type\" content=\"article\" \/>\n<meta property=\"og:title\" content=\"Kontakt - Robust\" \/>\n<meta property=\"og:url\" content=\"https:\/\/www.robust.si\/pl\/kontakt\/\" \/>\n<meta property=\"og:site_name\" content=\"Robust\" \/>\n<meta property=\"article:publisher\" content=\"https:\/\/www.facebook.com\/robustslo\" \/>\n<meta property=\"article:modified_time\" content=\"2025-11-14T09:34:29+00:00\" \/>\n<meta name=\"twitter:card\" content=\"summary_large_image\" \/>\n<meta name=\"twitter:label1\" content=\"Szacowany czas czytania\" \/>\n\t<meta name=\"twitter:data1\" content=\"1 minuta\" \/>\n<script type=\"application\/ld+json\" class=\"yoast-schema-graph\">{\"@context\":\"https:\/\/schema.org\",\"@graph\":[{\"@type\":\"WebPage\",\"@id\":\"https:\/\/www.robust.si\/pl\/kontakt\/\",\"url\":\"https:\/\/www.robust.si\/pl\/kontakt\/\",\"name\":\"Kontakt - Robust\",\"isPartOf\":{\"@id\":\"https:\/\/robust.dev.wordpress.optiweb.si\/#website\"},\"datePublished\":\"2023-05-11T08:03:21+00:00\",\"dateModified\":\"2025-11-14T09:34:29+00:00\",\"breadcrumb\":{\"@id\":\"https:\/\/www.robust.si\/pl\/kontakt\/#breadcrumb\"},\"inLanguage\":\"pl-PL\",\"potentialAction\":[{\"@type\":\"ReadAction\",\"target\":[\"https:\/\/www.robust.si\/pl\/kontakt\/\"]}]},{\"@type\":\"BreadcrumbList\",\"@id\":\"https:\/\/www.robust.si\/pl\/kontakt\/#breadcrumb\",\"itemListElement\":[{\"@type\":\"ListItem\",\"position\":1,\"name\":\"Home\",\"item\":\"https:\/\/www.robust.si\/pl\/\"},{\"@type\":\"ListItem\",\"position\":2,\"name\":\"Kontakt\"}]},{\"@type\":\"WebSite\",\"@id\":\"https:\/\/robust.dev.wordpress.optiweb.si\/#website\",\"url\":\"https:\/\/robust.dev.wordpress.optiweb.si\/\",\"name\":\"Robust\",\"description\":\"\",\"publisher\":{\"@id\":\"https:\/\/robust.dev.wordpress.optiweb.si\/#organization\"},\"potentialAction\":[{\"@type\":\"SearchAction\",\"target\":{\"@type\":\"EntryPoint\",\"urlTemplate\":\"https:\/\/robust.dev.wordpress.optiweb.si\/?s={search_term_string}\"},\"query-input\":\"required name=search_term_string\"}],\"inLanguage\":\"pl-PL\"},{\"@type\":\"Organization\",\"@id\":\"https:\/\/robust.dev.wordpress.optiweb.si\/#organization\",\"name\":\"Robust\",\"url\":\"https:\/\/robust.dev.wordpress.optiweb.si\/\",\"logo\":{\"@type\":\"ImageObject\",\"inLanguage\":\"pl-PL\",\"@id\":\"https:\/\/robust.dev.wordpress.optiweb.si\/#\/schema\/logo\/image\/\",\"url\":\"https:\/\/www.robust.si\/wp-content\/uploads\/2025\/07\/Robust_Logotip_Vertikalni_Colour.png\",\"contentUrl\":\"https:\/\/www.robust.si\/wp-content\/uploads\/2025\/07\/Robust_Logotip_Vertikalni_Colour.png\",\"width\":1114,\"height\":660,\"caption\":\"Robust\"},\"image\":{\"@id\":\"https:\/\/robust.dev.wordpress.optiweb.si\/#\/schema\/logo\/image\/\"},\"sameAs\":[\"https:\/\/www.facebook.com\/robustslo\",\"https:\/\/www.linkedin.com\/company\/robust-d-o-o\/\"]}]}<\/script>\n<!-- \/ Yoast SEO plugin. -->","yoast_head_json":{"title":"Kontakt - Robust","robots":{"index":"index","follow":"follow","max-snippet":"max-snippet:-1","max-image-preview":"max-image-preview:large","max-video-preview":"max-video-preview:-1"},"canonical":"https:\/\/www.robust.si\/pl\/kontakt\/","og_locale":"pl_PL","og_type":"article","og_title":"Kontakt - Robust","og_url":"https:\/\/www.robust.si\/pl\/kontakt\/","og_site_name":"Robust","article_publisher":"https:\/\/www.facebook.com\/robustslo","article_modified_time":"2025-11-14T09:34:29+00:00","twitter_card":"summary_large_image","twitter_misc":{"Szacowany czas czytania":"1 minuta"},"schema":{"@context":"https:\/\/schema.org","@graph":[{"@type":"WebPage","@id":"https:\/\/www.robust.si\/pl\/kontakt\/","url":"https:\/\/www.robust.si\/pl\/kontakt\/","name":"Kontakt - Robust","isPartOf":{"@id":"https:\/\/robust.dev.wordpress.optiweb.si\/#website"},"datePublished":"2023-05-11T08:03:21+00:00","dateModified":"2025-11-14T09:34:29+00:00","breadcrumb":{"@id":"https:\/\/www.robust.si\/pl\/kontakt\/#breadcrumb"},"inLanguage":"pl-PL","potentialAction":[{"@type":"ReadAction","target":["https:\/\/www.robust.si\/pl\/kontakt\/"]}]},{"@type":"BreadcrumbList","@id":"https:\/\/www.robust.si\/pl\/kontakt\/#breadcrumb","itemListElement":[{"@type":"ListItem","position":1,"name":"Home","item":"https:\/\/www.robust.si\/pl\/"},{"@type":"ListItem","position":2,"name":"Kontakt"}]},{"@type":"WebSite","@id":"https:\/\/robust.dev.wordpress.optiweb.si\/#website","url":"https:\/\/robust.dev.wordpress.optiweb.si\/","name":"Robust","description":"","publisher":{"@id":"https:\/\/robust.dev.wordpress.optiweb.si\/#organization"},"potentialAction":[{"@type":"SearchAction","target":{"@type":"EntryPoint","urlTemplate":"https:\/\/robust.dev.wordpress.optiweb.si\/?s={search_term_string}"},"query-input":"required name=search_term_string"}],"inLanguage":"pl-PL"},{"@type":"Organization","@id":"https:\/\/robust.dev.wordpress.optiweb.si\/#organization","name":"Robust","url":"https:\/\/robust.dev.wordpress.optiweb.si\/","logo":{"@type":"ImageObject","inLanguage":"pl-PL","@id":"https:\/\/robust.dev.wordpress.optiweb.si\/#\/schema\/logo\/image\/","url":"https:\/\/www.robust.si\/wp-content\/uploads\/2025\/07\/Robust_Logotip_Vertikalni_Colour.png","contentUrl":"https:\/\/www.robust.si\/wp-content\/uploads\/2025\/07\/Robust_Logotip_Vertikalni_Colour.png","width":1114,"height":660,"caption":"Robust"},"image":{"@id":"https:\/\/robust.dev.wordpress.optiweb.si\/#\/schema\/logo\/image\/"},"sameAs":["https:\/\/www.facebook.com\/robustslo","https:\/\/www.linkedin.com\/company\/robust-d-o-o\/"]}]}},"_links":{"self":[{"href":"https:\/\/www.robust.si\/pl\/wp-json\/wp\/v2\/pages\/13397"}],"collection":[{"href":"https:\/\/www.robust.si\/pl\/wp-json\/wp\/v2\/pages"}],"about":[{"href":"https:\/\/www.robust.si\/pl\/wp-json\/wp\/v2\/types\/page"}],"author":[{"embeddable":true,"href":"https:\/\/www.robust.si\/pl\/wp-json\/wp\/v2\/users\/26"}],"replies":[{"embeddable":true,"href":"https:\/\/www.robust.si\/pl\/wp-json\/wp\/v2\/comments?post=13397"}],"version-history":[{"count":5,"href":"https:\/\/www.robust.si\/pl\/wp-json\/wp\/v2\/pages\/13397\/revisions"}],"predecessor-version":[{"id":22642,"href":"https:\/\/www.robust.si\/pl\/wp-json\/wp\/v2\/pages\/13397\/revisions\/22642"}],"wp:attachment":[{"href":"https:\/\/www.robust.si\/pl\/wp-json\/wp\/v2\/media?parent=13397"}],"curies":[{"name":"wp","href":"https:\/\/api.w.org\/{rel}","templated":true}]}}