{"id":13375,"date":"2023-06-08T13:53:31","date_gmt":"2023-06-08T11:53:31","guid":{"rendered":"https:\/\/robust.dev.wordpress.optiweb.si\/trwale-zobowiazania\/"},"modified":"2025-07-07T17:25:14","modified_gmt":"2025-07-07T15:25:14","slug":"trwale-zobowiazania","status":"publish","type":"page","link":"https:\/\/www.robust.si\/pl\/trwale-zobowiazania\/","title":{"rendered":"Trwa\u0142e zobowi\u0105zania"},"content":{"rendered":"<section id=\"section-block_2d09e24e877c3a9ab7b8d87b24859c45\" class=\"section background-gray-dark padding-xxsmall-bottom medium-padding-medium-bottom header-pull header-inverse header-space\"  >\n    \n\n    <div class=\"grid-container\">\n\n    <div id=\"grid-block_2d58b29f0739648662c4edf6e89ec112\" class=\"grid-x grid-margin-x\" >\n        \n<div id=\"cell-block_3fc232d422b76a0eb0bef8f707cdc5af\" class=\"cell\" >\n    \n<nav class=\"page-breadcrumb padding-24-bottom\"><a href=\"https:\/\/www.robust.si\/pl\/\">Home<\/a><\/nav>\n\n\n<\/div>\n\n\n\n<div id=\"cell-block_462fd36d7566ff3ae2266f0f1b350c5d\" class=\"cell medium-9 large-7\" >\n    \n<div id=\"wrap-block_d19ed3ac19ca09b165a752fe956aa10b\" class=\"wrap margin-24-bottom medium-margin-medium-bottom color-white\"  >\n    \n\n<h1 class=\"wp-block-heading color-white h2\">Trwa\u0142e zobowi\u0105zania<\/h1>\n\n\n\n<p>Zr\u00f3wnowa\u017cony rozw\u00f3j umo\u017cliwia przej\u015bcie na bardziej ekologiczny spos\u00f3b \u017cycia, jednocze\u015bnie skupiaj\u0105c si\u0119 na problematyce wyczerpywania si\u0119 zasob\u00f3w naturalnych i zanieczyszczenia \u015brodowiska. W firmie Robust, zgodnie z nasz\u0105 strategi\u0105 zr\u00f3wnowa\u017conego rozwoju, zdecydowanie opowiadamy si\u0119 za zmianami niezb\u0119dnymi do dekarbonizacji organizacji i szerszego spo\u0142ecze\u0144stwa. Firma doskonale zdaje sobie spraw\u0119 z bezpo\u015bredniego wp\u0142ywu produkcji na \u015brodowisko i z tego, \u017ce dla zapewnienia zr\u00f3wnowa\u017conego rozwoju konieczne jest rozs\u0105dne korzystanie z zasob\u00f3w i, je\u015bli to mo\u017cliwe, ponowne wykorzystanie ich w produktach, a tym samym wyd\u0142u\u017cenie ich \u017cywotno\u015bci.<\/p>\n\n\n<\/div>\n\n\n\n<\/div>\n\n\n\n<div id=\"ogljicna-nevtralnost\" class=\"cell large-7 large-offset-1\" >\n    \n<div id=\"wrap-block_0678334ab95f04b8829da78b13c53b29\" class=\"wrap margin-32-bottom medium-margin-medium-bottom color-white\"  >\n    \n<span id=\"icon-block_8bf5b84d6df65702174c4a708598102a\" class=\"icon-wrap icon-block\"><img loading=\"lazy\" decoding=\"async\" width=\"121\" height=\"124\" src=\"https:\/\/www.robust.si\/wp-content\/uploads\/2023\/05\/Robust_Ilustracije_bele-16.png\" class=\"icon margin-32-bottom icon-image icon-330\" alt=\"\" style=\"font-size:124px;margin-right:px;\" \/><\/span>\n\n\n<h2 class=\"wp-block-heading color-white h3\">Neutralno\u015b\u0107 w\u0119glowa do 2030 roku<\/h2>\n\n\n\n<p>W Robust swoim pierwszym zobowi\u0105zaniem \u201eNeutralno\u015b\u0107 w\u0119glowa do 2030 roku\u201d skierowali\u015bmy si\u0119 na efektywno\u015b\u0107 i samowystarczalno\u015b\u0107 energetyczn\u0105, ograniczenie zu\u017cycia zasob\u00f3w naturalnych poprzez wykorzystanie materia\u0142\u00f3w pochodz\u0105cych z recyklingu oraz zmniejszenie zu\u017cycia energii elektrycznej i wody w lokalach biznesowych. Zadbali\u015bmy tak\u017ce o ca\u0142kowite przej\u015bcie na technologi\u0119 cyfrow\u0105, aby ograniczy\u0107 materia\u0142y biurowe i zwi\u0105zan\u0105 z tym ilo\u015b\u0107 odpad\u00f3w, a segregacja odpad\u00f3w w odpowiednich pojemnikach (papier, szk\u0142o, plastik i opakowania) jest obecna w naszej firmie ju\u017c od jakiego\u015b czasu. Przy pomocy zach\u0119t i specjalnych promocji d\u0105\u017cymy do zmniejszenia \u015bladu w\u0119glowego na pracownika, co przyczyni\u0142o si\u0119 r\u00f3wnie\u017c do ograniczenia i optymalizacji podr\u00f3\u017cy s\u0142u\u017cbowych. Nawet ciep\u0142e posi\u0142ki, kt\u00f3re zapewniamy naszym pracownikom, pochodz\u0105 ze \u015brodowiska lokalnego, co oznacza mniej manipulacji transportem. W firmie stawiamy na zakup lokalnych, przyjaznych \u015brodowisku i certyfikowanych produkt\u00f3w, kt\u00f3re nast\u0119pnie staj\u0105 si\u0119 cz\u0119\u015bci\u0105 naszych maszyn, co umo\u017cliwia r\u00f3wnie\u017c optymalizacj\u0119 proces\u00f3w logistycznych.<\/p>\n\n\n<\/div>\n\n\n\n<\/div>\n\n\n\n<div id=\"krozno-gospodarstvo\" class=\"cell large-6 large-offset-3\" >\n    \n<div id=\"wrap-block_b10823bb7b1972211d6fe8090ea32789\" class=\"wrap margin-32-bottom medium-margin-medium-bottom color-white\"  >\n    \n<span id=\"icon-block_616e380a407ea16f64215c3f8a78a9fa\" class=\"icon-wrap icon-block\"><img loading=\"lazy\" decoding=\"async\" width=\"116\" height=\"124\" src=\"https:\/\/www.robust.si\/wp-content\/uploads\/2023\/05\/Robust_Ilustracije_bele-17.png\" class=\"icon margin-32-bottom icon-image icon-329\" alt=\"\" style=\"font-size:124px;margin-right:px;\" \/><\/span>\n\n\n<h2 class=\"wp-block-heading color-white h3\">Gospodarka o obiegu zamkni\u0119tym i koncepcja \u201ezero waste\u201d<\/h2>\n\n\n\n<p>W Robust kierujemy si\u0119 \u201ekoncepcj\u0105 gospodarki o obiegu zamkni\u0119tym i zero waste\u201d, kt\u00f3ra zosta\u0142a przedstawiona r\u00f3wnie\u017c w drugim zobowi\u0105zaniu dotycz\u0105cym zr\u00f3wnowa\u017conego rozwoju. Opowiadamy si\u0119 za wykorzystaniem materia\u0142\u00f3w pochodz\u0105cych z recyklingu i p\u00f3\u017aniejszym w\u0142\u0105czaniem w struktur\u0119 produktu zr\u00f3wnowa\u017conych komponent\u00f3w, zadbali\u015bmy tak\u017ce o dodatkow\u0105 redukcj\u0119 surowc\u00f3w pierwotnych i zb\u0119dnych opakowa\u0144, a tak\u017ce redukcj\u0119 gaz\u00f3w cieplarnianych podczas produkcji.<\/p>\n\n\n<\/div>\n\n\n\n<\/div>\n\n\n\n    <\/div>\n\n    <\/div>\n\n\n\n\n\n    <div class=\"grid-container\">\n\n    <div id=\"grid-block_2d58b29f0739648662c4edf6e89ec112\" class=\"grid-x grid-margin-x\" >\n        \n<div id=\"cell-block_c133356462b875dc6948e1c21d94329e\" class=\"cell medium-6\" >\n    \n<div id=\"trajnostno-upravljanje\" class=\"wrap medium-max-width-650 color-white\"  >\n    \n<span id=\"icon-block_396b18d9a24b23c858a24fbb48ec33a2\" class=\"icon-wrap icon-block\"><img loading=\"lazy\" decoding=\"async\" width=\"118\" height=\"123\" src=\"https:\/\/www.robust.si\/wp-content\/uploads\/2023\/05\/Robust_Ilustracije_bele-18.png\" class=\"icon margin-32-bottom icon-image icon-328\" alt=\"\" style=\"font-size:124px;margin-right:px;\" \/><\/span>\n\n\n<h2 class=\"wp-block-heading color-white h3\">Koncepcja zr\u00f3wnowa\u017conego zarz\u0105dzania w przedsi\u0119biorstwie<\/h2>\n\n\n<\/div>\n\n\n\n<\/div>\n\n\n\n    <\/div>\n\n    <\/div>\n\n\n\n\n\n    <div class=\"grid-container\">\n\n    <div id=\"grid-block_2d58b29f0739648662c4edf6e89ec112\" class=\"grid-x grid-margin-x\" >\n        \n<div id=\"cell-block_c133356462b875dc6948e1c21d94329e\" class=\"cell medium-6\" >\n    \n<div id=\"wrap-block_95b57881e62a6b792e87a664a5596c11\" class=\"wrap color-white\"  >\n    \n\n<p class=\"medium-no-margin-bottom\">W ramach trzeciego zobowi\u0105zania zr\u00f3wnowa\u017conego rozwoju, kt\u00f3re reprezentuje koncepcj\u0119 zr\u00f3wnowa\u017conego zarz\u0105dzania, w firmie Robust skupiamy si\u0119 na wdra\u017caniu \u015bwiadomo\u015bci znaczenia redukcji emisji CO2 poprzez wzbogacanie z\u0142omu, dlatego oferujemy know-how w zakresie us\u0142ug recyklingu i produkty, a tak\u017ce umo\u017cliwiamy wszystkim zainteresowanym stronom zademonstrowanie recyklingu z\u0142omu w naszym centrum demonstracyjnym w siedzibie firmy. Wsp\u00f3\u0142pracujemy r\u00f3wnie\u017c z Centrum Ponownego U\u017cycia, przekazuj\u0105c u\u017cywane rzeczy, kt\u00f3re mo\u017cna zamieni\u0107 na nowe. W firmie dzia\u0142a tak\u017ce specjalna grupa stymuluj\u0105ca pracownik\u00f3w, kt\u00f3ra w cyklach miesi\u0119cznych zajmuje si\u0119 operacyjnymi procesami redukcji zasob\u00f3w. Obecnie opracowywana jest tak\u017ce koncepcja mobilnego urz\u0105dzenia do podgrzewania biomasy, sk\u0142adaj\u0105cego si\u0119 z zespo\u0142u rozdrabniaj\u0105cego, separatora metali i pieca. W ten spos\u00f3b nagromadzone odpady drzewne, kt\u00f3rymi dysponuje lokalna spo\u0142eczno\u015b\u0107, je\u015bli jest to budynek mieszkalny, mo\u017cna przekszta\u0142ci\u0107 w energi\u0119 do ogrzewania, za pomoc\u0105 kt\u00f3rej nast\u0119pnie budynek jest ogrzewany.<\/p>\n\n\n<\/div>\n\n\n\n<\/div>\n\n\n\n<div id=\"cell-block_b787759bbe2560726e048c031a2ca6dd\" class=\"cell medium-6 large-4 large-offset-2\" >\n    \n<div id=\"wrap-block_95b57881e62a6b792e87a664a5596c11\" class=\"wrap color-white\"  >\n    \n\n<p class=\"no-margin lead\">\u201eCiep\u0142e posi\u0142ki, kt\u00f3re zapewniamy naszym pracownikom, pochodz\u0105 z lokalnego \u015brodowiska, co skutkuje mniejsz\u0105 manipulacj\u0105 transportow\u0105\u201d.&nbsp;<\/p>\n\n\n\n<p class=\"no-margin-bottom margin-24-top font-style-italic\">\u2013 Marko Krajnc, dyrektor Robust d.o.o.<\/p>\n\n\n<\/div>\n\n\n\n<\/div>\n\n\n\n<div id=\"cell-block_84f1b22f3ea6ca76b309363d3b0eaeca\" class=\"cell large-6 large-offset-6\" >\n    \n<div id=\"vzpodbujanje-trajnosti\" class=\"wrap margin-32-top medium-margin-medium-top color-white\"  >\n    \n<span id=\"icon-block_1a882df6fe79a2fb35fe568ae54b3880\" class=\"icon-wrap icon-block\"><img loading=\"lazy\" decoding=\"async\" width=\"149\" height=\"94\" src=\"https:\/\/www.robust.si\/wp-content\/uploads\/2023\/06\/Robust_Ilustracije_bele-19-1.png\" class=\"icon margin-32-bottom icon-image icon-2438\" alt=\"\" style=\"font-size:94px;margin-right:px;\" \/><\/span>\n\n\n<h2 class=\"wp-block-heading color-white h3\">Promowanie zr\u00f3wnowa\u017conego rozwoju<\/h2>\n\n\n\n<p class=\"no-margin-bottom\">Robust w czwartym zobowi\u0105zaniu zr\u00f3wnowa\u017conego rozwoju, jako dalsze cele proponuje zaawansowan\u0105 technologicznie produkcj\u0119 i in\u017cynieri\u0119 w zakresie recyklingu odpad\u00f3w, kt\u00f3re umo\u017cliwiaj\u0105 firmom przej\u015bcie na gospodark\u0119 o obiegu zamkni\u0119tym oraz pod\u0105\u017canie za koncepcj\u0105 \u201ezero waste\u201d z wysok\u0105 warto\u015bci\u0105 dodan\u0105. Przysz\u0142o\u015b\u0107 widzimy w przekszta\u0142caniu bezu\u017cytecznych materia\u0142\u00f3w w co\u015b u\u017cytecznego i warto\u015bciowego, tak\u017ce przy pomocy produkt\u00f3w naszej marki Robust.<\/p>\n\n\n<\/div>\n\n\n\n<\/div>\n\n\n\n    <\/div>\n\n    <\/div>\n\n\n\n\n<\/section>\n\n","protected":false},"excerpt":{"rendered":"","protected":false},"author":26,"featured_media":0,"parent":0,"menu_order":0,"comment_status":"closed","ping_status":"closed","template":"","meta":{"footnotes":""},"acf":[],"yoast_head":"<!-- This site is optimized with the Yoast SEO plugin v20.9 - https:\/\/yoast.com\/wordpress\/plugins\/seo\/ -->\n<title>Trwa\u0142e zobowi\u0105zania - Robust<\/title>\n<meta name=\"description\" content=\"Dzi\u0119ki swojej strategii zr\u00f3wnowa\u017conego rozwoju firma Robust zdecydowanie opowiada si\u0119 za zmianami, niezb\u0119dnymi do dekarbonizacji organizacji i ca\u0142ego spo\u0142ecze\u0144stwa.\" \/>\n<meta name=\"robots\" content=\"index, follow, max-snippet:-1, max-image-preview:large, max-video-preview:-1\" \/>\n<link rel=\"canonical\" href=\"https:\/\/www.robust.si\/pl\/trwale-zobowiazania\/\" \/>\n<meta property=\"og:locale\" content=\"pl_PL\" \/>\n<meta property=\"og:type\" content=\"article\" \/>\n<meta property=\"og:title\" content=\"Trwa\u0142e zobowi\u0105zania - Robust\" \/>\n<meta property=\"og:description\" content=\"Dzi\u0119ki swojej strategii zr\u00f3wnowa\u017conego rozwoju firma Robust zdecydowanie opowiada si\u0119 za zmianami, niezb\u0119dnymi do dekarbonizacji organizacji i ca\u0142ego spo\u0142ecze\u0144stwa.\" \/>\n<meta property=\"og:url\" content=\"https:\/\/www.robust.si\/pl\/trwale-zobowiazania\/\" \/>\n<meta property=\"og:site_name\" content=\"Robust\" \/>\n<meta property=\"article:publisher\" content=\"https:\/\/www.facebook.com\/robustslo\" \/>\n<meta property=\"article:modified_time\" content=\"2025-07-07T15:25:14+00:00\" \/>\n<meta name=\"twitter:card\" content=\"summary_large_image\" \/>\n<meta name=\"twitter:label1\" content=\"Szacowany czas czytania\" \/>\n\t<meta name=\"twitter:data1\" content=\"3 minuty\" \/>\n<script type=\"application\/ld+json\" class=\"yoast-schema-graph\">{\"@context\":\"https:\/\/schema.org\",\"@graph\":[{\"@type\":\"WebPage\",\"@id\":\"https:\/\/www.robust.si\/pl\/trwale-zobowiazania\/\",\"url\":\"https:\/\/www.robust.si\/pl\/trwale-zobowiazania\/\",\"name\":\"Trwa\u0142e zobowi\u0105zania - Robust\",\"isPartOf\":{\"@id\":\"https:\/\/robust.dev.wordpress.optiweb.si\/#website\"},\"datePublished\":\"2023-06-08T11:53:31+00:00\",\"dateModified\":\"2025-07-07T15:25:14+00:00\",\"description\":\"Dzi\u0119ki swojej strategii zr\u00f3wnowa\u017conego rozwoju firma Robust zdecydowanie opowiada si\u0119 za zmianami, niezb\u0119dnymi do dekarbonizacji organizacji i ca\u0142ego spo\u0142ecze\u0144stwa.\",\"breadcrumb\":{\"@id\":\"https:\/\/www.robust.si\/pl\/trwale-zobowiazania\/#breadcrumb\"},\"inLanguage\":\"pl-PL\",\"potentialAction\":[{\"@type\":\"ReadAction\",\"target\":[\"https:\/\/www.robust.si\/pl\/trwale-zobowiazania\/\"]}]},{\"@type\":\"BreadcrumbList\",\"@id\":\"https:\/\/www.robust.si\/pl\/trwale-zobowiazania\/#breadcrumb\",\"itemListElement\":[{\"@type\":\"ListItem\",\"position\":1,\"name\":\"Home\",\"item\":\"https:\/\/www.robust.si\/pl\/\"},{\"@type\":\"ListItem\",\"position\":2,\"name\":\"Trwa\u0142e zobowi\u0105zania\"}]},{\"@type\":\"WebSite\",\"@id\":\"https:\/\/robust.dev.wordpress.optiweb.si\/#website\",\"url\":\"https:\/\/robust.dev.wordpress.optiweb.si\/\",\"name\":\"Robust\",\"description\":\"\",\"publisher\":{\"@id\":\"https:\/\/robust.dev.wordpress.optiweb.si\/#organization\"},\"potentialAction\":[{\"@type\":\"SearchAction\",\"target\":{\"@type\":\"EntryPoint\",\"urlTemplate\":\"https:\/\/robust.dev.wordpress.optiweb.si\/?s={search_term_string}\"},\"query-input\":\"required name=search_term_string\"}],\"inLanguage\":\"pl-PL\"},{\"@type\":\"Organization\",\"@id\":\"https:\/\/robust.dev.wordpress.optiweb.si\/#organization\",\"name\":\"Robust\",\"url\":\"https:\/\/robust.dev.wordpress.optiweb.si\/\",\"logo\":{\"@type\":\"ImageObject\",\"inLanguage\":\"pl-PL\",\"@id\":\"https:\/\/robust.dev.wordpress.optiweb.si\/#\/schema\/logo\/image\/\",\"url\":\"https:\/\/www.robust.si\/wp-content\/uploads\/2025\/07\/Robust_Logotip_Vertikalni_Colour.png\",\"contentUrl\":\"https:\/\/www.robust.si\/wp-content\/uploads\/2025\/07\/Robust_Logotip_Vertikalni_Colour.png\",\"width\":1114,\"height\":660,\"caption\":\"Robust\"},\"image\":{\"@id\":\"https:\/\/robust.dev.wordpress.optiweb.si\/#\/schema\/logo\/image\/\"},\"sameAs\":[\"https:\/\/www.facebook.com\/robustslo\",\"https:\/\/www.linkedin.com\/company\/robust-d-o-o\/\"]}]}<\/script>\n<!-- \/ Yoast SEO plugin. -->","yoast_head_json":{"title":"Trwa\u0142e zobowi\u0105zania - Robust","description":"Dzi\u0119ki swojej strategii zr\u00f3wnowa\u017conego rozwoju firma Robust zdecydowanie opowiada si\u0119 za zmianami, niezb\u0119dnymi do dekarbonizacji organizacji i ca\u0142ego spo\u0142ecze\u0144stwa.","robots":{"index":"index","follow":"follow","max-snippet":"max-snippet:-1","max-image-preview":"max-image-preview:large","max-video-preview":"max-video-preview:-1"},"canonical":"https:\/\/www.robust.si\/pl\/trwale-zobowiazania\/","og_locale":"pl_PL","og_type":"article","og_title":"Trwa\u0142e zobowi\u0105zania - Robust","og_description":"Dzi\u0119ki swojej strategii zr\u00f3wnowa\u017conego rozwoju firma Robust zdecydowanie opowiada si\u0119 za zmianami, niezb\u0119dnymi do dekarbonizacji organizacji i ca\u0142ego spo\u0142ecze\u0144stwa.","og_url":"https:\/\/www.robust.si\/pl\/trwale-zobowiazania\/","og_site_name":"Robust","article_publisher":"https:\/\/www.facebook.com\/robustslo","article_modified_time":"2025-07-07T15:25:14+00:00","twitter_card":"summary_large_image","twitter_misc":{"Szacowany czas czytania":"3 minuty"},"schema":{"@context":"https:\/\/schema.org","@graph":[{"@type":"WebPage","@id":"https:\/\/www.robust.si\/pl\/trwale-zobowiazania\/","url":"https:\/\/www.robust.si\/pl\/trwale-zobowiazania\/","name":"Trwa\u0142e zobowi\u0105zania - Robust","isPartOf":{"@id":"https:\/\/robust.dev.wordpress.optiweb.si\/#website"},"datePublished":"2023-06-08T11:53:31+00:00","dateModified":"2025-07-07T15:25:14+00:00","description":"Dzi\u0119ki swojej strategii zr\u00f3wnowa\u017conego rozwoju firma Robust zdecydowanie opowiada si\u0119 za zmianami, niezb\u0119dnymi do dekarbonizacji organizacji i ca\u0142ego spo\u0142ecze\u0144stwa.","breadcrumb":{"@id":"https:\/\/www.robust.si\/pl\/trwale-zobowiazania\/#breadcrumb"},"inLanguage":"pl-PL","potentialAction":[{"@type":"ReadAction","target":["https:\/\/www.robust.si\/pl\/trwale-zobowiazania\/"]}]},{"@type":"BreadcrumbList","@id":"https:\/\/www.robust.si\/pl\/trwale-zobowiazania\/#breadcrumb","itemListElement":[{"@type":"ListItem","position":1,"name":"Home","item":"https:\/\/www.robust.si\/pl\/"},{"@type":"ListItem","position":2,"name":"Trwa\u0142e zobowi\u0105zania"}]},{"@type":"WebSite","@id":"https:\/\/robust.dev.wordpress.optiweb.si\/#website","url":"https:\/\/robust.dev.wordpress.optiweb.si\/","name":"Robust","description":"","publisher":{"@id":"https:\/\/robust.dev.wordpress.optiweb.si\/#organization"},"potentialAction":[{"@type":"SearchAction","target":{"@type":"EntryPoint","urlTemplate":"https:\/\/robust.dev.wordpress.optiweb.si\/?s={search_term_string}"},"query-input":"required name=search_term_string"}],"inLanguage":"pl-PL"},{"@type":"Organization","@id":"https:\/\/robust.dev.wordpress.optiweb.si\/#organization","name":"Robust","url":"https:\/\/robust.dev.wordpress.optiweb.si\/","logo":{"@type":"ImageObject","inLanguage":"pl-PL","@id":"https:\/\/robust.dev.wordpress.optiweb.si\/#\/schema\/logo\/image\/","url":"https:\/\/www.robust.si\/wp-content\/uploads\/2025\/07\/Robust_Logotip_Vertikalni_Colour.png","contentUrl":"https:\/\/www.robust.si\/wp-content\/uploads\/2025\/07\/Robust_Logotip_Vertikalni_Colour.png","width":1114,"height":660,"caption":"Robust"},"image":{"@id":"https:\/\/robust.dev.wordpress.optiweb.si\/#\/schema\/logo\/image\/"},"sameAs":["https:\/\/www.facebook.com\/robustslo","https:\/\/www.linkedin.com\/company\/robust-d-o-o\/"]}]}},"_links":{"self":[{"href":"https:\/\/www.robust.si\/pl\/wp-json\/wp\/v2\/pages\/13375"}],"collection":[{"href":"https:\/\/www.robust.si\/pl\/wp-json\/wp\/v2\/pages"}],"about":[{"href":"https:\/\/www.robust.si\/pl\/wp-json\/wp\/v2\/types\/page"}],"author":[{"embeddable":true,"href":"https:\/\/www.robust.si\/pl\/wp-json\/wp\/v2\/users\/26"}],"replies":[{"embeddable":true,"href":"https:\/\/www.robust.si\/pl\/wp-json\/wp\/v2\/comments?post=13375"}],"version-history":[{"count":2,"href":"https:\/\/www.robust.si\/pl\/wp-json\/wp\/v2\/pages\/13375\/revisions"}],"predecessor-version":[{"id":21785,"href":"https:\/\/www.robust.si\/pl\/wp-json\/wp\/v2\/pages\/13375\/revisions\/21785"}],"wp:attachment":[{"href":"https:\/\/www.robust.si\/pl\/wp-json\/wp\/v2\/media?parent=13375"}],"curies":[{"name":"wp","href":"https:\/\/api.w.org\/{rel}","templated":true}]}}