{"id":12836,"date":"2023-05-12T08:07:14","date_gmt":"2023-05-12T06:07:14","guid":{"rendered":"https:\/\/robust.dev.wordpress.optiweb.si\/o-nama\/robust-vr\/"},"modified":"2025-07-07T18:02:13","modified_gmt":"2025-07-07T16:02:13","slug":"robust-vr","status":"publish","type":"page","link":"https:\/\/www.robust.si\/hr\/o-nama\/robust-vr\/","title":{"rendered":"Robust VR"},"content":{"rendered":"<section id=\"section-block_732440eda54666e62027ab1021236406\" class=\"section min-height-100-vh display-flex flex-direction-column header-pull header-inverse header-space\" style=\"background-repeat: no-repeat; background-size: cover; background-position: center; background-image: url(https:\/\/www.robust.si\/wp-content\/uploads\/2023\/05\/image-11.png)\" >\n    \n<div id=\"wrap-block_b2359ba8f6815d9823562be71c48b8e4\" class=\"wrap\"  >\n    \n\n    <div class=\"grid-container\">\n\n    <div id=\"grid-block_5ceea54237e75bc5b03df64f7c60945a\" class=\"grid-x\" >\n        \n<div id=\"cell-block_d16f336ae6a04a88b6920592056b6e21\" class=\"cell\" >\n    \n<nav class=\"page-breadcrumb padding-24-bottom\"><a href=\"https:\/\/www.robust.si\/hr\/\">Home<\/a><\/nav>\n\n\n<\/div>\n\n\n\n    <\/div>\n\n    <\/div>\n\n\n\n\n<\/div>\n\n\n\n<div id=\"wrap-block_e4bbc8110f9a501412fbbeb237cc137e\" class=\"wrap margin-auto-top\"  >\n    \n\n    <div class=\"grid-container\">\n\n    <div id=\"grid-block_9851f51a73f09e9837ab13817c839ee0\" class=\"grid-x grid-margin-x\" >\n        \n<div id=\"cell-block_98cc98429666f9960c7d45b26fb33e60\" class=\"cell large-8\" >\n    \n<div id=\"wrap-block_ded52264b5cb7c816f3e47f8faecb8a4\" class=\"wrap medium-min-height-480 padding-xxsmall-bottom medium-padding-medium-bottom color-white\"  >\n    \n\n<h1 class=\"wp-block-heading color-white\">robust vr<\/h1>\n\n\n\n<p class=\"lead\">Dobrodo\u0161li u nadahnjuju\u0107i svijet u kojem se inovacija i kvaliteta spajaju s ekolo\u0161kom odr\u017eivo\u0161\u0107u. Nakon putovanja u virtualni svijet upoznat \u0107ete najnapredniju \u0161umarsku opremu i strojeve za recikliranje koji mijenjaju na\u010din na koji postupamo s prirodnim resursima, kako ponovno koristimo neprirodne materijale i kako brinemo za planet.<\/p>\n\n\n<\/div>\n\n\n\n<\/div>\n\n\n\n    <\/div>\n\n    <\/div>\n\n\n\n\n<\/div>\n\n\n\n<\/section>\n\n\n\n<section id=\"section-block_0c424cec720d7731b6d620503e765779\" class=\"section\"  data-horizontal-text-slide>\n    \n<div id=\"wrap-block_ecea14b2f74635d2fd1e1cd923b763dc\" class=\"wrap text-container\"  >\n    \n\n<p>Upoznajte na\u0161e robne marke<\/p>\n\n\n<\/div>\n\n\n\n<\/section>\n\n\n\n<section id=\"section-block_5811e7b433528c1b84aaf0590fc46633\" class=\"section\"  >\n    \n    <div id=\"slider-block_968442f2b29a516d3272d897bccd80d4\" class=\"scroll-section-wrap\" data-section-scroll>\n        <div class=\"imageContainerAbs\">\n            <div class=\"image-container\">\n                                    <div class=\"scroll-section-img background-secondary\">\n                        <div class=\"figure\">\n                            <img loading=\"lazy\" decoding=\"async\" width=\"802\" height=\"802\" src=\"https:\/\/www.robust.si\/wp-content\/uploads\/2024\/04\/nnt0oaks-1.png\" class=\"attachment- size-\" alt=\"Cepilnik Robust Ranger\" srcset=\"https:\/\/www.robust.si\/wp-content\/uploads\/2024\/04\/nnt0oaks-1.png 802w, https:\/\/www.robust.si\/wp-content\/uploads\/2024\/04\/nnt0oaks-1-600x600.png 600w, https:\/\/www.robust.si\/wp-content\/uploads\/2024\/04\/nnt0oaks-1-300x300.png 300w, https:\/\/www.robust.si\/wp-content\/uploads\/2024\/04\/nnt0oaks-1-150x150.png 150w, https:\/\/www.robust.si\/wp-content\/uploads\/2024\/04\/nnt0oaks-1-768x768.png 768w, https:\/\/www.robust.si\/wp-content\/uploads\/2024\/04\/nnt0oaks-1-376x376.png 376w, https:\/\/www.robust.si\/wp-content\/uploads\/2024\/04\/nnt0oaks-1-650x650.png 650w\" sizes=\"(max-width: 802px) 100vw, 802px\" \/>                        <\/div>\n                    <\/div>\n                                    <div class=\"scroll-section-img background-tertiary\">\n                        <div class=\"figure\">\n                            <img loading=\"lazy\" decoding=\"async\" width=\"1200\" height=\"1200\" src=\"https:\/\/www.robust.si\/wp-content\/uploads\/2023\/05\/SD-900-RCZ-350_Rotacija1002.png\" class=\"attachment- size-\" alt=\"Industrijski drobilnik Robust Reuser SD 900 z Reuser RZC 350\" srcset=\"https:\/\/www.robust.si\/wp-content\/uploads\/2023\/05\/SD-900-RCZ-350_Rotacija1002.png 1200w, https:\/\/www.robust.si\/wp-content\/uploads\/2023\/05\/SD-900-RCZ-350_Rotacija1002-600x600.png 600w, https:\/\/www.robust.si\/wp-content\/uploads\/2023\/05\/SD-900-RCZ-350_Rotacija1002-650x650.png 650w, https:\/\/www.robust.si\/wp-content\/uploads\/2023\/05\/SD-900-RCZ-350_Rotacija1002-150x150.png 150w, https:\/\/www.robust.si\/wp-content\/uploads\/2023\/05\/SD-900-RCZ-350_Rotacija1002-300x300.png 300w, https:\/\/www.robust.si\/wp-content\/uploads\/2023\/05\/SD-900-RCZ-350_Rotacija1002-768x768.png 768w, https:\/\/www.robust.si\/wp-content\/uploads\/2023\/05\/SD-900-RCZ-350_Rotacija1002-1024x1024.png 1024w, https:\/\/www.robust.si\/wp-content\/uploads\/2023\/05\/SD-900-RCZ-350_Rotacija1002-376x376.png 376w\" sizes=\"(max-width: 1200px) 100vw, 1200px\" \/>                        <\/div>\n                    <\/div>\n                                    <div class=\"scroll-section-img background-quaternary\">\n                        <div class=\"figure\">\n                            <img loading=\"lazy\" decoding=\"async\" width=\"1920\" height=\"1080\" src=\"https:\/\/www.robust.si\/wp-content\/uploads\/2023\/11\/ENYOJER-PRODUCTS-by-Robust.png\" class=\"attachment- size-\" alt=\"Obla\u010dila Robust Enjoyer\" srcset=\"https:\/\/www.robust.si\/wp-content\/uploads\/2023\/11\/ENYOJER-PRODUCTS-by-Robust.png 1920w, https:\/\/www.robust.si\/wp-content\/uploads\/2023\/11\/ENYOJER-PRODUCTS-by-Robust-600x338.png 600w, https:\/\/www.robust.si\/wp-content\/uploads\/2023\/11\/ENYOJER-PRODUCTS-by-Robust-650x366.png 650w, https:\/\/www.robust.si\/wp-content\/uploads\/2023\/11\/ENYOJER-PRODUCTS-by-Robust-300x169.png 300w, https:\/\/www.robust.si\/wp-content\/uploads\/2023\/11\/ENYOJER-PRODUCTS-by-Robust-768x432.png 768w, https:\/\/www.robust.si\/wp-content\/uploads\/2023\/11\/ENYOJER-PRODUCTS-by-Robust-1024x576.png 1024w, https:\/\/www.robust.si\/wp-content\/uploads\/2023\/11\/ENYOJER-PRODUCTS-by-Robust-1536x864.png 1536w, https:\/\/www.robust.si\/wp-content\/uploads\/2023\/11\/ENYOJER-PRODUCTS-by-Robust-376x212.png 376w\" sizes=\"(max-width: 1920px) 100vw, 1920px\" \/>                        <\/div>\n                    <\/div>\n                            <\/div>\n        <\/div>\n                    <div class=\"scroll-section \">\n                <div class=\"contain\">\n                    <div class=\"content\">\n                        <img loading=\"lazy\" decoding=\"async\" width=\"203\" height=\"147\" src=\"https:\/\/www.robust.si\/wp-content\/uploads\/2023\/05\/Group-763.png\" class=\"attachment- size-\" alt=\"\" \/>                            <p class=\"caption margin-24-top\">Ostvari. Za\u0161titi. O\u010duvaj.<\/p>\n                                                    <h2 class=\"color-white\">Upoznajte Ranger<\/h2>\n                                                    <p class=\"margin-24-bottom\">Energija prirode na dohvat ruke. S vrhunskom kvalitetom i iznimnom izdr\u017eljivo\u0161\u0107u, na\u0161a \u0161umarska oprema je va\u0161 pouzdani partner u radu s drvetom. Inovativna rje\u0161enja i moderna tehnologija omogu\u0107uju brzo, sigurno i u\u010dinkovito obra\u0111ivanje drveta, daju\u0107i vam slobodu da se posvetite onome \u0161to vam je najva\u017enije.<\/p>\n                                                    <a\n                             href=\"\/hr\/prodajni-program\/ranger\/\"                             class=\"button white hollow has-icon-right\">\n                            Saznajte vi\u0161e                                <svg class=\"icon\">\n                                    <use href=\"\/wp-content\/themes\/robust\/assets\/img\/icons\/symbol-defs.svg#icon-arrow-right\"><\/use>\n                                <\/svg>\n                            <\/a>\n                                            <\/div>\n                <\/div>\n                <div class=\"content-img background-secondary\">\n                    <div class=\"figure\">\n                        <img loading=\"lazy\" decoding=\"async\" width=\"802\" height=\"802\" src=\"https:\/\/www.robust.si\/wp-content\/uploads\/2024\/04\/nnt0oaks-1.png\" class=\"attachment- size-\" alt=\"Cepilnik Robust Ranger\" srcset=\"https:\/\/www.robust.si\/wp-content\/uploads\/2024\/04\/nnt0oaks-1.png 802w, https:\/\/www.robust.si\/wp-content\/uploads\/2024\/04\/nnt0oaks-1-600x600.png 600w, https:\/\/www.robust.si\/wp-content\/uploads\/2024\/04\/nnt0oaks-1-300x300.png 300w, https:\/\/www.robust.si\/wp-content\/uploads\/2024\/04\/nnt0oaks-1-150x150.png 150w, https:\/\/www.robust.si\/wp-content\/uploads\/2024\/04\/nnt0oaks-1-768x768.png 768w, https:\/\/www.robust.si\/wp-content\/uploads\/2024\/04\/nnt0oaks-1-376x376.png 376w, https:\/\/www.robust.si\/wp-content\/uploads\/2024\/04\/nnt0oaks-1-650x650.png 650w\" sizes=\"(max-width: 802px) 100vw, 802px\" \/>                    <\/div>\n                <\/div>\n            <\/div>\n                        <div class=\"scroll-section \">\n                <div class=\"contain\">\n                    <div class=\"content\">\n                        <img loading=\"lazy\" decoding=\"async\" width=\"178\" height=\"130\" src=\"https:\/\/www.robust.si\/wp-content\/uploads\/2023\/06\/Group-578.png\" class=\"attachment- size-\" alt=\"\" \/>                            <p class=\"caption margin-24-top\">Reagiraj. Smanji. Oporavi se.<\/p>\n                                                    <h2 class=\"color-white\">Iskusite kvalitetu Reuser strojeva<\/h2>\n                                                    <p class=\"margin-24-bottom\">Vjerujemo u mo\u0107 transformacije. Na\u0161i industrijski drobilice i ostala oprema za recikla\u017eu preobra\u017eavaju otpad kako bi pomogli poduze\u0107ima smanjiti, ponovno upotrijebiti i dobiti dragocjene resurse. Oslobodite potencijal odba\u010denih materijala i pridru\u017eite se revoluciji. Otkrijte kako mo\u017eete preoblikovati svoje ciljeve odr\u017eivosti uz pomo\u0107 industrijskih drobilica.<\/p>\n                                                    <a\n                             href=\"\/hr\/prodajni-program\/reuser\/\"                             class=\"button white hollow has-icon-right\">\n                            Saznajte vi\u0161e                                <svg class=\"icon\">\n                                    <use href=\"\/wp-content\/themes\/robust\/assets\/img\/icons\/symbol-defs.svg#icon-arrow-right\"><\/use>\n                                <\/svg>\n                            <\/a>\n                                            <\/div>\n                <\/div>\n                <div class=\"content-img background-tertiary\">\n                    <div class=\"figure\">\n                        <img loading=\"lazy\" decoding=\"async\" width=\"1200\" height=\"1200\" src=\"https:\/\/www.robust.si\/wp-content\/uploads\/2023\/05\/SD-900-RCZ-350_Rotacija1002.png\" class=\"attachment- size-\" alt=\"Industrijski drobilnik Robust Reuser SD 900 z Reuser RZC 350\" srcset=\"https:\/\/www.robust.si\/wp-content\/uploads\/2023\/05\/SD-900-RCZ-350_Rotacija1002.png 1200w, https:\/\/www.robust.si\/wp-content\/uploads\/2023\/05\/SD-900-RCZ-350_Rotacija1002-600x600.png 600w, https:\/\/www.robust.si\/wp-content\/uploads\/2023\/05\/SD-900-RCZ-350_Rotacija1002-650x650.png 650w, https:\/\/www.robust.si\/wp-content\/uploads\/2023\/05\/SD-900-RCZ-350_Rotacija1002-150x150.png 150w, https:\/\/www.robust.si\/wp-content\/uploads\/2023\/05\/SD-900-RCZ-350_Rotacija1002-300x300.png 300w, https:\/\/www.robust.si\/wp-content\/uploads\/2023\/05\/SD-900-RCZ-350_Rotacija1002-768x768.png 768w, https:\/\/www.robust.si\/wp-content\/uploads\/2023\/05\/SD-900-RCZ-350_Rotacija1002-1024x1024.png 1024w, https:\/\/www.robust.si\/wp-content\/uploads\/2023\/05\/SD-900-RCZ-350_Rotacija1002-376x376.png 376w\" sizes=\"(max-width: 1200px) 100vw, 1200px\" \/>                    <\/div>\n                <\/div>\n            <\/div>\n                        <div class=\"scroll-section \">\n                <div class=\"contain\">\n                    <div class=\"content\">\n                        <img loading=\"lazy\" decoding=\"async\" width=\"178\" height=\"130\" src=\"https:\/\/www.robust.si\/wp-content\/uploads\/2023\/06\/Group-579-1.png\" class=\"attachment- size-\" alt=\"\" \/>                            <p class=\"caption margin-24-top\">Obogati. Osna\u017ei. Pobolj\u0161aj.<\/p>\n                                                    <h2 class=\"color-white\">Iskusite Enjoyer stil \u017eivota<\/h2>\n                                                    <p class=\"margin-24-bottom\">U\u017eivajte u onome \u0161to radite. Uz modernu opremu i zabavne dodatke, postanite dio zajednice koja vjeruje u transformaciju za bolji svijet. Otkrijte snagu promjena kojima mo\u017eete oblikovati budu\u0107nost.<\/p>\n                                                    <a\n                             href=\"\/hr\/prodajni-program\/enjoyer\/\"                             class=\"button white hollow has-icon-right\">\n                            Saznajte vi\u0161e                                <svg class=\"icon\">\n                                    <use href=\"\/wp-content\/themes\/robust\/assets\/img\/icons\/symbol-defs.svg#icon-arrow-right\"><\/use>\n                                <\/svg>\n                            <\/a>\n                                            <\/div>\n                <\/div>\n                <div class=\"content-img background-quaternary\">\n                    <div class=\"figure\">\n                        <img loading=\"lazy\" decoding=\"async\" width=\"1920\" height=\"1080\" src=\"https:\/\/www.robust.si\/wp-content\/uploads\/2023\/11\/ENYOJER-PRODUCTS-by-Robust.png\" class=\"attachment- size-\" alt=\"Obla\u010dila Robust Enjoyer\" srcset=\"https:\/\/www.robust.si\/wp-content\/uploads\/2023\/11\/ENYOJER-PRODUCTS-by-Robust.png 1920w, https:\/\/www.robust.si\/wp-content\/uploads\/2023\/11\/ENYOJER-PRODUCTS-by-Robust-600x338.png 600w, https:\/\/www.robust.si\/wp-content\/uploads\/2023\/11\/ENYOJER-PRODUCTS-by-Robust-650x366.png 650w, https:\/\/www.robust.si\/wp-content\/uploads\/2023\/11\/ENYOJER-PRODUCTS-by-Robust-300x169.png 300w, https:\/\/www.robust.si\/wp-content\/uploads\/2023\/11\/ENYOJER-PRODUCTS-by-Robust-768x432.png 768w, https:\/\/www.robust.si\/wp-content\/uploads\/2023\/11\/ENYOJER-PRODUCTS-by-Robust-1024x576.png 1024w, https:\/\/www.robust.si\/wp-content\/uploads\/2023\/11\/ENYOJER-PRODUCTS-by-Robust-1536x864.png 1536w, https:\/\/www.robust.si\/wp-content\/uploads\/2023\/11\/ENYOJER-PRODUCTS-by-Robust-376x212.png 376w\" sizes=\"(max-width: 1920px) 100vw, 1920px\" \/>                    <\/div>\n                <\/div>\n            <\/div>\n                <\/div>\n    \n    \n\n<\/section>\n\n\n\n<section id=\"section-block_a382df7aeb3ef4877caecd6b2ac81d83\" class=\"section\" style=\"background-position:center; background-size:cover; background-image: url(https:\/\/www.robust.si\/wp-content\/uploads\/2023\/05\/image_720.png)\" >\n    \n\n    <div class=\"grid-container\">\n\n    <div id=\"grid-block_8ebb1aedb22cc90ca11de5f29a995fca\" class=\"grid-x justify-content-center align-items-center min-height-100-vh\" >\n        \n<div id=\"cell-block_d16f336ae6a04a88b6920592056b6e21\" class=\"cell\" >\n    \n<div id=\"wrap-block_3ef1fc19c94886dc73619262bdc266ab\" class=\"wrap medium-max-width-650 margin-to-center padding-xxsmall-vertical text-center\"  >\n    \n\n<h2 class=\"wp-block-heading color-white\">MI PREOBRA\u017dAVAMO STVARNOST<\/h2>\n\n\n\n <a id=\"button-block_c47a9399d49b3caee776ff16c4fb0330\"class=\"button margin-16-bottom has-icon-right\"href=\"\/hr\/robust-vr\/\"target=\"_blank\">U\u0111ite u VR svijet\n    <svg class=\"icon\"><use href=\"\/wp-content\/themes\/robust\/assets\/img\/icons\/symbol-defs.svg#icon-arrow-right\"><\/use><\/svg><\/a>\n\n\n\n\n<\/div>\n\n\n\n<\/div>\n\n\n\n    <\/div>\n\n    <\/div>\n\n\n\n\n<\/section>\n\n","protected":false},"excerpt":{"rendered":"","protected":false},"author":26,"featured_media":0,"parent":12821,"menu_order":0,"comment_status":"closed","ping_status":"closed","template":"","meta":{"footnotes":""},"acf":[],"yoast_head":"<!-- This site is optimized with the Yoast SEO plugin v20.9 - https:\/\/yoast.com\/wordpress\/plugins\/seo\/ -->\n<title>Robust VR - Robust<\/title>\n<meta name=\"robots\" content=\"index, follow, max-snippet:-1, max-image-preview:large, max-video-preview:-1\" \/>\n<link rel=\"canonical\" href=\"https:\/\/www.robust.si\/hr\/o-nama\/robust-vr\/\" \/>\n<meta property=\"og:locale\" content=\"hr_HR\" \/>\n<meta property=\"og:type\" content=\"article\" \/>\n<meta property=\"og:title\" content=\"Robust VR - Robust\" \/>\n<meta property=\"og:url\" content=\"https:\/\/www.robust.si\/hr\/o-nama\/robust-vr\/\" \/>\n<meta property=\"og:site_name\" content=\"Robust\" \/>\n<meta property=\"article:publisher\" content=\"https:\/\/www.facebook.com\/robustslo\" \/>\n<meta property=\"article:modified_time\" content=\"2025-07-07T16:02:13+00:00\" \/>\n<meta name=\"twitter:card\" content=\"summary_large_image\" \/>\n<script type=\"application\/ld+json\" class=\"yoast-schema-graph\">{\"@context\":\"https:\/\/schema.org\",\"@graph\":[{\"@type\":\"WebPage\",\"@id\":\"https:\/\/www.robust.si\/hr\/o-nama\/robust-vr\/\",\"url\":\"https:\/\/www.robust.si\/hr\/o-nama\/robust-vr\/\",\"name\":\"Robust VR - Robust\",\"isPartOf\":{\"@id\":\"https:\/\/robust.dev.wordpress.optiweb.si\/#website\"},\"datePublished\":\"2023-05-12T06:07:14+00:00\",\"dateModified\":\"2025-07-07T16:02:13+00:00\",\"breadcrumb\":{\"@id\":\"https:\/\/www.robust.si\/hr\/o-nama\/robust-vr\/#breadcrumb\"},\"inLanguage\":\"hr\",\"potentialAction\":[{\"@type\":\"ReadAction\",\"target\":[\"https:\/\/www.robust.si\/hr\/o-nama\/robust-vr\/\"]}]},{\"@type\":\"BreadcrumbList\",\"@id\":\"https:\/\/www.robust.si\/hr\/o-nama\/robust-vr\/#breadcrumb\",\"itemListElement\":[{\"@type\":\"ListItem\",\"position\":1,\"name\":\"Home\",\"item\":\"https:\/\/www.robust.si\/hr\/\"},{\"@type\":\"ListItem\",\"position\":2,\"name\":\"O nama\",\"item\":\"https:\/\/www.robust.si\/hr\/o-nama\/\"},{\"@type\":\"ListItem\",\"position\":3,\"name\":\"Robust VR\"}]},{\"@type\":\"WebSite\",\"@id\":\"https:\/\/robust.dev.wordpress.optiweb.si\/#website\",\"url\":\"https:\/\/robust.dev.wordpress.optiweb.si\/\",\"name\":\"Robust\",\"description\":\"\",\"publisher\":{\"@id\":\"https:\/\/robust.dev.wordpress.optiweb.si\/#organization\"},\"potentialAction\":[{\"@type\":\"SearchAction\",\"target\":{\"@type\":\"EntryPoint\",\"urlTemplate\":\"https:\/\/robust.dev.wordpress.optiweb.si\/?s={search_term_string}\"},\"query-input\":\"required name=search_term_string\"}],\"inLanguage\":\"hr\"},{\"@type\":\"Organization\",\"@id\":\"https:\/\/robust.dev.wordpress.optiweb.si\/#organization\",\"name\":\"Robust\",\"url\":\"https:\/\/robust.dev.wordpress.optiweb.si\/\",\"logo\":{\"@type\":\"ImageObject\",\"inLanguage\":\"hr\",\"@id\":\"https:\/\/robust.dev.wordpress.optiweb.si\/#\/schema\/logo\/image\/\",\"url\":\"https:\/\/www.robust.si\/wp-content\/uploads\/2025\/07\/Robust_Logotip_Vertikalni_Colour.png\",\"contentUrl\":\"https:\/\/www.robust.si\/wp-content\/uploads\/2025\/07\/Robust_Logotip_Vertikalni_Colour.png\",\"width\":1114,\"height\":660,\"caption\":\"Robust\"},\"image\":{\"@id\":\"https:\/\/robust.dev.wordpress.optiweb.si\/#\/schema\/logo\/image\/\"},\"sameAs\":[\"https:\/\/www.facebook.com\/robustslo\",\"https:\/\/www.linkedin.com\/company\/robust-d-o-o\/\"]}]}<\/script>\n<!-- \/ Yoast SEO plugin. -->","yoast_head_json":{"title":"Robust VR - Robust","robots":{"index":"index","follow":"follow","max-snippet":"max-snippet:-1","max-image-preview":"max-image-preview:large","max-video-preview":"max-video-preview:-1"},"canonical":"https:\/\/www.robust.si\/hr\/o-nama\/robust-vr\/","og_locale":"hr_HR","og_type":"article","og_title":"Robust VR - Robust","og_url":"https:\/\/www.robust.si\/hr\/o-nama\/robust-vr\/","og_site_name":"Robust","article_publisher":"https:\/\/www.facebook.com\/robustslo","article_modified_time":"2025-07-07T16:02:13+00:00","twitter_card":"summary_large_image","schema":{"@context":"https:\/\/schema.org","@graph":[{"@type":"WebPage","@id":"https:\/\/www.robust.si\/hr\/o-nama\/robust-vr\/","url":"https:\/\/www.robust.si\/hr\/o-nama\/robust-vr\/","name":"Robust VR - Robust","isPartOf":{"@id":"https:\/\/robust.dev.wordpress.optiweb.si\/#website"},"datePublished":"2023-05-12T06:07:14+00:00","dateModified":"2025-07-07T16:02:13+00:00","breadcrumb":{"@id":"https:\/\/www.robust.si\/hr\/o-nama\/robust-vr\/#breadcrumb"},"inLanguage":"hr","potentialAction":[{"@type":"ReadAction","target":["https:\/\/www.robust.si\/hr\/o-nama\/robust-vr\/"]}]},{"@type":"BreadcrumbList","@id":"https:\/\/www.robust.si\/hr\/o-nama\/robust-vr\/#breadcrumb","itemListElement":[{"@type":"ListItem","position":1,"name":"Home","item":"https:\/\/www.robust.si\/hr\/"},{"@type":"ListItem","position":2,"name":"O nama","item":"https:\/\/www.robust.si\/hr\/o-nama\/"},{"@type":"ListItem","position":3,"name":"Robust VR"}]},{"@type":"WebSite","@id":"https:\/\/robust.dev.wordpress.optiweb.si\/#website","url":"https:\/\/robust.dev.wordpress.optiweb.si\/","name":"Robust","description":"","publisher":{"@id":"https:\/\/robust.dev.wordpress.optiweb.si\/#organization"},"potentialAction":[{"@type":"SearchAction","target":{"@type":"EntryPoint","urlTemplate":"https:\/\/robust.dev.wordpress.optiweb.si\/?s={search_term_string}"},"query-input":"required name=search_term_string"}],"inLanguage":"hr"},{"@type":"Organization","@id":"https:\/\/robust.dev.wordpress.optiweb.si\/#organization","name":"Robust","url":"https:\/\/robust.dev.wordpress.optiweb.si\/","logo":{"@type":"ImageObject","inLanguage":"hr","@id":"https:\/\/robust.dev.wordpress.optiweb.si\/#\/schema\/logo\/image\/","url":"https:\/\/www.robust.si\/wp-content\/uploads\/2025\/07\/Robust_Logotip_Vertikalni_Colour.png","contentUrl":"https:\/\/www.robust.si\/wp-content\/uploads\/2025\/07\/Robust_Logotip_Vertikalni_Colour.png","width":1114,"height":660,"caption":"Robust"},"image":{"@id":"https:\/\/robust.dev.wordpress.optiweb.si\/#\/schema\/logo\/image\/"},"sameAs":["https:\/\/www.facebook.com\/robustslo","https:\/\/www.linkedin.com\/company\/robust-d-o-o\/"]}]}},"_links":{"self":[{"href":"https:\/\/www.robust.si\/hr\/wp-json\/wp\/v2\/pages\/12836"}],"collection":[{"href":"https:\/\/www.robust.si\/hr\/wp-json\/wp\/v2\/pages"}],"about":[{"href":"https:\/\/www.robust.si\/hr\/wp-json\/wp\/v2\/types\/page"}],"author":[{"embeddable":true,"href":"https:\/\/www.robust.si\/hr\/wp-json\/wp\/v2\/users\/26"}],"replies":[{"embeddable":true,"href":"https:\/\/www.robust.si\/hr\/wp-json\/wp\/v2\/comments?post=12836"}],"version-history":[{"count":5,"href":"https:\/\/www.robust.si\/hr\/wp-json\/wp\/v2\/pages\/12836\/revisions"}],"predecessor-version":[{"id":21815,"href":"https:\/\/www.robust.si\/hr\/wp-json\/wp\/v2\/pages\/12836\/revisions\/21815"}],"up":[{"embeddable":true,"href":"https:\/\/www.robust.si\/hr\/wp-json\/wp\/v2\/pages\/12821"}],"wp:attachment":[{"href":"https:\/\/www.robust.si\/hr\/wp-json\/wp\/v2\/media?parent=12836"}],"curies":[{"name":"wp","href":"https:\/\/api.w.org\/{rel}","templated":true}]}}