{"id":12828,"date":"2023-05-11T10:03:21","date_gmt":"2023-05-11T08:03:21","guid":{"rendered":"https:\/\/robust.dev.wordpress.optiweb.si\/kontakt\/"},"modified":"2025-11-14T11:28:57","modified_gmt":"2025-11-14T09:28:57","slug":"kontakt","status":"publish","type":"page","link":"https:\/\/www.robust.si\/hr\/kontakt\/","title":{"rendered":"Kontakt"},"content":{"rendered":"<section id=\"section-block_93aaa885f1f88b3e1dc1624a3894a0a3\" class=\"section min-height-100-vh display-flex flex-direction-column header-pull header-inverse header-space\" style=\"background-repeat: no-repeat; background-size: cover; background-position: center; background-image: url(https:\/\/www.robust.si\/wp-content\/uploads\/2023\/05\/contact.png)\" >\n    \n<div id=\"wrap-block_a54e2a3ae720026eb376bc6d11fc9f49\" class=\"wrap\"  >\n    \n\n    <div class=\"grid-container\">\n\n    <div id=\"grid-block_8ccb90b49330b07d7c0be78e332d0612\" class=\"grid-x\" >\n        \n<div id=\"cell-block_ae144f3ba5b669c97cc47bbc2f637b0d\" class=\"cell\" >\n    \n<nav class=\"page-breadcrumb padding-24-bottom\"><a href=\"https:\/\/www.robust.si\/hr\/\">Home<\/a><\/nav>\n\n\n<\/div>\n\n\n\n    <\/div>\n\n    <\/div>\n\n\n\n\n<\/div>\n\n\n\n<div id=\"wrap-block_9571d63c29a3ca0e730b4245ad0f99e7\" class=\"wrap margin-auto-top\"  >\n    \n\n    <div class=\"grid-container\">\n\n    <div id=\"grid-block_7a0e03bca869f65bd1dc76ea0085d3ff\" class=\"grid-x grid-margin-x\" >\n        \n<div id=\"cell-block_ea633f0aff8238f7b69323f1ba7a45be\" class=\"cell large-7\" >\n    \n<div id=\"wrap-block_3d3e188f0c8524019643e3fc6d7e1995\" class=\"wrap medium-min-height-480 padding-xxsmall-bottom medium-padding-medium-bottom color-white\"  >\n    \n\n<h1 class=\"wp-block-heading color-white\">kontakt<\/h1>\n\n\n\n<p class=\"lead\">\u201e<strong>Uzmite stvar u svoje ruke!<\/strong>\u201c <\/p>\n\n\n\n<p class=\"lead\">Stupite u kontakt s nama bilo da se radi o pitanjima vezanim uz na\u0161e proizvode \u0161umarske opreme i strojeve za recikliranje otpada \u2013 ili kada trebate tehni\u010dku podr\u0161ku za svoj stroj.<\/p>\n\n\n<\/div>\n\n\n\n<\/div>\n\n\n\n    <\/div>\n\n    <\/div>\n\n\n\n\n<\/div>\n\n\n\n<\/section>\n\n\n\n<section id=\"section-block_ab95c0297ae85f3716a4c55df0862083\" class=\"section padding-xxsmall-vertical medium-padding-medium-vertical\"  data-horizontal-border='{\"position\":\"top\"}'>\n    \n\n    <div class=\"grid-container\">\n\n    <div id=\"grid-block_9a8071b0df9342a31969032321daa560\" class=\"grid-x grid-margin-x grid-margin-y\" >\n        \n<div id=\"cell-block_12dd0cbf9951c408b927fb9b094eb3ce\" class=\"cell medium-4 large-3\" >\n    \n<div id=\"wrap-block_a54e2a3ae720026eb376bc6d11fc9f49\" class=\"wrap\"  >\n    \n\n<h3 class=\"wp-block-heading h4\">komercijala<\/h3>\n\n\n\n<p class=\"no-margin font-weight-bold\">Matja\u017e Erjavec, prodaja<\/p>\n\n\n\n<p class=\"no-margin\">matjaz.erjavec@robust.si<\/p>\n\n\n\n<p class=\"no-margin\">+386 (0)31 312 337<\/p>\n\n\n<\/div>\n\n\n\n<\/div>\n\n\n\n<div id=\"cell-block_12dd0cbf9951c408b927fb9b094eb3ce\" class=\"cell medium-4 large-3\" >\n    \n<div id=\"wrap-block_a54e2a3ae720026eb376bc6d11fc9f49\" class=\"wrap\"  >\n    \n\n<h3 class=\"wp-block-heading h4\">Podr\u0161ka<\/h3>\n\n\n\n<p class=\"no-margin font-weight-bold\">Sergej Gaji\u0107, tehni\u010dka podr\u0161ka<\/p>\n\n\n\n<p class=\"no-margin\">podpora@robust.si<\/p>\n\n\n\n<p class=\"no-margin\">+386 (0)51 658 787<\/p>\n\n\n<\/div>\n\n\n\n<\/div>\n\n\n\n<div id=\"cell-block_12dd0cbf9951c408b927fb9b094eb3ce\" class=\"cell medium-4 large-3\" >\n    \n<div id=\"wrap-block_744e826b87c24b1a2499b32aa1a5c0dd\" class=\"wrap margin-24-bottom\"  >\n    \n\n<h3 class=\"wp-block-heading h4\">Rukovodstvo<\/h3>\n\n\n\n<p class=\"no-margin font-weight-bold\">Marko Perak, komercijalni direktor<\/p>\n\n\n\n<p class=\"no-margin\">marko.perak@robust.si<\/p>\n\n\n\n<p class=\"no-margin\">+386 (0)51 317 141<\/p>\n\n\n<\/div>\n\n\n\n\n<p class=\"no-margin font-weight-bold\"><\/p>\n\n\n<\/div>\n\n\n\n<div id=\"cell-block_12dd0cbf9951c408b927fb9b094eb3ce\" class=\"cell medium-4 large-3\" >\n    \n<div id=\"wrap-block_a54e2a3ae720026eb376bc6d11fc9f49\" class=\"wrap\"  >\n    \n\n<h3 class=\"wp-block-heading h4\">Marketing<\/h3>\n\n\n\n<p class=\"no-margin font-weight-bold\">Luka Vider, marketing<\/p>\n\n\n\n<p class=\"no-margin\">marketing@robust.si<\/p>\n\n\n\n<p class=\"no-margin\">+386 (0)31 819 788<\/p>\n\n\n<\/div>\n\n\n\n<\/div>\n\n\n\n    <\/div>\n\n    <\/div>\n\n\n\n\n<\/section>\n\n\n\n<section id=\"section-block_ab95c0297ae85f3716a4c55df0862083\" class=\"section padding-xxsmall-vertical medium-padding-medium-vertical\"  data-horizontal-border='{\"position\":\"top\"}'>\n    \n\n    <div class=\"grid-container\">\n\n    <div id=\"grid-block_cc03c31ecfb6b0f88f57c0ea2f0a12d8\" class=\"grid-x grid-padding-x grid-margin-y\" >\n        \n<div id=\"cell-block_2948d151ea86e1cb9a8bbd6655a51a5d\" class=\"cell medium-5 large-4\" >\n    \n<div id=\"wrap-block_a54e2a3ae720026eb376bc6d11fc9f49\" class=\"wrap\"  >\n    \n\n<h2 class=\"wp-block-heading small\">KONTAKT<\/h2>\n\n\n\n<p>Ako je rije\u010d o tehni\u010dkoj pomo\u0107i na stroju, osim&nbsp;<strong>detaljnog opisa tehni\u010dkog problema<\/strong> molimo vas da nam&nbsp;<strong>dostavite i model stroja, serijski broj, broj radnih sati&nbsp;<\/strong>(ako stroj to dopu\u0161ta)<strong>&nbsp;i godinu proizvodnje.<\/strong><\/p>\n\n\n<div id=\"wrap-block_ed7e04e887033ef8341b5495e3ee41c1\" class=\"wrap\"  >\n    \n\n<p class=\"no-margin font-weight-bold\">Telefon<\/p>\n\n\n\n<p class=\"no-margin\">+386 (0)3 703 88 30<\/p>\n\n\n\n<p>+386 (0)3 703 88 30<\/p>\n\n\n<\/div>\n\n\n\n<div id=\"wrap-block_ed7e04e887033ef8341b5495e3ee41c1\" class=\"wrap\"  >\n    \n\n<p class=\"no-margin font-weight-bold\">E-mail adresa<\/p>\n\n\n\n<p>info@robust.si<\/p>\n\n\n<\/div>\n\n\n\n<div id=\"wrap-block_ed7e04e887033ef8341b5495e3ee41c1\" class=\"wrap\"  >\n    \n\n<p class=\"no-margin font-weight-bold\">Lokacija<\/p>\n\n\n\n<p>Arja vas 105, 3301 Petrov\u010de, Slovenija<\/p>\n\n\n<\/div>\n\n\n\n<div id=\"wrap-block_ed7e04e887033ef8341b5495e3ee41c1\" class=\"wrap\"  >\n    \n\n<p class=\"no-margin font-weight-bold\">Radno vrijeme<\/p>\n\n\n\n<p>Od ponedjeljka do petka izme\u0111u 7 i 15 sati<\/p>\n\n\n<\/div>\n\n\n\n<\/div>\n\n\n\n<\/div>\n\n\n\n<div id=\"cell-block_e8e18b28936f932e75ab0545851dde21\" class=\"cell medium-7 large-8\" >\n    \n\n<div class=\"wpcf7 no-js\" id=\"wpcf7-f14673-o1\" lang=\"hr\" dir=\"ltr\">\n<div class=\"screen-reader-response\"><p role=\"status\" aria-live=\"polite\" aria-atomic=\"true\"><\/p> <ul><\/ul><\/div>\n<form action=\"\/hr\/wp-json\/wp\/v2\/pages\/12828#wpcf7-f14673-o1\" method=\"post\" class=\"wpcf7-form init use-floating-validation-tip\" aria-label=\"Contact form\" novalidate=\"novalidate\" data-status=\"init\">\n<div style=\"display: none;\">\n<input type=\"hidden\" name=\"_wpcf7\" value=\"14673\" \/>\n<input type=\"hidden\" name=\"_wpcf7_version\" value=\"5.8.7\" \/>\n<input type=\"hidden\" name=\"_wpcf7_locale\" value=\"hr\" \/>\n<input type=\"hidden\" name=\"_wpcf7_unit_tag\" value=\"wpcf7-f14673-o1\" \/>\n<input type=\"hidden\" name=\"_wpcf7_container_post\" value=\"0\" \/>\n<input type=\"hidden\" name=\"_wpcf7_posted_data_hash\" value=\"\" \/>\n<input type=\"hidden\" name=\"_wpcf7cf_hidden_group_fields\" value=\"[]\" \/>\n<input type=\"hidden\" name=\"_wpcf7cf_hidden_groups\" value=\"[]\" \/>\n<input type=\"hidden\" name=\"_wpcf7cf_visible_groups\" value=\"[]\" \/>\n<input type=\"hidden\" name=\"_wpcf7cf_repeaters\" value=\"[]\" \/>\n<input type=\"hidden\" name=\"_wpcf7cf_steps\" value=\"{}\" \/>\n<input type=\"hidden\" name=\"_wpcf7cf_options\" value=\"{&quot;form_id&quot;:14673,&quot;conditions&quot;:[{&quot;then_field&quot;:&quot;group-pravna-osoba&quot;,&quot;and_rules&quot;:[{&quot;if_field&quot;:&quot;rbtOseba&quot;,&quot;operator&quot;:&quot;equals&quot;,&quot;if_value&quot;:&quot;Pravno lice&quot;},{&quot;if_field&quot;:&quot;my_option&quot;,&quot;operator&quot;:&quot;equals&quot;,&quot;if_value&quot;:&quot;Tehni\\u010dka podr\\u0161ka i servis&quot;}]},{&quot;then_field&quot;:&quot;group-fizicka-osoba&quot;,&quot;and_rules&quot;:[{&quot;if_field&quot;:&quot;rbtOseba&quot;,&quot;operator&quot;:&quot;equals&quot;,&quot;if_value&quot;:&quot;Fizi\\u010dko lice&quot;},{&quot;if_field&quot;:&quot;my_option&quot;,&quot;operator&quot;:&quot;equals&quot;,&quot;if_value&quot;:&quot;Tehni\\u010dka podr\\u0161ka i servis&quot;}]},{&quot;then_field&quot;:&quot;group-pravna-osoba-info&quot;,&quot;and_rules&quot;:[{&quot;if_field&quot;:&quot;my_option&quot;,&quot;operator&quot;:&quot;equals&quot;,&quot;if_value&quot;:&quot;Op\\u0107e informacije&quot;},{&quot;if_field&quot;:&quot;rbtOseba&quot;,&quot;operator&quot;:&quot;equals&quot;,&quot;if_value&quot;:&quot;Pravno lice&quot;}]},{&quot;then_field&quot;:&quot;group-pravna-osoba-info&quot;,&quot;and_rules&quot;:[{&quot;if_field&quot;:&quot;my_option&quot;,&quot;operator&quot;:&quot;equals&quot;,&quot;if_value&quot;:&quot;Produktne informacije&quot;},{&quot;if_field&quot;:&quot;rbtOseba&quot;,&quot;operator&quot;:&quot;equals&quot;,&quot;if_value&quot;:&quot;Pravno lice&quot;}]}],&quot;settings&quot;:{&quot;animation&quot;:&quot;yes&quot;,&quot;animation_intime&quot;:200,&quot;animation_outtime&quot;:200,&quot;conditions_ui&quot;:&quot;normal&quot;,&quot;notice_dismissed&quot;:false,&quot;notice_dismissed_update-cf7-5.8.1&quot;:true,&quot;notice_dismissed_rollback-cf7-5.8.6&quot;:true}}\" \/>\n<\/div>\n<div class=\"grid-x grid-padding-x\">\n    <div class=\"medium-6 cell\">\n        <div class=\"form-row\">\n            <span class=\"wpcf7-form-control-wrap\" data-name=\"firstname\"><input size=\"40\" class=\"wpcf7-form-control wpcf7-text\" aria-invalid=\"false\" placeholder=\"Ime\" value=\"\" type=\"text\" name=\"firstname\" \/><\/span>\n        <\/div>\n    <\/div>\n\n    <div class=\"medium-6 cell\">\n        <div class=\"form-row\">\n            <span class=\"wpcf7-form-control-wrap\" data-name=\"lastname\"><input size=\"40\" class=\"wpcf7-form-control wpcf7-text\" aria-invalid=\"false\" placeholder=\"Prezime\" value=\"\" type=\"text\" name=\"lastname\" \/><\/span>\n        <\/div>\n    <\/div>\n\n    <div class=\"medium-6 cell\">\n        <div class=\"form-row\">\n            <span class=\"wpcf7-form-control-wrap\" data-name=\"email\"><input size=\"40\" class=\"wpcf7-form-control wpcf7-email wpcf7-validates-as-required wpcf7-text wpcf7-validates-as-email\" aria-required=\"true\" aria-invalid=\"false\" placeholder=\"Email*\" value=\"\" type=\"email\" name=\"email\" \/><\/span>\n        <\/div>\n    <\/div>\n\n    <div class=\"medium-6 cell\">\n        <div class=\"form-row\">\n            <span class=\"wpcf7-form-control-wrap\" data-name=\"telephone\"><input size=\"40\" class=\"wpcf7-form-control wpcf7-text\" aria-invalid=\"false\" placeholder=\"Broj telefona\" value=\"\" type=\"text\" name=\"telephone\" \/><\/span>\n        <\/div>\n    <\/div>\n\n    <div class=\"cell medium-6\">\n        <div class=\"form-row\">\n            <span class=\"wpcf7-form-control-wrap\" data-name=\"my_option\"><select class=\"wpcf7-form-control wpcf7-select\" aria-invalid=\"false\" name=\"my_option\"><option value=\"\">\u2014Zanimam se za\u2014<\/option><option value=\"Op\u0107e informacije\">Op\u0107e informacije<\/option><option value=\"Produktne informacije\">Produktne informacije<\/option><option value=\"Tehni\u010dka podr\u0161ka i servis\">Tehni\u010dka podr\u0161ka i servis<\/option><\/select><\/span>\n        <\/div>\n    <\/div>\n\n    <div class=\"cell\">\n        <div class=\"form-row\">\n            <span class=\"wpcf7-form-control-wrap\" data-name=\"rbtOseba\"><span class=\"wpcf7-form-control wpcf7-radio\"><span class=\"wpcf7-list-item first last\"><input type=\"radio\" name=\"rbtOseba\" value=\"Fizi\u010dko lice\" checked=\"checked\" \/><span class=\"wpcf7-list-item-label\">Fizi\u010dko lice<\/span><\/span><\/span><\/span>\n        <\/div>\n    <\/div>\n    <div class=\"cell rbtChange cbr-wrap\" data-cbr-target=\".rbtChange\" data-cbr-toggle-class=\"display-block\">\n        <div class=\"form-row\">\n            <span class=\"wpcf7-form-control-wrap\" data-name=\"rbtOseba\"><span class=\"wpcf7-form-control wpcf7-radio\"><span class=\"wpcf7-list-item first last\"><input type=\"radio\" name=\"rbtOseba\" value=\"Pravno lice\" \/><span class=\"wpcf7-list-item-label\">Pravno lice<\/span><\/span><\/span><\/span>\n        <\/div>\n    <\/div>\n\n    <div class=\"cell\">\n        <div data-id=\"group-pravna-osoba\" data-orig_data_id=\"group-pravna-osoba\"  data-class=\"wpcf7cf_group\">\n            <div class=\"grid-x grid-margin-x\">\n                <div class=\"medium-6 cell\">\n                    <div id=\"test1\" class=\"form-row\">\n                        <span class=\"wpcf7-form-control-wrap\" data-name=\"podjetje\"><input size=\"40\" class=\"wpcf7-form-control wpcf7-text wpcf7-validates-as-required\" aria-required=\"true\" aria-invalid=\"false\" placeholder=\"Tvrtka*\" value=\"\" type=\"text\" name=\"podjetje\" \/><\/span>\n                    <\/div>\n                <\/div>\n\n                <div class=\"medium-6 cell\">\n                    <div class=\"form-row\">\n                        <span class=\"wpcf7-form-control-wrap\" data-name=\"serjska\"><input size=\"40\" class=\"wpcf7-form-control wpcf7-text wpcf7-validates-as-required\" aria-required=\"true\" aria-invalid=\"false\" placeholder=\"Serijski broj*\" value=\"\" type=\"text\" name=\"serjska\" \/><\/span>\n                    <\/div>\n                <\/div>\n\n                <div class=\"medium-6 cell\">\n                    <div class=\"form-row\">\n                        <span class=\"wpcf7-form-control-wrap\" data-name=\"stevilo\"><input size=\"40\" class=\"wpcf7-form-control wpcf7-text wpcf7-validates-as-required\" aria-required=\"true\" aria-invalid=\"false\" placeholder=\"Broj radnih sati*\" value=\"\" type=\"text\" name=\"stevilo\" \/><\/span>\n                    <\/div>\n                <\/div>\n\n                <div class=\"medium-6 cell\">\n                    <div class=\"form-row\">\n                        <span class=\"wpcf7-form-control-wrap\" data-name=\"model\"><input size=\"40\" class=\"wpcf7-form-control wpcf7-text wpcf7-validates-as-required\" aria-required=\"true\" aria-invalid=\"false\" placeholder=\"Model stroja*\" value=\"\" type=\"text\" name=\"model\" \/><\/span>\n                    <\/div>\n                <\/div>\n            <\/div>\n        <\/div>\n    <\/div>\n\n    <div class=\"cell\">\n        <div data-id=\"group-pravna-osoba-info\" data-orig_data_id=\"group-pravna-osoba-info\"  data-class=\"wpcf7cf_group\">\n            <div class=\"grid-x grid-margin-x\">\n                <div class=\"medium-6 cell\">\n                    <div id=\"test1\" class=\"form-row\">\n                        <span class=\"wpcf7-form-control-wrap\" data-name=\"podjetje\"><input size=\"40\" class=\"wpcf7-form-control wpcf7-text wpcf7-validates-as-required\" aria-required=\"true\" aria-invalid=\"false\" placeholder=\"Tvrtka*\" value=\"\" type=\"text\" name=\"podjetje\" \/><\/span>\n                    <\/div>\n                <\/div>\n            <\/div>\n        <\/div>\n    <\/div>\n\n    <div class=\"cell\">\n        <div data-id=\"group-fizicka-osoba\" data-orig_data_id=\"group-fizicka-osoba\"  data-class=\"wpcf7cf_group\">\n            <div class=\"grid-x grid-margin-x\">\n\n                <div class=\"medium-6 cell\">\n                    <div class=\"form-row\">\n                        <span class=\"wpcf7-form-control-wrap\" data-name=\"serjska1\"><input size=\"40\" class=\"wpcf7-form-control wpcf7-text wpcf7-validates-as-required\" aria-required=\"true\" aria-invalid=\"false\" placeholder=\"Serijski broj*\" value=\"\" type=\"text\" name=\"serjska1\" \/><\/span>\n                    <\/div>\n                <\/div>\n\n            <\/div>\n        <\/div>\n    <\/div>\n\n    <div class=\"cell\">\n        <div class=\"form-row\">\n            <span class=\"wpcf7-form-control-wrap\" data-name=\"message\"><textarea cols=\"40\" rows=\"10\" class=\"wpcf7-form-control wpcf7-textarea\" aria-invalid=\"false\" placeholder=\"Dodatne informacije\" name=\"message\"><\/textarea><\/span>\n        <\/div>\n    <\/div>\n\n    <div class=\"cell\">\n        <label class=\"grid-x align-items-center\">\n            <div class=\"cell shrink\">\n                <span class=\"wpcf7-form-control-wrap\" data-name=\"gdpr\"><span class=\"wpcf7-form-control wpcf7-checkbox wpcf7-validates-as-required hide-label\"><span class=\"wpcf7-list-item first last\"><input type=\"checkbox\" name=\"gdpr[]\" value=\"1\" \/><span class=\"wpcf7-list-item-label\">1<\/span><\/span><\/span><\/span>\n            <\/div>\n            <div class=\"cell auto\">\n                <span class=\"color-gray-dark-0-6\">Potvr\u0111ujem da sam upoznat s Politikom privatnosti.<\/span>\n            <\/div>\n        <\/label>\n    <\/div>\n\n    <div class=\"cell\">\n        <div class=\"margin-16-top\">\n           <div id=\"cf7sr-69d742853f938\" class=\"cf7sr-g-recaptcha\" data-theme=\"light\" data-type=\"image\" data-size=\"normal\" data-sitekey=\"6LeKZCIqAAAAAG32E8TeahA3ZYECpnUCM0GS3U7h\"><\/div><span class=\"wpcf7-form-control-wrap cf7sr-recaptcha\" data-name=\"cf7sr-recaptcha\"><input type=\"hidden\" name=\"cf7sr-recaptcha\" value=\"\" class=\"wpcf7-form-control\"><\/span>\n        <\/div>\n    <\/div>\n\n    <div class=\"cell\">\n        <div class=\"form-actions margin-32-top\">\n            <button name=\"submit\" class=\"has-icon-right\">  \nPo\u0161aljite poruku\n                <svg class=\"icon\">\n                    <use href=\"\/wp-content\/themes\/robust\/assets\/img\/icons\/symbol-defs.svg#icon-arrow-link-right\"><\/use>\n                <\/svg>\n            <\/button>\n        <\/div>\n    <\/div>\n<\/div><div class=\"wpcf7-response-output\" aria-hidden=\"true\"><\/div>\n<\/form>\n<\/div>\n\n\n\n<\/div>\n\n\n\n    <\/div>\n\n    <\/div>\n\n\n\n\n<\/section>\n\n","protected":false},"excerpt":{"rendered":"","protected":false},"author":26,"featured_media":0,"parent":0,"menu_order":0,"comment_status":"closed","ping_status":"closed","template":"","meta":{"footnotes":""},"acf":[],"yoast_head":"<!-- This site is optimized with the Yoast SEO plugin v20.9 - https:\/\/yoast.com\/wordpress\/plugins\/seo\/ -->\n<title>Kontakt - Robust<\/title>\n<meta name=\"robots\" content=\"index, follow, max-snippet:-1, max-image-preview:large, max-video-preview:-1\" \/>\n<link rel=\"canonical\" href=\"https:\/\/www.robust.si\/hr\/kontakt\/\" \/>\n<meta property=\"og:locale\" content=\"hr_HR\" \/>\n<meta property=\"og:type\" content=\"article\" \/>\n<meta property=\"og:title\" content=\"Kontakt - Robust\" \/>\n<meta property=\"og:url\" content=\"https:\/\/www.robust.si\/hr\/kontakt\/\" \/>\n<meta property=\"og:site_name\" content=\"Robust\" \/>\n<meta property=\"article:publisher\" content=\"https:\/\/www.facebook.com\/robustslo\" \/>\n<meta property=\"article:modified_time\" content=\"2025-11-14T09:28:57+00:00\" \/>\n<meta name=\"twitter:card\" content=\"summary_large_image\" \/>\n<meta name=\"twitter:label1\" content=\"Procijenjeno vrijeme \u010ditanja\" \/>\n\t<meta name=\"twitter:data1\" content=\"1 minuta\" \/>\n<script type=\"application\/ld+json\" class=\"yoast-schema-graph\">{\"@context\":\"https:\/\/schema.org\",\"@graph\":[{\"@type\":\"WebPage\",\"@id\":\"https:\/\/www.robust.si\/hr\/kontakt\/\",\"url\":\"https:\/\/www.robust.si\/hr\/kontakt\/\",\"name\":\"Kontakt - Robust\",\"isPartOf\":{\"@id\":\"https:\/\/robust.dev.wordpress.optiweb.si\/#website\"},\"datePublished\":\"2023-05-11T08:03:21+00:00\",\"dateModified\":\"2025-11-14T09:28:57+00:00\",\"breadcrumb\":{\"@id\":\"https:\/\/www.robust.si\/hr\/kontakt\/#breadcrumb\"},\"inLanguage\":\"hr\",\"potentialAction\":[{\"@type\":\"ReadAction\",\"target\":[\"https:\/\/www.robust.si\/hr\/kontakt\/\"]}]},{\"@type\":\"BreadcrumbList\",\"@id\":\"https:\/\/www.robust.si\/hr\/kontakt\/#breadcrumb\",\"itemListElement\":[{\"@type\":\"ListItem\",\"position\":1,\"name\":\"Home\",\"item\":\"https:\/\/www.robust.si\/hr\/\"},{\"@type\":\"ListItem\",\"position\":2,\"name\":\"Kontakt\"}]},{\"@type\":\"WebSite\",\"@id\":\"https:\/\/robust.dev.wordpress.optiweb.si\/#website\",\"url\":\"https:\/\/robust.dev.wordpress.optiweb.si\/\",\"name\":\"Robust\",\"description\":\"\",\"publisher\":{\"@id\":\"https:\/\/robust.dev.wordpress.optiweb.si\/#organization\"},\"potentialAction\":[{\"@type\":\"SearchAction\",\"target\":{\"@type\":\"EntryPoint\",\"urlTemplate\":\"https:\/\/robust.dev.wordpress.optiweb.si\/?s={search_term_string}\"},\"query-input\":\"required name=search_term_string\"}],\"inLanguage\":\"hr\"},{\"@type\":\"Organization\",\"@id\":\"https:\/\/robust.dev.wordpress.optiweb.si\/#organization\",\"name\":\"Robust\",\"url\":\"https:\/\/robust.dev.wordpress.optiweb.si\/\",\"logo\":{\"@type\":\"ImageObject\",\"inLanguage\":\"hr\",\"@id\":\"https:\/\/robust.dev.wordpress.optiweb.si\/#\/schema\/logo\/image\/\",\"url\":\"https:\/\/www.robust.si\/wp-content\/uploads\/2025\/07\/Robust_Logotip_Vertikalni_Colour.png\",\"contentUrl\":\"https:\/\/www.robust.si\/wp-content\/uploads\/2025\/07\/Robust_Logotip_Vertikalni_Colour.png\",\"width\":1114,\"height\":660,\"caption\":\"Robust\"},\"image\":{\"@id\":\"https:\/\/robust.dev.wordpress.optiweb.si\/#\/schema\/logo\/image\/\"},\"sameAs\":[\"https:\/\/www.facebook.com\/robustslo\",\"https:\/\/www.linkedin.com\/company\/robust-d-o-o\/\"]}]}<\/script>\n<!-- \/ Yoast SEO plugin. -->","yoast_head_json":{"title":"Kontakt - Robust","robots":{"index":"index","follow":"follow","max-snippet":"max-snippet:-1","max-image-preview":"max-image-preview:large","max-video-preview":"max-video-preview:-1"},"canonical":"https:\/\/www.robust.si\/hr\/kontakt\/","og_locale":"hr_HR","og_type":"article","og_title":"Kontakt - Robust","og_url":"https:\/\/www.robust.si\/hr\/kontakt\/","og_site_name":"Robust","article_publisher":"https:\/\/www.facebook.com\/robustslo","article_modified_time":"2025-11-14T09:28:57+00:00","twitter_card":"summary_large_image","twitter_misc":{"Procijenjeno vrijeme \u010ditanja":"1 minuta"},"schema":{"@context":"https:\/\/schema.org","@graph":[{"@type":"WebPage","@id":"https:\/\/www.robust.si\/hr\/kontakt\/","url":"https:\/\/www.robust.si\/hr\/kontakt\/","name":"Kontakt - Robust","isPartOf":{"@id":"https:\/\/robust.dev.wordpress.optiweb.si\/#website"},"datePublished":"2023-05-11T08:03:21+00:00","dateModified":"2025-11-14T09:28:57+00:00","breadcrumb":{"@id":"https:\/\/www.robust.si\/hr\/kontakt\/#breadcrumb"},"inLanguage":"hr","potentialAction":[{"@type":"ReadAction","target":["https:\/\/www.robust.si\/hr\/kontakt\/"]}]},{"@type":"BreadcrumbList","@id":"https:\/\/www.robust.si\/hr\/kontakt\/#breadcrumb","itemListElement":[{"@type":"ListItem","position":1,"name":"Home","item":"https:\/\/www.robust.si\/hr\/"},{"@type":"ListItem","position":2,"name":"Kontakt"}]},{"@type":"WebSite","@id":"https:\/\/robust.dev.wordpress.optiweb.si\/#website","url":"https:\/\/robust.dev.wordpress.optiweb.si\/","name":"Robust","description":"","publisher":{"@id":"https:\/\/robust.dev.wordpress.optiweb.si\/#organization"},"potentialAction":[{"@type":"SearchAction","target":{"@type":"EntryPoint","urlTemplate":"https:\/\/robust.dev.wordpress.optiweb.si\/?s={search_term_string}"},"query-input":"required name=search_term_string"}],"inLanguage":"hr"},{"@type":"Organization","@id":"https:\/\/robust.dev.wordpress.optiweb.si\/#organization","name":"Robust","url":"https:\/\/robust.dev.wordpress.optiweb.si\/","logo":{"@type":"ImageObject","inLanguage":"hr","@id":"https:\/\/robust.dev.wordpress.optiweb.si\/#\/schema\/logo\/image\/","url":"https:\/\/www.robust.si\/wp-content\/uploads\/2025\/07\/Robust_Logotip_Vertikalni_Colour.png","contentUrl":"https:\/\/www.robust.si\/wp-content\/uploads\/2025\/07\/Robust_Logotip_Vertikalni_Colour.png","width":1114,"height":660,"caption":"Robust"},"image":{"@id":"https:\/\/robust.dev.wordpress.optiweb.si\/#\/schema\/logo\/image\/"},"sameAs":["https:\/\/www.facebook.com\/robustslo","https:\/\/www.linkedin.com\/company\/robust-d-o-o\/"]}]}},"_links":{"self":[{"href":"https:\/\/www.robust.si\/hr\/wp-json\/wp\/v2\/pages\/12828"}],"collection":[{"href":"https:\/\/www.robust.si\/hr\/wp-json\/wp\/v2\/pages"}],"about":[{"href":"https:\/\/www.robust.si\/hr\/wp-json\/wp\/v2\/types\/page"}],"author":[{"embeddable":true,"href":"https:\/\/www.robust.si\/hr\/wp-json\/wp\/v2\/users\/26"}],"replies":[{"embeddable":true,"href":"https:\/\/www.robust.si\/hr\/wp-json\/wp\/v2\/comments?post=12828"}],"version-history":[{"count":5,"href":"https:\/\/www.robust.si\/hr\/wp-json\/wp\/v2\/pages\/12828\/revisions"}],"predecessor-version":[{"id":22639,"href":"https:\/\/www.robust.si\/hr\/wp-json\/wp\/v2\/pages\/12828\/revisions\/22639"}],"wp:attachment":[{"href":"https:\/\/www.robust.si\/hr\/wp-json\/wp\/v2\/media?parent=12828"}],"curies":[{"name":"wp","href":"https:\/\/api.w.org\/{rel}","templated":true}]}}