{"id":12805,"date":"2023-06-08T13:53:31","date_gmt":"2023-06-08T11:53:31","guid":{"rendered":"https:\/\/robust.dev.wordpress.optiweb.si\/odrzive-obveze\/"},"modified":"2025-07-07T17:25:01","modified_gmt":"2025-07-07T15:25:01","slug":"odrzive-obveze","status":"publish","type":"page","link":"https:\/\/www.robust.si\/hr\/odrzive-obveze\/","title":{"rendered":"Odr\u017eive obveze"},"content":{"rendered":"<section id=\"section-block_24bd7db6436cf3a570ba716c09dc9924\" class=\"section background-gray-dark padding-xxsmall-bottom medium-padding-medium-bottom header-pull header-inverse header-space\"  >\n    \n\n    <div class=\"grid-container\">\n\n    <div id=\"grid-block_27d14c4f12cd09332e4e79c4990da2b0\" class=\"grid-x grid-margin-x\" >\n        \n<div id=\"cell-block_67ce1c665d8fefa218dcf5b35735726c\" class=\"cell\" >\n    \n<nav class=\"page-breadcrumb padding-24-bottom\"><a href=\"https:\/\/www.robust.si\/hr\/\">Home<\/a><\/nav>\n\n\n<\/div>\n\n\n\n<div id=\"cell-block_158b48c246dffdf1fe6c844425c9e2c8\" class=\"cell medium-9 large-7\" >\n    \n<div id=\"wrap-block_1a12a9077da44fe1016a7779ad8b8959\" class=\"wrap margin-24-bottom medium-margin-medium-bottom color-white\"  >\n    \n\n<h1 class=\"wp-block-heading color-white h2\">Odr\u017eive obveze<\/h1>\n\n\n\n<p>Odr\u017eivi razvoj omogu\u0107uje prijelaz na zeleniji na\u010din \u017eivota, a istovremeno se fokusira na problematiku iscrpljivanja prirodnih resursa i one\u010di\u0161\u0107enja okoli\u0161a. Svojom strategijom odr\u017eivosti u tvrtki se Robust sna\u017eno zala\u017eemo za promjene nu\u017ene za razuglji\u010denje organizacija i \u0161ireg dru\u0161tva. U tvrtki smo svjesni izravnog utjecaja proizvodnje na okoli\u0161 te da je za odr\u017eivi razvoj potrebno razumno koristiti resurse i, ako je mogu\u0107e, ponovno ih upotrijebiti u proizvodima, \u010dime im produljujemo vijek trajanja.<\/p>\n\n\n<\/div>\n\n\n\n<\/div>\n\n\n\n<div id=\"ogljicna-nevtralnost\" class=\"cell large-7 large-offset-1\" >\n    \n<div id=\"wrap-block_6845a2db34abec91dde3610bc3f221ec\" class=\"wrap margin-32-bottom medium-margin-medium-bottom color-white\"  >\n    \n<span id=\"icon-block_33db59cf5f03d56a02656ce0bec63821\" class=\"icon-wrap icon-block\"><img loading=\"lazy\" decoding=\"async\" width=\"121\" height=\"124\" src=\"https:\/\/www.robust.si\/wp-content\/uploads\/2023\/05\/Robust_Ilustracije_bele-16.png\" class=\"icon margin-32-bottom icon-image icon-330\" alt=\"\" style=\"font-size:124px;margin-right:px;\" \/><\/span>\n\n\n<h2 class=\"wp-block-heading color-white h3\">Uglji\u010dna neutralnost do 2030. godine<\/h2>\n\n\n\n<p>Prvom obvezom \u201eUglji\u010dna neutralnost do 2030.\u201c u tvrtki Robust zakleli smo se na energetsku u\u010dinkovitost i energetsku samodostatnost, smanjenje potro\u0161nje prirodnih resursa kori\u0161tenjem recikliranih materijala te smanjenje potro\u0161nje elektri\u010dne energije i vode u poslovnim prostorima. Osigurali smo i potpuni prelazak na digital kako bi se smanjio uredski materijal i posljedi\u010dna koli\u010dina otpada, a odvajanje otpada u odgovaraju\u0107e spremnike (papir, staklo, plastika i ambala\u017ea) u tvrtki provodimo ve\u0107 neko vrijeme. Poticajima i posebnim akcijama ve\u0107 radimo u smjeru smanjenja uglji\u010dnog otiska po zaposleniku, \u0161to je dovelo i do smanjenja i optimizacije slu\u017ebenih putovanja. \u010cak i hrana koju svojim zaposlenicima nudimo kao topli ru\u010dak dolazi iz lokalne sredine, \u010dime smanjujemo prometnu manipulaciju. U tvrtki se zala\u017eemo za kupnju lokalnih, ekolo\u0161ki odgovornih i certificiranih proizvoda, koji potom postaju dio na\u0161ih strojeva, \u0161to tako\u0111er omogu\u0107uje optimizaciju logisti\u010dkih procesa.<\/p>\n\n\n<\/div>\n\n\n\n<\/div>\n\n\n\n<div id=\"krozno-gospodarstvo\" class=\"cell large-6 large-offset-3\" >\n    \n<div id=\"wrap-block_f3b76319ca128403091de3737b100efa\" class=\"wrap margin-32-bottom medium-margin-medium-bottom color-white\"  >\n    \n<span id=\"icon-block_65a072f720f5bf471b7f1327832fc5c6\" class=\"icon-wrap icon-block\"><img loading=\"lazy\" decoding=\"async\" width=\"116\" height=\"124\" src=\"https:\/\/www.robust.si\/wp-content\/uploads\/2023\/05\/Robust_Ilustracije_bele-17.png\" class=\"icon margin-32-bottom icon-image icon-329\" alt=\"\" style=\"font-size:124px;margin-right:px;\" \/><\/span>\n\n\n<h2 class=\"wp-block-heading color-white h3\">Kru\u017eno gospodarstvo i koncept nultog otpada<\/h2>\n\n\n\n<p>U Robustu se pridr\u017eavamo \u201ekoncepta kru\u017enog gospodarstva i nultog otpada\u201c, \u0161to je tako\u0111er predstavljeno u drugoj obvezi odr\u017eivosti. Zala\u017eemo se za kori\u0161tenje recikliranih materijala i posljedi\u010dnu ugradnju odr\u017eivih komponenti u strukturu proizvoda, a zala\u017eemo se i za dodatno smanjenje primarnih sirovina i suvi\u0161ne ambala\u017ee te smanjenje stakleni\u010dkih plinova tijekom proizvodnje.<\/p>\n\n\n<\/div>\n\n\n\n<\/div>\n\n\n\n    <\/div>\n\n    <\/div>\n\n\n\n\n\n    <div class=\"grid-container\">\n\n    <div id=\"grid-block_27d14c4f12cd09332e4e79c4990da2b0\" class=\"grid-x grid-margin-x\" >\n        \n<div id=\"cell-block_3bc8fb44acf301fa85ab48247176669a\" class=\"cell medium-6\" >\n    \n<div id=\"trajnostno-upravljanje\" class=\"wrap medium-max-width-650 color-white\"  >\n    \n<span id=\"icon-block_48b0113e27855e5329f97e31e98f4d4d\" class=\"icon-wrap icon-block\"><img loading=\"lazy\" decoding=\"async\" width=\"118\" height=\"123\" src=\"https:\/\/www.robust.si\/wp-content\/uploads\/2023\/05\/Robust_Ilustracije_bele-18.png\" class=\"icon margin-32-bottom icon-image icon-328\" alt=\"\" style=\"font-size:124px;margin-right:px;\" \/><\/span>\n\n\n<h2 class=\"wp-block-heading color-white h3\">Koncept odr\u017eivog upravljanja u tvrtki<\/h2>\n\n\n<\/div>\n\n\n\n<\/div>\n\n\n\n    <\/div>\n\n    <\/div>\n\n\n\n\n\n    <div class=\"grid-container\">\n\n    <div id=\"grid-block_27d14c4f12cd09332e4e79c4990da2b0\" class=\"grid-x grid-margin-x\" >\n        \n<div id=\"cell-block_3bc8fb44acf301fa85ab48247176669a\" class=\"cell medium-6\" >\n    \n<div id=\"wrap-block_62bda0e35df43c6c905e2ff61e20f62b\" class=\"wrap color-white\"  >\n    \n\n<p class=\"medium-no-margin-bottom\">U sklopu tre\u0107e obveze odr\u017eivosti, koja predstavlja koncept odr\u017eivog gospodarenja, u tvrtki Robust zala\u017eemo se za implementaciju svijesti o va\u017enosti smanjenja CO2 oplemenjivanjem otpada, stoga nudimo know-how recikla\u017ene usluge i proizvode, a tako\u0111er svim dionicima omogu\u0107ujemo prikaz recikliranja otpada u na\u0161em demo centru u sjedi\u0161tu tvrtke. Sura\u0111ujemo i s Centrom za ponovnu upotrebu kako bi donirali rabljene stvari koje oni mogu pretvoriti u nove. Unutar na\u0161e je tvrtke aktivna i posebna grupa za poticanje zaposlenika koja se na mjese\u010dnoj razini brine o operativnim procesima smanjenja resursa. Tako\u0111er je trenutno u razvoju koncept mobilne jedinice za grijanje na biomasu koja uklju\u010duje jedinicu za drobljenje, separator metala i pe\u0107. Na taj se na\u010din nagomilani drvni otpad iz lokalne zajednice, ako je rije\u010d o stambenoj zgradi, mo\u017ee pretvoriti u energent za grijanje pomo\u0107u kojega se onda grije zgrada.<\/p>\n\n\n<\/div>\n\n\n\n<\/div>\n\n\n\n<div id=\"cell-block_0cd33ead53771c6b1785a53fc73562da\" class=\"cell medium-6 large-4 large-offset-2\" >\n    \n<div id=\"wrap-block_62bda0e35df43c6c905e2ff61e20f62b\" class=\"wrap color-white\"  >\n    \n\n<p class=\"no-margin lead\">\u201eHrana koju svojim zaposlenicima nudimo kao topli ru\u010dak dolazi iz lokalne sredine, \u0161to rezultira manjim prometnim manipulacijama.\u201c&nbsp;<\/p>\n\n\n\n<p class=\"no-margin-bottom margin-24-top font-style-italic\">\u2013 Marko Krajnc, direktor tvrtke Robust d.o.o.<\/p>\n\n\n<\/div>\n\n\n\n<\/div>\n\n\n\n<div id=\"cell-block_adef837f4432b85a8eba1c31f48a3f00\" class=\"cell large-6 large-offset-6\" >\n    \n<div id=\"vzpodbujanje-trajnosti\" class=\"wrap margin-32-top medium-margin-medium-top color-white\"  >\n    \n<span id=\"icon-block_2103de5b9628d3ca5f82470cc4d6cd9c\" class=\"icon-wrap icon-block\"><img loading=\"lazy\" decoding=\"async\" width=\"149\" height=\"94\" src=\"https:\/\/www.robust.si\/wp-content\/uploads\/2023\/06\/Robust_Ilustracije_bele-19-1.png\" class=\"icon margin-32-bottom icon-image icon-2438\" alt=\"\" style=\"font-size:94px;margin-right:px;\" \/><\/span>\n\n\n<h2 class=\"wp-block-heading color-white h3\">Promicanje odr\u017eivosti<\/h2>\n\n\n\n<p class=\"no-margin-bottom\">U tvrtki Robust u svojoj \u010detvrtoj obvezi odr\u017eivosti kao daljnje ciljeve navodimo visokotehnolo\u0161ku proizvodnju i in\u017eenjering u podru\u010dju recikliranja otpada, koji tvrtkama omogu\u0107uju prelazak na kru\u017eno gospodarstvo te pra\u0107enje koncepta nultog otpada s visokom dodanom vrijedno\u0161\u0107u. Budu\u0107nost vidimo u pretvaranju beskorisnih materijala u ne\u0161to korisno i vrijedno, tako\u0111er uz pomo\u0107 proizvoda na\u0161e robne marke Robust.<\/p>\n\n\n<\/div>\n\n\n\n<\/div>\n\n\n\n    <\/div>\n\n    <\/div>\n\n\n\n\n<\/section>\n\n","protected":false},"excerpt":{"rendered":"","protected":false},"author":26,"featured_media":0,"parent":0,"menu_order":0,"comment_status":"closed","ping_status":"closed","template":"","meta":{"footnotes":""},"acf":[],"yoast_head":"<!-- This site is optimized with the Yoast SEO plugin v20.9 - https:\/\/yoast.com\/wordpress\/plugins\/seo\/ -->\n<title>Odr\u017eive obveze - Robust<\/title>\n<meta name=\"description\" content=\"Svojom strategijom odr\u017eivosti tvrtka Robust sna\u017eno se zala\u017ee za promjene nu\u017ene za razuglji\u010denje organizacija i \u0161ireg dru\u0161tva.\" \/>\n<meta name=\"robots\" content=\"index, follow, max-snippet:-1, max-image-preview:large, max-video-preview:-1\" \/>\n<link rel=\"canonical\" href=\"https:\/\/www.robust.si\/hr\/odrzive-obveze\/\" \/>\n<meta property=\"og:locale\" content=\"hr_HR\" \/>\n<meta property=\"og:type\" content=\"article\" \/>\n<meta property=\"og:title\" content=\"Odr\u017eive obveze - Robust\" \/>\n<meta property=\"og:description\" content=\"Svojom strategijom odr\u017eivosti tvrtka Robust sna\u017eno se zala\u017ee za promjene nu\u017ene za razuglji\u010denje organizacija i \u0161ireg dru\u0161tva.\" \/>\n<meta property=\"og:url\" content=\"https:\/\/www.robust.si\/hr\/odrzive-obveze\/\" \/>\n<meta property=\"og:site_name\" content=\"Robust\" \/>\n<meta property=\"article:publisher\" content=\"https:\/\/www.facebook.com\/robustslo\" \/>\n<meta property=\"article:modified_time\" content=\"2025-07-07T15:25:01+00:00\" \/>\n<meta name=\"twitter:card\" content=\"summary_large_image\" \/>\n<meta name=\"twitter:label1\" content=\"Procijenjeno vrijeme \u010ditanja\" \/>\n\t<meta name=\"twitter:data1\" content=\"3 minute\" \/>\n<script type=\"application\/ld+json\" class=\"yoast-schema-graph\">{\"@context\":\"https:\/\/schema.org\",\"@graph\":[{\"@type\":\"WebPage\",\"@id\":\"https:\/\/www.robust.si\/hr\/odrzive-obveze\/\",\"url\":\"https:\/\/www.robust.si\/hr\/odrzive-obveze\/\",\"name\":\"Odr\u017eive obveze - Robust\",\"isPartOf\":{\"@id\":\"https:\/\/robust.dev.wordpress.optiweb.si\/#website\"},\"datePublished\":\"2023-06-08T11:53:31+00:00\",\"dateModified\":\"2025-07-07T15:25:01+00:00\",\"description\":\"Svojom strategijom odr\u017eivosti tvrtka Robust sna\u017eno se zala\u017ee za promjene nu\u017ene za razuglji\u010denje organizacija i \u0161ireg dru\u0161tva.\",\"breadcrumb\":{\"@id\":\"https:\/\/www.robust.si\/hr\/odrzive-obveze\/#breadcrumb\"},\"inLanguage\":\"hr\",\"potentialAction\":[{\"@type\":\"ReadAction\",\"target\":[\"https:\/\/www.robust.si\/hr\/odrzive-obveze\/\"]}]},{\"@type\":\"BreadcrumbList\",\"@id\":\"https:\/\/www.robust.si\/hr\/odrzive-obveze\/#breadcrumb\",\"itemListElement\":[{\"@type\":\"ListItem\",\"position\":1,\"name\":\"Home\",\"item\":\"https:\/\/www.robust.si\/hr\/\"},{\"@type\":\"ListItem\",\"position\":2,\"name\":\"Odr\u017eive obveze\"}]},{\"@type\":\"WebSite\",\"@id\":\"https:\/\/robust.dev.wordpress.optiweb.si\/#website\",\"url\":\"https:\/\/robust.dev.wordpress.optiweb.si\/\",\"name\":\"Robust\",\"description\":\"\",\"publisher\":{\"@id\":\"https:\/\/robust.dev.wordpress.optiweb.si\/#organization\"},\"potentialAction\":[{\"@type\":\"SearchAction\",\"target\":{\"@type\":\"EntryPoint\",\"urlTemplate\":\"https:\/\/robust.dev.wordpress.optiweb.si\/?s={search_term_string}\"},\"query-input\":\"required name=search_term_string\"}],\"inLanguage\":\"hr\"},{\"@type\":\"Organization\",\"@id\":\"https:\/\/robust.dev.wordpress.optiweb.si\/#organization\",\"name\":\"Robust\",\"url\":\"https:\/\/robust.dev.wordpress.optiweb.si\/\",\"logo\":{\"@type\":\"ImageObject\",\"inLanguage\":\"hr\",\"@id\":\"https:\/\/robust.dev.wordpress.optiweb.si\/#\/schema\/logo\/image\/\",\"url\":\"https:\/\/www.robust.si\/wp-content\/uploads\/2025\/07\/Robust_Logotip_Vertikalni_Colour.png\",\"contentUrl\":\"https:\/\/www.robust.si\/wp-content\/uploads\/2025\/07\/Robust_Logotip_Vertikalni_Colour.png\",\"width\":1114,\"height\":660,\"caption\":\"Robust\"},\"image\":{\"@id\":\"https:\/\/robust.dev.wordpress.optiweb.si\/#\/schema\/logo\/image\/\"},\"sameAs\":[\"https:\/\/www.facebook.com\/robustslo\",\"https:\/\/www.linkedin.com\/company\/robust-d-o-o\/\"]}]}<\/script>\n<!-- \/ Yoast SEO plugin. -->","yoast_head_json":{"title":"Odr\u017eive obveze - Robust","description":"Svojom strategijom odr\u017eivosti tvrtka Robust sna\u017eno se zala\u017ee za promjene nu\u017ene za razuglji\u010denje organizacija i \u0161ireg dru\u0161tva.","robots":{"index":"index","follow":"follow","max-snippet":"max-snippet:-1","max-image-preview":"max-image-preview:large","max-video-preview":"max-video-preview:-1"},"canonical":"https:\/\/www.robust.si\/hr\/odrzive-obveze\/","og_locale":"hr_HR","og_type":"article","og_title":"Odr\u017eive obveze - Robust","og_description":"Svojom strategijom odr\u017eivosti tvrtka Robust sna\u017eno se zala\u017ee za promjene nu\u017ene za razuglji\u010denje organizacija i \u0161ireg dru\u0161tva.","og_url":"https:\/\/www.robust.si\/hr\/odrzive-obveze\/","og_site_name":"Robust","article_publisher":"https:\/\/www.facebook.com\/robustslo","article_modified_time":"2025-07-07T15:25:01+00:00","twitter_card":"summary_large_image","twitter_misc":{"Procijenjeno vrijeme \u010ditanja":"3 minute"},"schema":{"@context":"https:\/\/schema.org","@graph":[{"@type":"WebPage","@id":"https:\/\/www.robust.si\/hr\/odrzive-obveze\/","url":"https:\/\/www.robust.si\/hr\/odrzive-obveze\/","name":"Odr\u017eive obveze - Robust","isPartOf":{"@id":"https:\/\/robust.dev.wordpress.optiweb.si\/#website"},"datePublished":"2023-06-08T11:53:31+00:00","dateModified":"2025-07-07T15:25:01+00:00","description":"Svojom strategijom odr\u017eivosti tvrtka Robust sna\u017eno se zala\u017ee za promjene nu\u017ene za razuglji\u010denje organizacija i \u0161ireg dru\u0161tva.","breadcrumb":{"@id":"https:\/\/www.robust.si\/hr\/odrzive-obveze\/#breadcrumb"},"inLanguage":"hr","potentialAction":[{"@type":"ReadAction","target":["https:\/\/www.robust.si\/hr\/odrzive-obveze\/"]}]},{"@type":"BreadcrumbList","@id":"https:\/\/www.robust.si\/hr\/odrzive-obveze\/#breadcrumb","itemListElement":[{"@type":"ListItem","position":1,"name":"Home","item":"https:\/\/www.robust.si\/hr\/"},{"@type":"ListItem","position":2,"name":"Odr\u017eive obveze"}]},{"@type":"WebSite","@id":"https:\/\/robust.dev.wordpress.optiweb.si\/#website","url":"https:\/\/robust.dev.wordpress.optiweb.si\/","name":"Robust","description":"","publisher":{"@id":"https:\/\/robust.dev.wordpress.optiweb.si\/#organization"},"potentialAction":[{"@type":"SearchAction","target":{"@type":"EntryPoint","urlTemplate":"https:\/\/robust.dev.wordpress.optiweb.si\/?s={search_term_string}"},"query-input":"required name=search_term_string"}],"inLanguage":"hr"},{"@type":"Organization","@id":"https:\/\/robust.dev.wordpress.optiweb.si\/#organization","name":"Robust","url":"https:\/\/robust.dev.wordpress.optiweb.si\/","logo":{"@type":"ImageObject","inLanguage":"hr","@id":"https:\/\/robust.dev.wordpress.optiweb.si\/#\/schema\/logo\/image\/","url":"https:\/\/www.robust.si\/wp-content\/uploads\/2025\/07\/Robust_Logotip_Vertikalni_Colour.png","contentUrl":"https:\/\/www.robust.si\/wp-content\/uploads\/2025\/07\/Robust_Logotip_Vertikalni_Colour.png","width":1114,"height":660,"caption":"Robust"},"image":{"@id":"https:\/\/robust.dev.wordpress.optiweb.si\/#\/schema\/logo\/image\/"},"sameAs":["https:\/\/www.facebook.com\/robustslo","https:\/\/www.linkedin.com\/company\/robust-d-o-o\/"]}]}},"_links":{"self":[{"href":"https:\/\/www.robust.si\/hr\/wp-json\/wp\/v2\/pages\/12805"}],"collection":[{"href":"https:\/\/www.robust.si\/hr\/wp-json\/wp\/v2\/pages"}],"about":[{"href":"https:\/\/www.robust.si\/hr\/wp-json\/wp\/v2\/types\/page"}],"author":[{"embeddable":true,"href":"https:\/\/www.robust.si\/hr\/wp-json\/wp\/v2\/users\/26"}],"replies":[{"embeddable":true,"href":"https:\/\/www.robust.si\/hr\/wp-json\/wp\/v2\/comments?post=12805"}],"version-history":[{"count":2,"href":"https:\/\/www.robust.si\/hr\/wp-json\/wp\/v2\/pages\/12805\/revisions"}],"predecessor-version":[{"id":21782,"href":"https:\/\/www.robust.si\/hr\/wp-json\/wp\/v2\/pages\/12805\/revisions\/21782"}],"wp:attachment":[{"href":"https:\/\/www.robust.si\/hr\/wp-json\/wp\/v2\/media?parent=12805"}],"curies":[{"name":"wp","href":"https:\/\/api.w.org\/{rel}","templated":true}]}}