{"id":12697,"date":"2023-09-21T10:12:05","date_gmt":"2023-09-21T08:12:05","guid":{"rendered":"https:\/\/robust.dev.wordpress.optiweb.si\/usluge\/"},"modified":"2025-07-08T09:57:55","modified_gmt":"2025-07-08T07:57:55","slug":"usluge","status":"publish","type":"page","link":"https:\/\/www.robust.si\/hr\/prodajni-program\/usluge\/","title":{"rendered":"Usluge"},"content":{"rendered":"<section id=\"section-block_50f14fae176ca0d512181dac6f6da251\" class=\"section background-gray-dark padding-xxsmall-bottom medium-padding-medium-bottom header-pull header-inverse header-space\"  >\n    \n\n    <div class=\"grid-container\">\n\n    <div id=\"grid-block_6ed4363fe6af3f98085d551f9b2772cc\" class=\"grid-x grid-margin-x\" >\n        \n<div id=\"cell-block_9d8021fb78b27a69bef4b04a10cf0745\" class=\"cell\" >\n    \n<nav class=\"page-breadcrumb padding-24-bottom\"><a href=\"https:\/\/www.robust.si\/hr\/\">Home<\/a><\/nav>\n\n\n<\/div>\n\n\n\n<div id=\"cell-block_1e0109d14a1ca3160e4498fe39d5e8ff\" class=\"cell medium-9 large-7\" >\n    \n<div id=\"wrap-block_ca7a9b921336385b2d81ac304f690025\" class=\"wrap margin-24-bottom medium-margin-medium-bottom color-white\"  >\n    \n\n<h1 class=\"wp-block-heading color-white h2\">Usluge<\/h1>\n\n\n\n<p>Zakora\u010dite u svijet bez kompromisa s na\u0161im uslugama svjetske klase za servis va\u0161eg stroja i potrebe drobljenja. S nama nema mjesta kompromisu, jer vjerujemo u nadstandard i pru\u017eanje iznimne vrijednosti na\u0161im klijentima. Robna marka Robust ne zadovoljava se prosjekom \u2013 na\u0161a je misija pretvoriti va\u0161 izazov u u\u010dinkovito rje\u0161enje.<\/p>\n\n\n<\/div>\n\n\n\n<\/div>\n\n\n\n<div id=\"cell-block_c57a3659ea300e198635c1c9156d2427\" class=\"cell large-7 large-offset-1\" >\n    \n<div id=\"wrap-block_717f135d69ba7e9f8f5826ede297d44d\" class=\"wrap margin-32-bottom medium-margin-medium-bottom color-white\"  >\n    \n\n<h2 class=\"wp-block-heading color-white h3\">Servis strojeva<\/h2>\n\n\n\n<p>Osigurajte besprijekoran rad svojih strojeva. Ne dopustite da vas neo\u010dekivani zastoji zaustave. Uz na\u0161 stru\u010dni tim i vrhunsku tehnologiju jam\u010dimo vam besprijekoran rad va\u0161ih strojeva, \u0161to je klju\u010dno za va\u0161 uspjeh.<\/p>\n\n\n\n<p>Na\u0161 servis strojeva usmjeren je na brzi odaziv, preciznost i pouzdanost.<\/p>\n\n\n\n<p>Tu smo da osiguramo preventivno odr\u017eavanje, popravke i nadogradnje koje \u0107e produljiti \u017eivotni vijek va\u0161e opreme i maksimalno pove\u0107ati va\u0161e ulaganje.<\/p>\n\n\n\n<p>Povjerite nam brigu o svojim strojevima, a mi \u0107emo vam omogu\u0107iti nesmetan rad i maksimalnu produktivnost. <\/p>\n\n\n<\/div>\n\n\n\n\n <a id=\"button-block_776d503a38418e2ea4f90d05f3aa8b27\"class=\"button has-icon-right\"href=\"\/hr\/kontakt\/\">Kontakt\n    <svg class=\"icon\"><use href=\"\/wp-content\/themes\/robust\/assets\/img\/icons\/symbol-defs.svg#icon-arrow-right\"><\/use><\/svg><\/a>\n\n\n\n\n<\/div>\n\n\n\n<div id=\"cell-block_c57a3659ea300e198635c1c9156d2427\" class=\"cell large-7 large-offset-1\" >\n    \n<div id=\"wrap-block_717f135d69ba7e9f8f5826ede297d44d\" class=\"wrap margin-32-bottom medium-margin-medium-bottom color-white\"  >\n    \n<\/div>\n\n\n\n\n<p><\/p>\n\n\n<\/div>\n\n\n\n<div id=\"cell-block_98e017c4c3f8013974ab44a2a5fa158e\" class=\"cell large-6 large-offset-3\" >\n    \n<div id=\"wrap-block_717f135d69ba7e9f8f5826ede297d44d\" class=\"wrap margin-32-bottom medium-margin-medium-bottom color-white\"  >\n    \n\n<h2 class=\"wp-block-heading color-white h3\">Usluga drobljenja<\/h2>\n\n\n\n<p><br>Napravite korak dalje u uporabi svog otpadnog materijala uz usluge drobljenja robne marke Robust. Ukoliko \u017eelite iskoristiti ili smanjiti svoj suvi\u0161ni materijal za daljnju obradu, tu smo da vam ponudimo dvije optimalne metode usluge:<\/p>\n\n\n\n<ol>\n<li><strong>Smanjenje volumena otpada<\/strong>: Na\u0161 vam stru\u010dni tim omogu\u0107uje smanjenje koli\u010dine otpada uz pomo\u0107 naprednih tehnika drobljenja. Bez obzira na vrstu materijala, jam\u010dimo vam u\u010dinkovito i odr\u017eivo smanjenje volumena \u0161to vam omogu\u0107uje u\u0161tedu prostora i optimizaciju procesa.<\/li>\n\n\n\n<li><strong>Priprema otpada za daljnju obradu<\/strong>: Ukoliko \u017eelite svoj otpad pripremiti za daljnju obradu, mi smo prava adresa za vas. S na\u0161im specijaliziranim procesima obrade osiguravamo da je va\u0161 materijal pripremljen u najoptimalnijem obliku za sljede\u0107e korake va\u0161e proizvodnje.<\/li>\n<\/ol>\n\n\n\n<p>Ne dopustite da va\u0161 otpadni materijal ostane neiskori\u0161ten ili nepripremljen. Svojim vam uslugama usitnjavanja omogu\u0107ujemo da maksimalno iskoristite svoje resurse i optimizirate svoje procese. Kontaktirajte nas i dopustite nam da vam pomognemo u postizanju va\u0161ih ciljeva u\u010dinkovitog gospodarenja otpadom.<\/p>\n\n\n<\/div>\n\n\n\n\n <a id=\"button-block_776d503a38418e2ea4f90d05f3aa8b27\"class=\"button has-icon-right\"href=\"\/hr\/kontakt\/\">Kontakt\n    <svg class=\"icon\"><use href=\"\/wp-content\/themes\/robust\/assets\/img\/icons\/symbol-defs.svg#icon-arrow-right\"><\/use><\/svg><\/a>\n\n\n\n\n<\/div>\n\n\n\n    <\/div>\n\n    <\/div>\n\n\n\n\n\n    <div class=\"grid-container\">\n\n    <div id=\"grid-block_6ed4363fe6af3f98085d551f9b2772cc\" class=\"grid-x grid-margin-x\" >\n        \n<div id=\"cell-block_e315fd6458a027507b8ba062561f57a5\" class=\"cell medium-6\" >\n    \n<\/div>\n\n\n\n<div id=\"cell-block_d5de1a8b5c40c16909814c5eb35e882e\" class=\"cell medium-6 large-4 large-offset-2\" >\n    \n<\/div>\n\n\n\n<div id=\"cell-block_345ec185618ea9c14cd4fd0de6f97a78\" class=\"cell large-6 large-offset-6\" >\n    \n<div id=\"wrap-block_70762852977991a8bca9743694f53aad\" class=\"wrap margin-32-top medium-margin-medium-top color-white\"  >\n    \n\n<p class=\"no-margin-bottom\">Obratite nam se i neka robna marka Robust postane va\u0161 pouzdan put do vrhunskih rje\u0161enja!<\/p>\n\n\n<\/div>\n\n\n\n<\/div>\n\n\n\n    <\/div>\n\n    <\/div>\n\n\n\n\n<\/section>\n\n\n\n<section id=\"section-block_4094d35dbc765bcdf1868124ff1eb326\" class=\"section background-gray padding-xsmall-vertical medium-padding-small-vertical\"  >\n    \n\n    <div class=\"grid-container\">\n\n    <div id=\"grid-block_6ed4363fe6af3f98085d551f9b2772cc\" class=\"grid-x grid-margin-x\" >\n        \n<div id=\"cell-block_97313ff795caa10604866c277b84ab14\" class=\"cell medium-6 medium-order-2\" >\n    \n<div id=\"wrap-block_596b2393eee80b5c9b2df1a40acf02ec\" class=\"wrap large-padding-xxsmall-vertical large-padding-large-left medium-padding-24-left small-only-padding-xxsmall-bottom\"  >\n    \n\n<h3 class=\"wp-block-heading\">Imate dodatnih pitanja?<\/h3>\n\n\n\n<p>Kako bismo vam mogli ponuditi najbolje mogu\u0107e rje\u0161enje, osim <strong>detaljnog opisa tehni\u010dkog problema<\/strong> molimo vas da nam&nbsp;<strong>dostavite i model stroja, serijski broj, broj radnih sati <\/strong>(ako stroj to dopu\u0161ta)<strong> i godinu proizvodnje.<\/strong><\/p>\n\n\n<div id=\"wrap-block_ca3e49a1aa4fcba1c0083c9f8ba5ef20\" class=\"wrap margin-32-top medium-margin-xxsmall-top\"  >\n    \n\n <a id=\"button-block_776d503a38418e2ea4f90d05f3aa8b27\"class=\"button has-icon-right\"href=\"\/hr\/kontakt\/\">Kontakt\n    <svg class=\"icon\"><use href=\"\/wp-content\/themes\/robust\/assets\/img\/icons\/symbol-defs.svg#icon-arrow-right\"><\/use><\/svg><\/a>\n\n\n\n\n<\/div>\n\n\n\n<\/div>\n\n\n\n<\/div>\n\n\n\n<div id=\"cell-block_e315fd6458a027507b8ba062561f57a5\" class=\"cell medium-6\" >\n    \n\n            <figure id=\"figure-block_ca35d9c1638bebd5a2b49faa8e06400b\" class=\"figure\"  >\n    \n        \n                            <!-- @todo Move content outside of the crop div. CSS is already fixed. -->\n                \n                    <img loading=\"lazy\" decoding=\"async\" width=\"649\" height=\"380\" src=\"https:\/\/www.robust.si\/wp-content\/uploads\/2023\/05\/shutterstock_1892185084-1.png\" class=\"figure-image attachment-full size-full\" alt=\"\" srcset=\"https:\/\/www.robust.si\/wp-content\/uploads\/2023\/05\/shutterstock_1892185084-1.png 649w, https:\/\/www.robust.si\/wp-content\/uploads\/2023\/05\/shutterstock_1892185084-1-600x351.png 600w, https:\/\/www.robust.si\/wp-content\/uploads\/2023\/05\/shutterstock_1892185084-1-300x176.png 300w, https:\/\/www.robust.si\/wp-content\/uploads\/2023\/05\/shutterstock_1892185084-1-376x220.png 376w\" sizes=\"(max-width: 649px) 100vw, 649px\" \/>            \n        \n            <\/figure>\n    \n\n\n\n<\/div>\n\n\n\n    <\/div>\n\n    <\/div>\n\n\n\n\n<\/section>\n\n","protected":false},"excerpt":{"rendered":"","protected":false},"author":26,"featured_media":0,"parent":12845,"menu_order":0,"comment_status":"closed","ping_status":"closed","template":"","meta":{"footnotes":""},"acf":[],"yoast_head":"<!-- This site is optimized with the Yoast SEO plugin v20.9 - https:\/\/yoast.com\/wordpress\/plugins\/seo\/ -->\n<title>Usluge - Robust<\/title>\n<meta name=\"robots\" content=\"index, follow, max-snippet:-1, max-image-preview:large, max-video-preview:-1\" \/>\n<link rel=\"canonical\" href=\"https:\/\/www.robust.si\/hr\/prodajni-program\/usluge\/\" \/>\n<meta property=\"og:locale\" content=\"hr_HR\" \/>\n<meta property=\"og:type\" content=\"article\" \/>\n<meta property=\"og:title\" content=\"Usluge - Robust\" \/>\n<meta property=\"og:url\" content=\"https:\/\/www.robust.si\/hr\/prodajni-program\/usluge\/\" \/>\n<meta property=\"og:site_name\" content=\"Robust\" \/>\n<meta property=\"article:publisher\" content=\"https:\/\/www.facebook.com\/robustslo\" \/>\n<meta property=\"article:modified_time\" content=\"2025-07-08T07:57:55+00:00\" \/>\n<meta name=\"twitter:card\" content=\"summary_large_image\" \/>\n<meta name=\"twitter:label1\" content=\"Procijenjeno vrijeme \u010ditanja\" \/>\n\t<meta name=\"twitter:data1\" content=\"2 minute\" \/>\n<script type=\"application\/ld+json\" class=\"yoast-schema-graph\">{\"@context\":\"https:\/\/schema.org\",\"@graph\":[{\"@type\":\"WebPage\",\"@id\":\"https:\/\/www.robust.si\/hr\/prodajni-program\/usluge\/\",\"url\":\"https:\/\/www.robust.si\/hr\/prodajni-program\/usluge\/\",\"name\":\"Usluge - Robust\",\"isPartOf\":{\"@id\":\"https:\/\/robust.dev.wordpress.optiweb.si\/#website\"},\"datePublished\":\"2023-09-21T08:12:05+00:00\",\"dateModified\":\"2025-07-08T07:57:55+00:00\",\"breadcrumb\":{\"@id\":\"https:\/\/www.robust.si\/hr\/prodajni-program\/usluge\/#breadcrumb\"},\"inLanguage\":\"hr\",\"potentialAction\":[{\"@type\":\"ReadAction\",\"target\":[\"https:\/\/www.robust.si\/hr\/prodajni-program\/usluge\/\"]}]},{\"@type\":\"BreadcrumbList\",\"@id\":\"https:\/\/www.robust.si\/hr\/prodajni-program\/usluge\/#breadcrumb\",\"itemListElement\":[{\"@type\":\"ListItem\",\"position\":1,\"name\":\"Home\",\"item\":\"https:\/\/www.robust.si\/hr\/\"},{\"@type\":\"ListItem\",\"position\":2,\"name\":\"Prodajni program\",\"item\":\"https:\/\/www.robust.si\/hr\/prodajni-program\/\"},{\"@type\":\"ListItem\",\"position\":3,\"name\":\"Usluge\"}]},{\"@type\":\"WebSite\",\"@id\":\"https:\/\/robust.dev.wordpress.optiweb.si\/#website\",\"url\":\"https:\/\/robust.dev.wordpress.optiweb.si\/\",\"name\":\"Robust\",\"description\":\"\",\"publisher\":{\"@id\":\"https:\/\/robust.dev.wordpress.optiweb.si\/#organization\"},\"potentialAction\":[{\"@type\":\"SearchAction\",\"target\":{\"@type\":\"EntryPoint\",\"urlTemplate\":\"https:\/\/robust.dev.wordpress.optiweb.si\/?s={search_term_string}\"},\"query-input\":\"required name=search_term_string\"}],\"inLanguage\":\"hr\"},{\"@type\":\"Organization\",\"@id\":\"https:\/\/robust.dev.wordpress.optiweb.si\/#organization\",\"name\":\"Robust\",\"url\":\"https:\/\/robust.dev.wordpress.optiweb.si\/\",\"logo\":{\"@type\":\"ImageObject\",\"inLanguage\":\"hr\",\"@id\":\"https:\/\/robust.dev.wordpress.optiweb.si\/#\/schema\/logo\/image\/\",\"url\":\"https:\/\/www.robust.si\/wp-content\/uploads\/2025\/07\/Robust_Logotip_Vertikalni_Colour.png\",\"contentUrl\":\"https:\/\/www.robust.si\/wp-content\/uploads\/2025\/07\/Robust_Logotip_Vertikalni_Colour.png\",\"width\":1114,\"height\":660,\"caption\":\"Robust\"},\"image\":{\"@id\":\"https:\/\/robust.dev.wordpress.optiweb.si\/#\/schema\/logo\/image\/\"},\"sameAs\":[\"https:\/\/www.facebook.com\/robustslo\",\"https:\/\/www.linkedin.com\/company\/robust-d-o-o\/\"]}]}<\/script>\n<!-- \/ Yoast SEO plugin. -->","yoast_head_json":{"title":"Usluge - Robust","robots":{"index":"index","follow":"follow","max-snippet":"max-snippet:-1","max-image-preview":"max-image-preview:large","max-video-preview":"max-video-preview:-1"},"canonical":"https:\/\/www.robust.si\/hr\/prodajni-program\/usluge\/","og_locale":"hr_HR","og_type":"article","og_title":"Usluge - Robust","og_url":"https:\/\/www.robust.si\/hr\/prodajni-program\/usluge\/","og_site_name":"Robust","article_publisher":"https:\/\/www.facebook.com\/robustslo","article_modified_time":"2025-07-08T07:57:55+00:00","twitter_card":"summary_large_image","twitter_misc":{"Procijenjeno vrijeme \u010ditanja":"2 minute"},"schema":{"@context":"https:\/\/schema.org","@graph":[{"@type":"WebPage","@id":"https:\/\/www.robust.si\/hr\/prodajni-program\/usluge\/","url":"https:\/\/www.robust.si\/hr\/prodajni-program\/usluge\/","name":"Usluge - Robust","isPartOf":{"@id":"https:\/\/robust.dev.wordpress.optiweb.si\/#website"},"datePublished":"2023-09-21T08:12:05+00:00","dateModified":"2025-07-08T07:57:55+00:00","breadcrumb":{"@id":"https:\/\/www.robust.si\/hr\/prodajni-program\/usluge\/#breadcrumb"},"inLanguage":"hr","potentialAction":[{"@type":"ReadAction","target":["https:\/\/www.robust.si\/hr\/prodajni-program\/usluge\/"]}]},{"@type":"BreadcrumbList","@id":"https:\/\/www.robust.si\/hr\/prodajni-program\/usluge\/#breadcrumb","itemListElement":[{"@type":"ListItem","position":1,"name":"Home","item":"https:\/\/www.robust.si\/hr\/"},{"@type":"ListItem","position":2,"name":"Prodajni program","item":"https:\/\/www.robust.si\/hr\/prodajni-program\/"},{"@type":"ListItem","position":3,"name":"Usluge"}]},{"@type":"WebSite","@id":"https:\/\/robust.dev.wordpress.optiweb.si\/#website","url":"https:\/\/robust.dev.wordpress.optiweb.si\/","name":"Robust","description":"","publisher":{"@id":"https:\/\/robust.dev.wordpress.optiweb.si\/#organization"},"potentialAction":[{"@type":"SearchAction","target":{"@type":"EntryPoint","urlTemplate":"https:\/\/robust.dev.wordpress.optiweb.si\/?s={search_term_string}"},"query-input":"required name=search_term_string"}],"inLanguage":"hr"},{"@type":"Organization","@id":"https:\/\/robust.dev.wordpress.optiweb.si\/#organization","name":"Robust","url":"https:\/\/robust.dev.wordpress.optiweb.si\/","logo":{"@type":"ImageObject","inLanguage":"hr","@id":"https:\/\/robust.dev.wordpress.optiweb.si\/#\/schema\/logo\/image\/","url":"https:\/\/www.robust.si\/wp-content\/uploads\/2025\/07\/Robust_Logotip_Vertikalni_Colour.png","contentUrl":"https:\/\/www.robust.si\/wp-content\/uploads\/2025\/07\/Robust_Logotip_Vertikalni_Colour.png","width":1114,"height":660,"caption":"Robust"},"image":{"@id":"https:\/\/robust.dev.wordpress.optiweb.si\/#\/schema\/logo\/image\/"},"sameAs":["https:\/\/www.facebook.com\/robustslo","https:\/\/www.linkedin.com\/company\/robust-d-o-o\/"]}]}},"_links":{"self":[{"href":"https:\/\/www.robust.si\/hr\/wp-json\/wp\/v2\/pages\/12697"}],"collection":[{"href":"https:\/\/www.robust.si\/hr\/wp-json\/wp\/v2\/pages"}],"about":[{"href":"https:\/\/www.robust.si\/hr\/wp-json\/wp\/v2\/types\/page"}],"author":[{"embeddable":true,"href":"https:\/\/www.robust.si\/hr\/wp-json\/wp\/v2\/users\/26"}],"replies":[{"embeddable":true,"href":"https:\/\/www.robust.si\/hr\/wp-json\/wp\/v2\/comments?post=12697"}],"version-history":[{"count":9,"href":"https:\/\/www.robust.si\/hr\/wp-json\/wp\/v2\/pages\/12697\/revisions"}],"predecessor-version":[{"id":21914,"href":"https:\/\/www.robust.si\/hr\/wp-json\/wp\/v2\/pages\/12697\/revisions\/21914"}],"up":[{"embeddable":true,"href":"https:\/\/www.robust.si\/hr\/wp-json\/wp\/v2\/pages\/12845"}],"wp:attachment":[{"href":"https:\/\/www.robust.si\/hr\/wp-json\/wp\/v2\/media?parent=12697"}],"curies":[{"name":"wp","href":"https:\/\/api.w.org\/{rel}","templated":true}]}}