{"id":14186,"date":"2023-09-21T10:12:05","date_gmt":"2023-09-21T08:12:05","guid":{"rendered":"https:\/\/robust.dev.wordpress.optiweb.si\/verkaufsprogramm\/dienstleistungen\/"},"modified":"2025-07-08T09:58:44","modified_gmt":"2025-07-08T07:58:44","slug":"dienstleistungen","status":"publish","type":"page","link":"https:\/\/www.robust.si\/de\/verkaufsprogramm\/dienstleistungen\/","title":{"rendered":"Dienstleistungen"},"content":{"rendered":"<section id=\"section-block_1487b4bd71b313b8c17faec8dc5e6263\" class=\"section background-gray-dark padding-xxsmall-bottom medium-padding-medium-bottom header-pull header-inverse header-space\"  >\n    \n\n    <div class=\"grid-container\">\n\n    <div id=\"grid-block_1a03d5696336cea04b5471c076c88ccc\" class=\"grid-x grid-margin-x\" >\n        \n<div id=\"cell-block_955f12b7c3714f1e93abbb5c95f5d55d\" class=\"cell\" >\n    \n<nav class=\"page-breadcrumb padding-24-bottom\"><a href=\"https:\/\/www.robust.si\/de\/\">Home<\/a><\/nav>\n\n\n<\/div>\n\n\n\n<div id=\"cell-block_9de9f4b7a355422caa304cf0877549d1\" class=\"cell medium-9 large-7\" >\n    \n<div id=\"wrap-block_56f5278ff2875589c9085197d34ca40d\" class=\"wrap margin-24-bottom medium-margin-medium-bottom color-white\"  >\n    \n\n<h1 class=\"wp-block-heading color-white h2\">Dienstleistungen<\/h1>\n\n\n\n<p>Treten Sie ein in eine Welt ohne Kompromisse mit unseren erstklassigen Dienstleistungen f\u00fcr Ihren Bedarf an Maschinenwartung und Zerkleinern. Bei uns gibt es keinen Platz f\u00fcr Kompromisse, denn wir glauben daran, dass wir \u00fcber uns hinauswachsen, um unseren Kunden einen au\u00dfergew\u00f6hnlichen Wert zu bieten. Die Marke Robust gibt sich nicht mit Mittelm\u00e4\u00dfigkeit zufrieden \u2013 unsere Mission ist es, Ihre Herausforderung in eine effektive L\u00f6sung zu verwandeln.<\/p>\n\n\n<\/div>\n\n\n\n<\/div>\n\n\n\n<div id=\"cell-block_84c6f849f7df996c7e2381494c117e7f\" class=\"cell large-7 large-offset-1\" >\n    \n<div id=\"wrap-block_964946d7cd150db343cd6477da69c52c\" class=\"wrap margin-32-bottom medium-margin-medium-bottom color-white\"  >\n    \n\n<h2 class=\"wp-block-heading color-white h3\">Maschinenservice<\/h2>\n\n\n\n<p>Sorgen Sie f\u00fcr einen reibungslosen Betrieb Ihrer Maschinen. Lassen Sie sich von unvorhergesehenen Ausf\u00e4llen nicht aufhalten. Mit unserem Expertenteam und modernster Technologie sorgen wir daf\u00fcr, dass Ihre Maschinen reibungslos laufen, was f\u00fcr Ihren Erfolg entscheidend ist.<\/p>\n\n\n\n<p>Unser Maschinenservice ist auf schnelle Reaktion, Genauigkeit und Zuverl\u00e4ssigkeit ausgerichtet.<\/p>\n\n\n\n<p>Wir bieten Ihnen vorbeugende Wartung, Reparaturen und Upgrades, um die Lebensdauer Ihrer Ausr\u00fcstung zu verl\u00e4ngern und das Beste aus Ihrer Investition herauszuholen.<\/p>\n\n\n\n<p>Vertrauen Sie uns Ihre Maschinen an und wir sorgen daf\u00fcr, dass sie reibungslos laufen und die Produktivit\u00e4t maximiert wird. <\/p>\n\n\n<\/div>\n\n\n\n\n <a id=\"button-block_f82891da9a8fe18fe55faa1d8e0f9212\"class=\"button has-icon-right\"href=\"\/de\/kontakt\/\">Kontakt\n    <svg class=\"icon\"><use href=\"\/wp-content\/themes\/robust\/assets\/img\/icons\/symbol-defs.svg#icon-arrow-right\"><\/use><\/svg><\/a>\n\n\n\n\n<\/div>\n\n\n\n<div id=\"cell-block_84c6f849f7df996c7e2381494c117e7f\" class=\"cell large-7 large-offset-1\" >\n    \n<div id=\"wrap-block_964946d7cd150db343cd6477da69c52c\" class=\"wrap margin-32-bottom medium-margin-medium-bottom color-white\"  >\n    \n<\/div>\n\n\n\n\n<p><\/p>\n\n\n<\/div>\n\n\n\n<div id=\"cell-block_6fb857ec16da340fe25d4a995945148d\" class=\"cell large-6 large-offset-3\" >\n    \n<div id=\"wrap-block_964946d7cd150db343cd6477da69c52c\" class=\"wrap margin-32-bottom medium-margin-medium-bottom color-white\"  >\n    \n\n<h2 class=\"wp-block-heading color-white h3\">Zerkleinerungsdienste<\/h2>\n\n\n\n<p><br>Gehen Sie einen Schritt weiter bei der Verwendung Ihres Abfallmaterials mit den Zerkleinerungsdiensten der Marke Robust. Wenn Sie Ihr \u00fcbersch\u00fcssiges Material f\u00fcr die Weiterverarbeitung zur\u00fcckgewinnen oder reduzieren m\u00f6chten, bieten wir Ihnen zwei optimale Optionen:<\/p>\n\n\n\n<ol>\n<li><strong>Reduzierung der Abfallmenge<\/strong>: Unser Expertenteam erm\u00f6glicht es Ihnen, die Abfallmenge mithilfe fortschrittlicher Zerkleinerungstechniken zu reduzieren. Ganz gleich, um welches Material es sich handelt, wir sorgen f\u00fcr eine effiziente und nachhaltige Volumenreduzierung, die es Ihnen erm\u00f6glicht, Platz zu sparen und Ihre Prozesse zu optimieren.<\/li>\n\n\n\n<li><strong>Vorbereitung der Abf\u00e4lle f\u00fcr die weitere Behandlung<\/strong>: Wenn Sie Ihre Abf\u00e4lle f\u00fcr die weitere Behandlung vorbereiten m\u00f6chten, sind Sie bei uns genau richtig. Unsere spezialisierten Verarbeitungsverfahren sorgen daf\u00fcr, dass Ihr Material in der optimalsten Form f\u00fcr die n\u00e4chsten Schritte Ihrer Produktion bereitsteht.<\/li>\n<\/ol>\n\n\n\n<p>Lassen Sie Ihr Abfallmaterial nicht ungenutzt oder unvorbereitet. Mit unseren Zerkleinerungsdiensten k\u00f6nnen Sie die Nutzung Ihrer Ressourcen maximieren und Ihre Prozesse optimieren. Nehmen Sie Kontakt mit uns auf und lassen Sie uns Ihnen helfen, Ihre Ziele im Bereich der effizienten Abfallwirtschaft zu erreichen.<\/p>\n\n\n<\/div>\n\n\n\n\n <a id=\"button-block_f82891da9a8fe18fe55faa1d8e0f9212\"class=\"button has-icon-right\"href=\"\/de\/kontakt\/\">Kontakt\n    <svg class=\"icon\"><use href=\"\/wp-content\/themes\/robust\/assets\/img\/icons\/symbol-defs.svg#icon-arrow-right\"><\/use><\/svg><\/a>\n\n\n\n\n<\/div>\n\n\n\n    <\/div>\n\n    <\/div>\n\n\n\n\n\n    <div class=\"grid-container\">\n\n    <div id=\"grid-block_1a03d5696336cea04b5471c076c88ccc\" class=\"grid-x grid-margin-x\" >\n        \n<div id=\"cell-block_de81ba614685fcfa3283e3f68fcf2e85\" class=\"cell medium-6\" >\n    \n<\/div>\n\n\n\n<div id=\"cell-block_a557585b0e3a5edf51314b62ab283753\" class=\"cell medium-6 large-4 large-offset-2\" >\n    \n<\/div>\n\n\n\n<div id=\"cell-block_9f3e5b73772a36a2baba3a2b54a28cb4\" class=\"cell large-6 large-offset-6\" >\n    \n<div id=\"wrap-block_ba9485d0bbfc9535ba2de082e19f306a\" class=\"wrap margin-32-top medium-margin-medium-top color-white\"  >\n    \n\n<p class=\"no-margin-bottom\">Kontaktieren Sie uns und lassen Sie die Marke Robust zu Ihrem zuverl\u00e4ssigen Weg zu Top-L\u00f6sungen werden!<\/p>\n\n\n<\/div>\n\n\n\n<\/div>\n\n\n\n    <\/div>\n\n    <\/div>\n\n\n\n\n<\/section>\n\n\n\n<section id=\"section-block_87c4d01c1025feaf6761ad10e1bf27dd\" class=\"section background-gray padding-xsmall-vertical medium-padding-small-vertical\"  >\n    \n\n    <div class=\"grid-container\">\n\n    <div id=\"grid-block_1a03d5696336cea04b5471c076c88ccc\" class=\"grid-x grid-margin-x\" >\n        \n<div id=\"cell-block_37620c72e24be7a0f22b70acec8ddd91\" class=\"cell medium-6 medium-order-2\" >\n    \n<div id=\"wrap-block_000066c238fb69c3548af73a1a767344\" class=\"wrap large-padding-xxsmall-vertical large-padding-large-left medium-padding-24-left small-only-padding-xxsmall-bottom\"  >\n    \n\n<h3 class=\"wp-block-heading\">Haben Sie noch weitere Fragen?<\/h3>\n\n\n\n<p>Um Ihnen die bestm\u00f6gliche L\u00f6sung bieten zu k\u00f6nnen, bitten wir Sie, uns eine <strong>detaillierte Beschreibung des technischen Problems zukommen zu lassen<\/strong>, einschlie\u00dflich&nbsp;<strong>des Modells der Maschine, der Seriennummer, der Anzahl der Betriebsstunden <\/strong>(falls die Maschine dazu in der Lage ist)<strong> und des Herstellungsjahres.<\/strong><\/p>\n\n\n<div id=\"wrap-block_e6ea118137347e251f4267184528585b\" class=\"wrap margin-32-top medium-margin-xxsmall-top\"  >\n    \n\n <a id=\"button-block_f82891da9a8fe18fe55faa1d8e0f9212\"class=\"button has-icon-right\"href=\"\/de\/kontakt\/\">Kontakt\n    <svg class=\"icon\"><use href=\"\/wp-content\/themes\/robust\/assets\/img\/icons\/symbol-defs.svg#icon-arrow-right\"><\/use><\/svg><\/a>\n\n\n\n\n<\/div>\n\n\n\n<\/div>\n\n\n\n<\/div>\n\n\n\n<div id=\"cell-block_de81ba614685fcfa3283e3f68fcf2e85\" class=\"cell medium-6\" >\n    \n\n            <figure id=\"figure-block_334e8d18742fc798cd0eefae6f737e90\" class=\"figure\"  >\n    \n        \n                            <!-- @todo Move content outside of the crop div. CSS is already fixed. -->\n                \n                    <img loading=\"lazy\" decoding=\"async\" width=\"649\" height=\"380\" src=\"https:\/\/www.robust.si\/wp-content\/uploads\/2023\/05\/shutterstock_1892185084-1.png\" class=\"figure-image attachment-full size-full\" alt=\"\" srcset=\"https:\/\/www.robust.si\/wp-content\/uploads\/2023\/05\/shutterstock_1892185084-1.png 649w, https:\/\/www.robust.si\/wp-content\/uploads\/2023\/05\/shutterstock_1892185084-1-600x351.png 600w, https:\/\/www.robust.si\/wp-content\/uploads\/2023\/05\/shutterstock_1892185084-1-300x176.png 300w, https:\/\/www.robust.si\/wp-content\/uploads\/2023\/05\/shutterstock_1892185084-1-376x220.png 376w\" sizes=\"(max-width: 649px) 100vw, 649px\" \/>            \n        \n            <\/figure>\n    \n\n\n\n<\/div>\n\n\n\n    <\/div>\n\n    <\/div>\n\n\n\n\n<\/section>\n\n","protected":false},"excerpt":{"rendered":"","protected":false},"author":26,"featured_media":0,"parent":13180,"menu_order":0,"comment_status":"closed","ping_status":"closed","template":"","meta":{"footnotes":""},"acf":[],"yoast_head":"<!-- This site is optimized with the Yoast SEO plugin v20.9 - https:\/\/yoast.com\/wordpress\/plugins\/seo\/ -->\n<title>Dienstleistungen - Robust<\/title>\n<meta name=\"robots\" content=\"index, follow, max-snippet:-1, max-image-preview:large, max-video-preview:-1\" \/>\n<link rel=\"canonical\" href=\"https:\/\/www.robust.si\/de\/verkaufsprogramm\/dienstleistungen\/\" \/>\n<meta property=\"og:locale\" content=\"de_DE\" \/>\n<meta property=\"og:type\" content=\"article\" \/>\n<meta property=\"og:title\" content=\"Dienstleistungen - Robust\" \/>\n<meta property=\"og:url\" content=\"https:\/\/www.robust.si\/de\/verkaufsprogramm\/dienstleistungen\/\" \/>\n<meta property=\"og:site_name\" content=\"Robust\" \/>\n<meta property=\"article:publisher\" content=\"https:\/\/www.facebook.com\/robustslo\" \/>\n<meta property=\"article:modified_time\" content=\"2025-07-08T07:58:44+00:00\" \/>\n<meta name=\"twitter:card\" content=\"summary_large_image\" \/>\n<meta name=\"twitter:label1\" content=\"Gesch\u00e4tzte Lesezeit\" \/>\n\t<meta name=\"twitter:data1\" content=\"2 Minuten\" \/>\n<script type=\"application\/ld+json\" class=\"yoast-schema-graph\">{\"@context\":\"https:\/\/schema.org\",\"@graph\":[{\"@type\":\"WebPage\",\"@id\":\"https:\/\/www.robust.si\/de\/verkaufsprogramm\/dienstleistungen\/\",\"url\":\"https:\/\/www.robust.si\/de\/verkaufsprogramm\/dienstleistungen\/\",\"name\":\"Dienstleistungen - Robust\",\"isPartOf\":{\"@id\":\"https:\/\/robust.dev.wordpress.optiweb.si\/#website\"},\"datePublished\":\"2023-09-21T08:12:05+00:00\",\"dateModified\":\"2025-07-08T07:58:44+00:00\",\"breadcrumb\":{\"@id\":\"https:\/\/www.robust.si\/de\/verkaufsprogramm\/dienstleistungen\/#breadcrumb\"},\"inLanguage\":\"de-DE\",\"potentialAction\":[{\"@type\":\"ReadAction\",\"target\":[\"https:\/\/www.robust.si\/de\/verkaufsprogramm\/dienstleistungen\/\"]}]},{\"@type\":\"BreadcrumbList\",\"@id\":\"https:\/\/www.robust.si\/de\/verkaufsprogramm\/dienstleistungen\/#breadcrumb\",\"itemListElement\":[{\"@type\":\"ListItem\",\"position\":1,\"name\":\"Home\",\"item\":\"https:\/\/www.robust.si\/de\/\"},{\"@type\":\"ListItem\",\"position\":2,\"name\":\"Verkaufsprogramm\",\"item\":\"https:\/\/www.robust.si\/de\/verkaufsprogramm\/\"},{\"@type\":\"ListItem\",\"position\":3,\"name\":\"Dienstleistungen\"}]},{\"@type\":\"WebSite\",\"@id\":\"https:\/\/robust.dev.wordpress.optiweb.si\/#website\",\"url\":\"https:\/\/robust.dev.wordpress.optiweb.si\/\",\"name\":\"Robust\",\"description\":\"\",\"publisher\":{\"@id\":\"https:\/\/robust.dev.wordpress.optiweb.si\/#organization\"},\"potentialAction\":[{\"@type\":\"SearchAction\",\"target\":{\"@type\":\"EntryPoint\",\"urlTemplate\":\"https:\/\/robust.dev.wordpress.optiweb.si\/?s={search_term_string}\"},\"query-input\":\"required name=search_term_string\"}],\"inLanguage\":\"de-DE\"},{\"@type\":\"Organization\",\"@id\":\"https:\/\/robust.dev.wordpress.optiweb.si\/#organization\",\"name\":\"Robust\",\"url\":\"https:\/\/robust.dev.wordpress.optiweb.si\/\",\"logo\":{\"@type\":\"ImageObject\",\"inLanguage\":\"de-DE\",\"@id\":\"https:\/\/robust.dev.wordpress.optiweb.si\/#\/schema\/logo\/image\/\",\"url\":\"https:\/\/www.robust.si\/wp-content\/uploads\/2025\/07\/Robust_Logotip_Vertikalni_Colour.png\",\"contentUrl\":\"https:\/\/www.robust.si\/wp-content\/uploads\/2025\/07\/Robust_Logotip_Vertikalni_Colour.png\",\"width\":1114,\"height\":660,\"caption\":\"Robust\"},\"image\":{\"@id\":\"https:\/\/robust.dev.wordpress.optiweb.si\/#\/schema\/logo\/image\/\"},\"sameAs\":[\"https:\/\/www.facebook.com\/robustslo\",\"https:\/\/www.linkedin.com\/company\/robust-d-o-o\/\"]}]}<\/script>\n<!-- \/ Yoast SEO plugin. -->","yoast_head_json":{"title":"Dienstleistungen - Robust","robots":{"index":"index","follow":"follow","max-snippet":"max-snippet:-1","max-image-preview":"max-image-preview:large","max-video-preview":"max-video-preview:-1"},"canonical":"https:\/\/www.robust.si\/de\/verkaufsprogramm\/dienstleistungen\/","og_locale":"de_DE","og_type":"article","og_title":"Dienstleistungen - Robust","og_url":"https:\/\/www.robust.si\/de\/verkaufsprogramm\/dienstleistungen\/","og_site_name":"Robust","article_publisher":"https:\/\/www.facebook.com\/robustslo","article_modified_time":"2025-07-08T07:58:44+00:00","twitter_card":"summary_large_image","twitter_misc":{"Gesch\u00e4tzte Lesezeit":"2 Minuten"},"schema":{"@context":"https:\/\/schema.org","@graph":[{"@type":"WebPage","@id":"https:\/\/www.robust.si\/de\/verkaufsprogramm\/dienstleistungen\/","url":"https:\/\/www.robust.si\/de\/verkaufsprogramm\/dienstleistungen\/","name":"Dienstleistungen - Robust","isPartOf":{"@id":"https:\/\/robust.dev.wordpress.optiweb.si\/#website"},"datePublished":"2023-09-21T08:12:05+00:00","dateModified":"2025-07-08T07:58:44+00:00","breadcrumb":{"@id":"https:\/\/www.robust.si\/de\/verkaufsprogramm\/dienstleistungen\/#breadcrumb"},"inLanguage":"de-DE","potentialAction":[{"@type":"ReadAction","target":["https:\/\/www.robust.si\/de\/verkaufsprogramm\/dienstleistungen\/"]}]},{"@type":"BreadcrumbList","@id":"https:\/\/www.robust.si\/de\/verkaufsprogramm\/dienstleistungen\/#breadcrumb","itemListElement":[{"@type":"ListItem","position":1,"name":"Home","item":"https:\/\/www.robust.si\/de\/"},{"@type":"ListItem","position":2,"name":"Verkaufsprogramm","item":"https:\/\/www.robust.si\/de\/verkaufsprogramm\/"},{"@type":"ListItem","position":3,"name":"Dienstleistungen"}]},{"@type":"WebSite","@id":"https:\/\/robust.dev.wordpress.optiweb.si\/#website","url":"https:\/\/robust.dev.wordpress.optiweb.si\/","name":"Robust","description":"","publisher":{"@id":"https:\/\/robust.dev.wordpress.optiweb.si\/#organization"},"potentialAction":[{"@type":"SearchAction","target":{"@type":"EntryPoint","urlTemplate":"https:\/\/robust.dev.wordpress.optiweb.si\/?s={search_term_string}"},"query-input":"required name=search_term_string"}],"inLanguage":"de-DE"},{"@type":"Organization","@id":"https:\/\/robust.dev.wordpress.optiweb.si\/#organization","name":"Robust","url":"https:\/\/robust.dev.wordpress.optiweb.si\/","logo":{"@type":"ImageObject","inLanguage":"de-DE","@id":"https:\/\/robust.dev.wordpress.optiweb.si\/#\/schema\/logo\/image\/","url":"https:\/\/www.robust.si\/wp-content\/uploads\/2025\/07\/Robust_Logotip_Vertikalni_Colour.png","contentUrl":"https:\/\/www.robust.si\/wp-content\/uploads\/2025\/07\/Robust_Logotip_Vertikalni_Colour.png","width":1114,"height":660,"caption":"Robust"},"image":{"@id":"https:\/\/robust.dev.wordpress.optiweb.si\/#\/schema\/logo\/image\/"},"sameAs":["https:\/\/www.facebook.com\/robustslo","https:\/\/www.linkedin.com\/company\/robust-d-o-o\/"]}]}},"_links":{"self":[{"href":"https:\/\/www.robust.si\/de\/wp-json\/wp\/v2\/pages\/14186"}],"collection":[{"href":"https:\/\/www.robust.si\/de\/wp-json\/wp\/v2\/pages"}],"about":[{"href":"https:\/\/www.robust.si\/de\/wp-json\/wp\/v2\/types\/page"}],"author":[{"embeddable":true,"href":"https:\/\/www.robust.si\/de\/wp-json\/wp\/v2\/users\/26"}],"replies":[{"embeddable":true,"href":"https:\/\/www.robust.si\/de\/wp-json\/wp\/v2\/comments?post=14186"}],"version-history":[{"count":6,"href":"https:\/\/www.robust.si\/de\/wp-json\/wp\/v2\/pages\/14186\/revisions"}],"predecessor-version":[{"id":21918,"href":"https:\/\/www.robust.si\/de\/wp-json\/wp\/v2\/pages\/14186\/revisions\/21918"}],"up":[{"embeddable":true,"href":"https:\/\/www.robust.si\/de\/wp-json\/wp\/v2\/pages\/13180"}],"wp:attachment":[{"href":"https:\/\/www.robust.si\/de\/wp-json\/wp\/v2\/media?parent=14186"}],"curies":[{"name":"wp","href":"https:\/\/api.w.org\/{rel}","templated":true}]}}