{"id":13169,"date":"2023-05-12T08:07:14","date_gmt":"2023-05-12T06:07:14","guid":{"rendered":"https:\/\/robust.dev.wordpress.optiweb.si\/ueber-uns\/robust-vr\/"},"modified":"2025-07-07T18:02:36","modified_gmt":"2025-07-07T16:02:36","slug":"robust-vr","status":"publish","type":"page","link":"https:\/\/www.robust.si\/de\/ueber-uns\/robust-vr\/","title":{"rendered":"Robust VR"},"content":{"rendered":"<section id=\"section-block_be1eb7e99a71d7283127f6e97d36bcaa\" class=\"section min-height-100-vh display-flex flex-direction-column header-pull header-inverse header-space\" style=\"background-repeat: no-repeat; background-size: cover; background-position: center; background-image: url(https:\/\/www.robust.si\/wp-content\/uploads\/2023\/05\/image-11.png)\" >\n    \n<div id=\"wrap-block_3ad04e0fa9631ce9dde53b23d2a53ccf\" class=\"wrap\"  >\n    \n\n    <div class=\"grid-container\">\n\n    <div id=\"grid-block_0d8a966c2fb013c27973a00c2bcc3359\" class=\"grid-x\" >\n        \n<div id=\"cell-block_b02c2630059cc4f6e563b38c1ca4f5f0\" class=\"cell\" >\n    \n<nav class=\"page-breadcrumb padding-24-bottom\"><a href=\"https:\/\/www.robust.si\/de\/\">Home<\/a><\/nav>\n\n\n<\/div>\n\n\n\n    <\/div>\n\n    <\/div>\n\n\n\n\n<\/div>\n\n\n\n<div id=\"wrap-block_9ec450e8f5c77af70cba892d34b1215e\" class=\"wrap margin-auto-top\"  >\n    \n\n    <div class=\"grid-container\">\n\n    <div id=\"grid-block_133f631a4a879c151fe85eb09f5f9abc\" class=\"grid-x grid-margin-x\" >\n        \n<div id=\"cell-block_5e89ddfb6e6294d7a0d36fba21ed8655\" class=\"cell large-8\" >\n    \n<div id=\"wrap-block_97e75ae0afdb037ec748f7e88ac235ad\" class=\"wrap medium-min-height-480 padding-xxsmall-bottom medium-padding-medium-bottom color-white\"  >\n    \n\n<h1 class=\"wp-block-heading color-white\">Robust VR<\/h1>\n\n\n\n<p class=\"lead\">Willkommen in einer inspirierenden Welt, in der sich Innovation und Qualit\u00e4t mit \u00f6kologischer Nachhaltigkeit verbinden. Nach einer Reise in eine virtuelle Welt entdecken Sie hochmoderne Forstger\u00e4te und Recyclingmaschinen, die die Art und Weise ver\u00e4ndern, wie wir mit nat\u00fcrlichen Ressourcen umgehen, unnat\u00fcrliche Materialien wiederverwenden und den Planeten schonen.<\/p>\n\n\n<\/div>\n\n\n\n<\/div>\n\n\n\n    <\/div>\n\n    <\/div>\n\n\n\n\n<\/div>\n\n\n\n<\/section>\n\n\n\n<section id=\"section-block_7d577261db0dd70c49a310e02f2a629d\" class=\"section\"  data-horizontal-text-slide>\n    \n<div id=\"wrap-block_74b7f14443f55259c52c69b834d55c0d\" class=\"wrap text-container\"  >\n    \n\n<p>Lernen Sie unsere Marken kennen<\/p>\n\n\n<\/div>\n\n\n\n<\/section>\n\n\n\n<section id=\"section-block_bf69975a9f9c23cf1ec0c731190a4b88\" class=\"section\"  >\n    \n    <div id=\"slider-block_9b06f96e4224c0e460341a69bbb62d2f\" class=\"scroll-section-wrap\" data-section-scroll>\n        <div class=\"imageContainerAbs\">\n            <div class=\"image-container\">\n                                    <div class=\"scroll-section-img background-secondary\">\n                        <div class=\"figure\">\n                            <img loading=\"lazy\" decoding=\"async\" width=\"802\" height=\"802\" src=\"https:\/\/www.robust.si\/wp-content\/uploads\/2024\/04\/nnt0oaks-1.png\" class=\"attachment- size-\" alt=\"Cepilnik Robust Ranger\" srcset=\"https:\/\/www.robust.si\/wp-content\/uploads\/2024\/04\/nnt0oaks-1.png 802w, https:\/\/www.robust.si\/wp-content\/uploads\/2024\/04\/nnt0oaks-1-600x600.png 600w, https:\/\/www.robust.si\/wp-content\/uploads\/2024\/04\/nnt0oaks-1-300x300.png 300w, https:\/\/www.robust.si\/wp-content\/uploads\/2024\/04\/nnt0oaks-1-150x150.png 150w, https:\/\/www.robust.si\/wp-content\/uploads\/2024\/04\/nnt0oaks-1-768x768.png 768w, https:\/\/www.robust.si\/wp-content\/uploads\/2024\/04\/nnt0oaks-1-376x376.png 376w, https:\/\/www.robust.si\/wp-content\/uploads\/2024\/04\/nnt0oaks-1-650x650.png 650w\" sizes=\"(max-width: 802px) 100vw, 802px\" \/>                        <\/div>\n                    <\/div>\n                                    <div class=\"scroll-section-img background-tertiary\">\n                        <div class=\"figure\">\n                            <img loading=\"lazy\" decoding=\"async\" width=\"1200\" height=\"1200\" src=\"https:\/\/www.robust.si\/wp-content\/uploads\/2023\/05\/SD-900-RCZ-350_Rotacija1002.png\" class=\"attachment- size-\" alt=\"Industrijski drobilnik Robust Reuser SD 900 z Reuser RZC 350\" srcset=\"https:\/\/www.robust.si\/wp-content\/uploads\/2023\/05\/SD-900-RCZ-350_Rotacija1002.png 1200w, https:\/\/www.robust.si\/wp-content\/uploads\/2023\/05\/SD-900-RCZ-350_Rotacija1002-600x600.png 600w, https:\/\/www.robust.si\/wp-content\/uploads\/2023\/05\/SD-900-RCZ-350_Rotacija1002-650x650.png 650w, https:\/\/www.robust.si\/wp-content\/uploads\/2023\/05\/SD-900-RCZ-350_Rotacija1002-150x150.png 150w, https:\/\/www.robust.si\/wp-content\/uploads\/2023\/05\/SD-900-RCZ-350_Rotacija1002-300x300.png 300w, https:\/\/www.robust.si\/wp-content\/uploads\/2023\/05\/SD-900-RCZ-350_Rotacija1002-768x768.png 768w, https:\/\/www.robust.si\/wp-content\/uploads\/2023\/05\/SD-900-RCZ-350_Rotacija1002-1024x1024.png 1024w, https:\/\/www.robust.si\/wp-content\/uploads\/2023\/05\/SD-900-RCZ-350_Rotacija1002-376x376.png 376w\" sizes=\"(max-width: 1200px) 100vw, 1200px\" \/>                        <\/div>\n                    <\/div>\n                                    <div class=\"scroll-section-img background-quaternary\">\n                        <div class=\"figure\">\n                            <img loading=\"lazy\" decoding=\"async\" width=\"1920\" height=\"1080\" src=\"https:\/\/www.robust.si\/wp-content\/uploads\/2023\/11\/ENYOJER-PRODUCTS-by-Robust.png\" class=\"attachment- size-\" alt=\"Obla\u010dila Robust Enjoyer\" srcset=\"https:\/\/www.robust.si\/wp-content\/uploads\/2023\/11\/ENYOJER-PRODUCTS-by-Robust.png 1920w, https:\/\/www.robust.si\/wp-content\/uploads\/2023\/11\/ENYOJER-PRODUCTS-by-Robust-600x338.png 600w, https:\/\/www.robust.si\/wp-content\/uploads\/2023\/11\/ENYOJER-PRODUCTS-by-Robust-650x366.png 650w, https:\/\/www.robust.si\/wp-content\/uploads\/2023\/11\/ENYOJER-PRODUCTS-by-Robust-300x169.png 300w, https:\/\/www.robust.si\/wp-content\/uploads\/2023\/11\/ENYOJER-PRODUCTS-by-Robust-768x432.png 768w, https:\/\/www.robust.si\/wp-content\/uploads\/2023\/11\/ENYOJER-PRODUCTS-by-Robust-1024x576.png 1024w, https:\/\/www.robust.si\/wp-content\/uploads\/2023\/11\/ENYOJER-PRODUCTS-by-Robust-1536x864.png 1536w, https:\/\/www.robust.si\/wp-content\/uploads\/2023\/11\/ENYOJER-PRODUCTS-by-Robust-376x212.png 376w\" sizes=\"(max-width: 1920px) 100vw, 1920px\" \/>                        <\/div>\n                    <\/div>\n                            <\/div>\n        <\/div>\n                    <div class=\"scroll-section \">\n                <div class=\"contain\">\n                    <div class=\"content\">\n                        <img loading=\"lazy\" decoding=\"async\" width=\"203\" height=\"147\" src=\"https:\/\/www.robust.si\/wp-content\/uploads\/2023\/05\/Group-763.png\" class=\"attachment- size-\" alt=\"\" \/>                            <p class=\"caption margin-24-top\">Ausf\u00fchren. Sch\u00fctzen. Bewahren.<\/p>\n                                                    <h2 class=\"color-white\">Lernen Sie die Ranger-Familie kennen<\/h2>\n                                                    <p class=\"margin-24-bottom\">Wo die Kraft der Natur in greifbarer N\u00e4he ist. Mit h\u00f6chster Qualit\u00e4t und au\u00dfergew\u00f6hnlicher Leistung ist unsere Forsttechnik Ihr zuverl\u00e4ssiger Partner bei der Holzarbeit. Durch innovative L\u00f6sungen und moderne Technologie erm\u00f6glicht unsere Forsttechnik eine schnelle, sichere und effiziente Holzverarbeitung, die Ihnen die Freiheit gibt, sich auf das Wesentliche zu konzentrieren.<\/p>\n                                                    <a\n                             href=\"\/de\/prodajni-program\/ranger\/\"                             class=\"button white hollow has-icon-right\">\n                            Erfahren Sie mehr                                <svg class=\"icon\">\n                                    <use href=\"\/wp-content\/themes\/robust\/assets\/img\/icons\/symbol-defs.svg#icon-arrow-right\"><\/use>\n                                <\/svg>\n                            <\/a>\n                                            <\/div>\n                <\/div>\n                <div class=\"content-img background-secondary\">\n                    <div class=\"figure\">\n                        <img loading=\"lazy\" decoding=\"async\" width=\"802\" height=\"802\" src=\"https:\/\/www.robust.si\/wp-content\/uploads\/2024\/04\/nnt0oaks-1.png\" class=\"attachment- size-\" alt=\"Cepilnik Robust Ranger\" srcset=\"https:\/\/www.robust.si\/wp-content\/uploads\/2024\/04\/nnt0oaks-1.png 802w, https:\/\/www.robust.si\/wp-content\/uploads\/2024\/04\/nnt0oaks-1-600x600.png 600w, https:\/\/www.robust.si\/wp-content\/uploads\/2024\/04\/nnt0oaks-1-300x300.png 300w, https:\/\/www.robust.si\/wp-content\/uploads\/2024\/04\/nnt0oaks-1-150x150.png 150w, https:\/\/www.robust.si\/wp-content\/uploads\/2024\/04\/nnt0oaks-1-768x768.png 768w, https:\/\/www.robust.si\/wp-content\/uploads\/2024\/04\/nnt0oaks-1-376x376.png 376w, https:\/\/www.robust.si\/wp-content\/uploads\/2024\/04\/nnt0oaks-1-650x650.png 650w\" sizes=\"(max-width: 802px) 100vw, 802px\" \/>                    <\/div>\n                <\/div>\n            <\/div>\n                        <div class=\"scroll-section \">\n                <div class=\"contain\">\n                    <div class=\"content\">\n                        <img loading=\"lazy\" decoding=\"async\" width=\"178\" height=\"130\" src=\"https:\/\/www.robust.si\/wp-content\/uploads\/2023\/06\/Group-578.png\" class=\"attachment- size-\" alt=\"\" \/>                            <p class=\"caption margin-24-top\">Reagieren. Reduzieren. Wiedergewinnen.<\/p>\n                                                    <h2 class=\"color-white\">Erleben Sie die Qualit\u00e4t der Reuser-Maschinen<\/h2>\n                                                    <p class=\"margin-24-bottom\">Wir glauben an die Kraft der Transformation. Unsere Industriem\u00fchlen und andere Recyclingger\u00e4te verwandeln Abf\u00e4lle, um Unternehmen zu helfen, wertvolle Ressourcen zu reduzieren, wiederzuverwenden und zur\u00fcckzugewinnen. Entfalten Sie das Potenzial von Abfallmaterialien und schlie\u00dfen Sie sich der Revolution an. Entdecken Sie, wie Sie Ihre Nachhaltigkeitsziele mit Hilfe von Industriem\u00fchlen neu gestalten k\u00f6nnen.<\/p>\n                                                    <a\n                             href=\"\/de\/prodajni-program\/reuser\/\"                             class=\"button white hollow has-icon-right\">\n                            Erfahren Sie mehr                                <svg class=\"icon\">\n                                    <use href=\"\/wp-content\/themes\/robust\/assets\/img\/icons\/symbol-defs.svg#icon-arrow-right\"><\/use>\n                                <\/svg>\n                            <\/a>\n                                            <\/div>\n                <\/div>\n                <div class=\"content-img background-tertiary\">\n                    <div class=\"figure\">\n                        <img loading=\"lazy\" decoding=\"async\" width=\"1200\" height=\"1200\" src=\"https:\/\/www.robust.si\/wp-content\/uploads\/2023\/05\/SD-900-RCZ-350_Rotacija1002.png\" class=\"attachment- size-\" alt=\"Industrijski drobilnik Robust Reuser SD 900 z Reuser RZC 350\" srcset=\"https:\/\/www.robust.si\/wp-content\/uploads\/2023\/05\/SD-900-RCZ-350_Rotacija1002.png 1200w, https:\/\/www.robust.si\/wp-content\/uploads\/2023\/05\/SD-900-RCZ-350_Rotacija1002-600x600.png 600w, https:\/\/www.robust.si\/wp-content\/uploads\/2023\/05\/SD-900-RCZ-350_Rotacija1002-650x650.png 650w, https:\/\/www.robust.si\/wp-content\/uploads\/2023\/05\/SD-900-RCZ-350_Rotacija1002-150x150.png 150w, https:\/\/www.robust.si\/wp-content\/uploads\/2023\/05\/SD-900-RCZ-350_Rotacija1002-300x300.png 300w, https:\/\/www.robust.si\/wp-content\/uploads\/2023\/05\/SD-900-RCZ-350_Rotacija1002-768x768.png 768w, https:\/\/www.robust.si\/wp-content\/uploads\/2023\/05\/SD-900-RCZ-350_Rotacija1002-1024x1024.png 1024w, https:\/\/www.robust.si\/wp-content\/uploads\/2023\/05\/SD-900-RCZ-350_Rotacija1002-376x376.png 376w\" sizes=\"(max-width: 1200px) 100vw, 1200px\" \/>                    <\/div>\n                <\/div>\n            <\/div>\n                        <div class=\"scroll-section \">\n                <div class=\"contain\">\n                    <div class=\"content\">\n                        <img loading=\"lazy\" decoding=\"async\" width=\"178\" height=\"130\" src=\"https:\/\/www.robust.si\/wp-content\/uploads\/2023\/06\/Group-579-1.png\" class=\"attachment- size-\" alt=\"\" \/>                            <p class=\"caption margin-24-top\">Bereichern. Erm\u00e4chtigen. Verbessern.<\/p>\n                                                    <h2 class=\"color-white\">Erleben Sie den Enjoyer-Lifestyle<\/h2>\n                                                    <p class=\"margin-24-bottom\">Genie\u00dfen Sie, was Sie tun. Mit moderner Ausr\u00fcstung und unterhaltsamen Zubeh\u00f6rteilen werden Sie Teil einer Gemeinschaft, die an Transformation f\u00fcr eine bessere Welt glaubt. Entdecken Sie die Kraft der Ver\u00e4nderung, mit der Sie die Zukunft neu gestalten k\u00f6nnen.<\/p>\n                                                    <a\n                             href=\"\/de\/prodajni-program\/enjoyer\/\"                             class=\"button white hollow has-icon-right\">\n                            Erfahren Sie mehr                                <svg class=\"icon\">\n                                    <use href=\"\/wp-content\/themes\/robust\/assets\/img\/icons\/symbol-defs.svg#icon-arrow-right\"><\/use>\n                                <\/svg>\n                            <\/a>\n                                            <\/div>\n                <\/div>\n                <div class=\"content-img background-quaternary\">\n                    <div class=\"figure\">\n                        <img loading=\"lazy\" decoding=\"async\" width=\"1920\" height=\"1080\" src=\"https:\/\/www.robust.si\/wp-content\/uploads\/2023\/11\/ENYOJER-PRODUCTS-by-Robust.png\" class=\"attachment- size-\" alt=\"Obla\u010dila Robust Enjoyer\" srcset=\"https:\/\/www.robust.si\/wp-content\/uploads\/2023\/11\/ENYOJER-PRODUCTS-by-Robust.png 1920w, https:\/\/www.robust.si\/wp-content\/uploads\/2023\/11\/ENYOJER-PRODUCTS-by-Robust-600x338.png 600w, https:\/\/www.robust.si\/wp-content\/uploads\/2023\/11\/ENYOJER-PRODUCTS-by-Robust-650x366.png 650w, https:\/\/www.robust.si\/wp-content\/uploads\/2023\/11\/ENYOJER-PRODUCTS-by-Robust-300x169.png 300w, https:\/\/www.robust.si\/wp-content\/uploads\/2023\/11\/ENYOJER-PRODUCTS-by-Robust-768x432.png 768w, https:\/\/www.robust.si\/wp-content\/uploads\/2023\/11\/ENYOJER-PRODUCTS-by-Robust-1024x576.png 1024w, https:\/\/www.robust.si\/wp-content\/uploads\/2023\/11\/ENYOJER-PRODUCTS-by-Robust-1536x864.png 1536w, https:\/\/www.robust.si\/wp-content\/uploads\/2023\/11\/ENYOJER-PRODUCTS-by-Robust-376x212.png 376w\" sizes=\"(max-width: 1920px) 100vw, 1920px\" \/>                    <\/div>\n                <\/div>\n            <\/div>\n                <\/div>\n    \n    \n\n<\/section>\n\n\n\n<section id=\"section-block_b8f66090edf1f0f4f3b7b9f35ea18309\" class=\"section\" style=\"background-position:center; background-size:cover; background-image: url(https:\/\/www.robust.si\/wp-content\/uploads\/2023\/05\/image_720.png)\" >\n    \n\n    <div class=\"grid-container\">\n\n    <div id=\"grid-block_6cc5472e7c98e966bba9812bce0f292d\" class=\"grid-x justify-content-center align-items-center min-height-100-vh\" >\n        \n<div id=\"cell-block_b02c2630059cc4f6e563b38c1ca4f5f0\" class=\"cell\" >\n    \n<div id=\"wrap-block_e95662255d88f318dcc9c2ce34b807c6\" class=\"wrap medium-max-width-650 margin-to-center padding-xxsmall-vertical text-center\"  >\n    \n\n<h2 class=\"wp-block-heading color-white\">WIR VERWANDELN DIE REALIT\u00c4T<\/h2>\n\n\n\n <a id=\"button-block_3a09ddbe2b99a001cff1c78ae8d49971\"class=\"button margin-16-bottom has-icon-right\"href=\"\/de\/robust-vr\/\"target=\"_blank\">Betritt die VR-Welt\n    <svg class=\"icon\"><use href=\"\/wp-content\/themes\/robust\/assets\/img\/icons\/symbol-defs.svg#icon-arrow-right\"><\/use><\/svg><\/a>\n\n\n\n\n<\/div>\n\n\n\n<\/div>\n\n\n\n    <\/div>\n\n    <\/div>\n\n\n\n\n<\/section>\n\n","protected":false},"excerpt":{"rendered":"","protected":false},"author":26,"featured_media":0,"parent":13154,"menu_order":0,"comment_status":"closed","ping_status":"closed","template":"","meta":{"footnotes":""},"acf":[],"yoast_head":"<!-- This site is optimized with the Yoast SEO plugin v20.9 - https:\/\/yoast.com\/wordpress\/plugins\/seo\/ -->\n<title>Robust VR - Robust<\/title>\n<meta name=\"robots\" content=\"index, follow, max-snippet:-1, max-image-preview:large, max-video-preview:-1\" \/>\n<link rel=\"canonical\" href=\"https:\/\/www.robust.si\/de\/ueber-uns\/robust-vr\/\" \/>\n<meta property=\"og:locale\" content=\"de_DE\" \/>\n<meta property=\"og:type\" content=\"article\" \/>\n<meta property=\"og:title\" content=\"Robust VR - Robust\" \/>\n<meta property=\"og:url\" content=\"https:\/\/www.robust.si\/de\/ueber-uns\/robust-vr\/\" \/>\n<meta property=\"og:site_name\" content=\"Robust\" \/>\n<meta property=\"article:publisher\" content=\"https:\/\/www.facebook.com\/robustslo\" \/>\n<meta property=\"article:modified_time\" content=\"2025-07-07T16:02:36+00:00\" \/>\n<meta name=\"twitter:card\" content=\"summary_large_image\" \/>\n<script type=\"application\/ld+json\" class=\"yoast-schema-graph\">{\"@context\":\"https:\/\/schema.org\",\"@graph\":[{\"@type\":\"WebPage\",\"@id\":\"https:\/\/www.robust.si\/de\/ueber-uns\/robust-vr\/\",\"url\":\"https:\/\/www.robust.si\/de\/ueber-uns\/robust-vr\/\",\"name\":\"Robust VR - Robust\",\"isPartOf\":{\"@id\":\"https:\/\/robust.dev.wordpress.optiweb.si\/#website\"},\"datePublished\":\"2023-05-12T06:07:14+00:00\",\"dateModified\":\"2025-07-07T16:02:36+00:00\",\"breadcrumb\":{\"@id\":\"https:\/\/www.robust.si\/de\/ueber-uns\/robust-vr\/#breadcrumb\"},\"inLanguage\":\"de-DE\",\"potentialAction\":[{\"@type\":\"ReadAction\",\"target\":[\"https:\/\/www.robust.si\/de\/ueber-uns\/robust-vr\/\"]}]},{\"@type\":\"BreadcrumbList\",\"@id\":\"https:\/\/www.robust.si\/de\/ueber-uns\/robust-vr\/#breadcrumb\",\"itemListElement\":[{\"@type\":\"ListItem\",\"position\":1,\"name\":\"Home\",\"item\":\"https:\/\/www.robust.si\/de\/\"},{\"@type\":\"ListItem\",\"position\":2,\"name\":\"\u00dcber uns\",\"item\":\"https:\/\/www.robust.si\/de\/ueber-uns\/\"},{\"@type\":\"ListItem\",\"position\":3,\"name\":\"Robust VR\"}]},{\"@type\":\"WebSite\",\"@id\":\"https:\/\/robust.dev.wordpress.optiweb.si\/#website\",\"url\":\"https:\/\/robust.dev.wordpress.optiweb.si\/\",\"name\":\"Robust\",\"description\":\"\",\"publisher\":{\"@id\":\"https:\/\/robust.dev.wordpress.optiweb.si\/#organization\"},\"potentialAction\":[{\"@type\":\"SearchAction\",\"target\":{\"@type\":\"EntryPoint\",\"urlTemplate\":\"https:\/\/robust.dev.wordpress.optiweb.si\/?s={search_term_string}\"},\"query-input\":\"required name=search_term_string\"}],\"inLanguage\":\"de-DE\"},{\"@type\":\"Organization\",\"@id\":\"https:\/\/robust.dev.wordpress.optiweb.si\/#organization\",\"name\":\"Robust\",\"url\":\"https:\/\/robust.dev.wordpress.optiweb.si\/\",\"logo\":{\"@type\":\"ImageObject\",\"inLanguage\":\"de-DE\",\"@id\":\"https:\/\/robust.dev.wordpress.optiweb.si\/#\/schema\/logo\/image\/\",\"url\":\"https:\/\/www.robust.si\/wp-content\/uploads\/2025\/07\/Robust_Logotip_Vertikalni_Colour.png\",\"contentUrl\":\"https:\/\/www.robust.si\/wp-content\/uploads\/2025\/07\/Robust_Logotip_Vertikalni_Colour.png\",\"width\":1114,\"height\":660,\"caption\":\"Robust\"},\"image\":{\"@id\":\"https:\/\/robust.dev.wordpress.optiweb.si\/#\/schema\/logo\/image\/\"},\"sameAs\":[\"https:\/\/www.facebook.com\/robustslo\",\"https:\/\/www.linkedin.com\/company\/robust-d-o-o\/\"]}]}<\/script>\n<!-- \/ Yoast SEO plugin. -->","yoast_head_json":{"title":"Robust VR - Robust","robots":{"index":"index","follow":"follow","max-snippet":"max-snippet:-1","max-image-preview":"max-image-preview:large","max-video-preview":"max-video-preview:-1"},"canonical":"https:\/\/www.robust.si\/de\/ueber-uns\/robust-vr\/","og_locale":"de_DE","og_type":"article","og_title":"Robust VR - Robust","og_url":"https:\/\/www.robust.si\/de\/ueber-uns\/robust-vr\/","og_site_name":"Robust","article_publisher":"https:\/\/www.facebook.com\/robustslo","article_modified_time":"2025-07-07T16:02:36+00:00","twitter_card":"summary_large_image","schema":{"@context":"https:\/\/schema.org","@graph":[{"@type":"WebPage","@id":"https:\/\/www.robust.si\/de\/ueber-uns\/robust-vr\/","url":"https:\/\/www.robust.si\/de\/ueber-uns\/robust-vr\/","name":"Robust VR - Robust","isPartOf":{"@id":"https:\/\/robust.dev.wordpress.optiweb.si\/#website"},"datePublished":"2023-05-12T06:07:14+00:00","dateModified":"2025-07-07T16:02:36+00:00","breadcrumb":{"@id":"https:\/\/www.robust.si\/de\/ueber-uns\/robust-vr\/#breadcrumb"},"inLanguage":"de-DE","potentialAction":[{"@type":"ReadAction","target":["https:\/\/www.robust.si\/de\/ueber-uns\/robust-vr\/"]}]},{"@type":"BreadcrumbList","@id":"https:\/\/www.robust.si\/de\/ueber-uns\/robust-vr\/#breadcrumb","itemListElement":[{"@type":"ListItem","position":1,"name":"Home","item":"https:\/\/www.robust.si\/de\/"},{"@type":"ListItem","position":2,"name":"\u00dcber uns","item":"https:\/\/www.robust.si\/de\/ueber-uns\/"},{"@type":"ListItem","position":3,"name":"Robust VR"}]},{"@type":"WebSite","@id":"https:\/\/robust.dev.wordpress.optiweb.si\/#website","url":"https:\/\/robust.dev.wordpress.optiweb.si\/","name":"Robust","description":"","publisher":{"@id":"https:\/\/robust.dev.wordpress.optiweb.si\/#organization"},"potentialAction":[{"@type":"SearchAction","target":{"@type":"EntryPoint","urlTemplate":"https:\/\/robust.dev.wordpress.optiweb.si\/?s={search_term_string}"},"query-input":"required name=search_term_string"}],"inLanguage":"de-DE"},{"@type":"Organization","@id":"https:\/\/robust.dev.wordpress.optiweb.si\/#organization","name":"Robust","url":"https:\/\/robust.dev.wordpress.optiweb.si\/","logo":{"@type":"ImageObject","inLanguage":"de-DE","@id":"https:\/\/robust.dev.wordpress.optiweb.si\/#\/schema\/logo\/image\/","url":"https:\/\/www.robust.si\/wp-content\/uploads\/2025\/07\/Robust_Logotip_Vertikalni_Colour.png","contentUrl":"https:\/\/www.robust.si\/wp-content\/uploads\/2025\/07\/Robust_Logotip_Vertikalni_Colour.png","width":1114,"height":660,"caption":"Robust"},"image":{"@id":"https:\/\/robust.dev.wordpress.optiweb.si\/#\/schema\/logo\/image\/"},"sameAs":["https:\/\/www.facebook.com\/robustslo","https:\/\/www.linkedin.com\/company\/robust-d-o-o\/"]}]}},"_links":{"self":[{"href":"https:\/\/www.robust.si\/de\/wp-json\/wp\/v2\/pages\/13169"}],"collection":[{"href":"https:\/\/www.robust.si\/de\/wp-json\/wp\/v2\/pages"}],"about":[{"href":"https:\/\/www.robust.si\/de\/wp-json\/wp\/v2\/types\/page"}],"author":[{"embeddable":true,"href":"https:\/\/www.robust.si\/de\/wp-json\/wp\/v2\/users\/26"}],"replies":[{"embeddable":true,"href":"https:\/\/www.robust.si\/de\/wp-json\/wp\/v2\/comments?post=13169"}],"version-history":[{"count":5,"href":"https:\/\/www.robust.si\/de\/wp-json\/wp\/v2\/pages\/13169\/revisions"}],"predecessor-version":[{"id":21819,"href":"https:\/\/www.robust.si\/de\/wp-json\/wp\/v2\/pages\/13169\/revisions\/21819"}],"up":[{"embeddable":true,"href":"https:\/\/www.robust.si\/de\/wp-json\/wp\/v2\/pages\/13154"}],"wp:attachment":[{"href":"https:\/\/www.robust.si\/de\/wp-json\/wp\/v2\/media?parent=13169"}],"curies":[{"name":"wp","href":"https:\/\/api.w.org\/{rel}","templated":true}]}}