{"id":13161,"date":"2023-05-11T10:03:21","date_gmt":"2023-05-11T08:03:21","guid":{"rendered":"https:\/\/robust.dev.wordpress.optiweb.si\/kontakt\/"},"modified":"2025-11-14T11:33:37","modified_gmt":"2025-11-14T09:33:37","slug":"kontakt","status":"publish","type":"page","link":"https:\/\/www.robust.si\/de\/kontakt\/","title":{"rendered":"Kontakt"},"content":{"rendered":"<section id=\"section-block_d05b0cc3feae7198b6d0f695587306c7\" class=\"section min-height-100-vh display-flex flex-direction-column header-pull header-inverse header-space\" style=\"background-repeat: no-repeat; background-size: cover; background-position: center; background-image: url(https:\/\/www.robust.si\/wp-content\/uploads\/2023\/05\/contact.png)\" >\n    \n<div id=\"wrap-block_855977849874af1e01de7b4f377b04e0\" class=\"wrap\"  >\n    \n\n    <div class=\"grid-container\">\n\n    <div id=\"grid-block_e1833ff5bb10ee937a60b1facabc0b1c\" class=\"grid-x\" >\n        \n<div id=\"cell-block_065e68420fd095075a6cc967e2fe19d3\" class=\"cell\" >\n    \n<nav class=\"page-breadcrumb padding-24-bottom\"><a href=\"https:\/\/www.robust.si\/de\/\">Home<\/a><\/nav>\n\n\n<\/div>\n\n\n\n    <\/div>\n\n    <\/div>\n\n\n\n\n<\/div>\n\n\n\n<div id=\"wrap-block_f4026b3880d11abe5379d1b0747d00ec\" class=\"wrap margin-auto-top\"  >\n    \n\n    <div class=\"grid-container\">\n\n    <div id=\"grid-block_d3d6d431a81bce6b7bbe6bfa49746154\" class=\"grid-x grid-margin-x\" >\n        \n<div id=\"cell-block_d3e301929561b1e578b5d5b66d31a643\" class=\"cell large-7\" >\n    \n<div id=\"wrap-block_aa60fd4c1be72e285e406702ce80dfd7\" class=\"wrap medium-min-height-480 padding-xxsmall-bottom medium-padding-medium-bottom color-white\"  >\n    \n\n<h1 class=\"wp-block-heading color-white\">Kontakt<\/h1>\n\n\n\n<p class=\"lead\">\u201e<strong>Nehmen Sie die Sache selbst in die Hand!<\/strong>\u201c <\/p>\n\n\n\n<p class=\"lead\">Wenden Sie sich an uns, wenn Sie Fragen zu unseren Forstmaschinen und Abfallrecyclingmaschinen haben oder technische Unterst\u00fctzung f\u00fcr Ihre Maschine ben\u00f6tigen.<\/p>\n\n\n<\/div>\n\n\n\n<\/div>\n\n\n\n    <\/div>\n\n    <\/div>\n\n\n\n\n<\/div>\n\n\n\n<\/section>\n\n\n\n<section id=\"section-block_e77e2fa9889ec7244ce17f18868af7e6\" class=\"section padding-xxsmall-vertical medium-padding-medium-vertical\"  data-horizontal-border='{\"position\":\"top\"}'>\n    \n\n    <div class=\"grid-container\">\n\n    <div id=\"grid-block_90c216d9415d7c6dc8ecf6d72fe71de2\" class=\"grid-x grid-margin-x grid-margin-y\" >\n        \n<div id=\"cell-block_29c1414fbd122ee44d3918ee75f7f8fb\" class=\"cell medium-4 large-3\" >\n    \n<div id=\"wrap-block_855977849874af1e01de7b4f377b04e0\" class=\"wrap\"  >\n    \n\n<h3 class=\"wp-block-heading h4\">Verkaufsabteilung<\/h3>\n\n\n\n<p class=\"no-margin font-weight-bold\">Matja\u017e Erjavec, Verkauf<\/p>\n\n\n\n<p class=\"no-margin\">matjaz.erjavec@robust.si<\/p>\n\n\n\n<p class=\"no-margin\">+386 (0)31 312 337<\/p>\n\n\n<\/div>\n\n\n\n<\/div>\n\n\n\n<div id=\"cell-block_29c1414fbd122ee44d3918ee75f7f8fb\" class=\"cell medium-4 large-3\" >\n    \n<div id=\"wrap-block_855977849874af1e01de7b4f377b04e0\" class=\"wrap\"  >\n    \n\n<h3 class=\"wp-block-heading h4\">Unterst\u00fctzung<\/h3>\n\n\n\n<p class=\"no-margin font-weight-bold\">Sergej Gaji\u0107, technische Unterst\u00fctzung<\/p>\n\n\n\n<p class=\"no-margin\">podpora@robust.si<\/p>\n\n\n\n<p class=\"no-margin\">+386 (0)51 658 787<\/p>\n\n\n<\/div>\n\n\n\n<\/div>\n\n\n\n<div id=\"cell-block_29c1414fbd122ee44d3918ee75f7f8fb\" class=\"cell medium-4 large-3\" >\n    \n<div id=\"wrap-block_5b4a2fa95e2728748426f7b475309836\" class=\"wrap margin-24-bottom\"  >\n    \n\n<h3 class=\"wp-block-heading h4\">Gesch\u00e4ftsleitung<\/h3>\n\n\n\n<p class=\"no-margin font-weight-bold\">Marko Perak, kaufm\u00e4nnischer Direktor<\/p>\n\n\n\n<p class=\"no-margin\">marko.perak@robust.si<\/p>\n\n\n\n<p class=\"no-margin\">+386 (0)51 317 141<\/p>\n\n\n<\/div>\n\n\n\n<div id=\"wrap-block_2aefb84854a9ba8cdc0ae7556caa1a50\" class=\"wrap\"  >\n    \n\n<p class=\"no-margin font-weight-bold\"><\/p>\n\n\n<\/div>\n\n\n\n<\/div>\n\n\n\n<div id=\"cell-block_29c1414fbd122ee44d3918ee75f7f8fb\" class=\"cell medium-4 large-3\" >\n    \n<div id=\"wrap-block_855977849874af1e01de7b4f377b04e0\" class=\"wrap\"  >\n    \n\n<h3 class=\"wp-block-heading h4\">Marketing<\/h3>\n\n\n\n<p class=\"no-margin font-weight-bold\">Luka Vider, Marketing<\/p>\n\n\n\n<p class=\"no-margin\">marketing@robust.si<\/p>\n\n\n\n<p class=\"no-margin\">+386 (0)31 819 788<\/p>\n\n\n<\/div>\n\n\n\n<\/div>\n\n\n\n    <\/div>\n\n    <\/div>\n\n\n\n\n<\/section>\n\n\n\n<section id=\"section-block_e77e2fa9889ec7244ce17f18868af7e6\" class=\"section padding-xxsmall-vertical medium-padding-medium-vertical\"  data-horizontal-border='{\"position\":\"top\"}'>\n    \n\n    <div class=\"grid-container\">\n\n    <div id=\"grid-block_1e1598738d7c33b286c1c5da2243de9b\" class=\"grid-x grid-padding-x grid-margin-y\" >\n        \n<div id=\"cell-block_753d6a5f488645a9c2cb86f10e514043\" class=\"cell medium-5 large-4\" >\n    \n<div id=\"wrap-block_855977849874af1e01de7b4f377b04e0\" class=\"wrap\"  >\n    \n\n<h2 class=\"wp-block-heading small\">KONTAKT AUFNEHMEN<\/h2>\n\n\n\n<p>Falls es um die technische Hilfe an der Maschine geht, bitten wir Sie,&nbsp;<strong>uns eine detaillierte Beschreibung des technischen Problems<\/strong> zukommen zu lassen, einschlie\u00dflich&nbsp;<strong>des Modells der Maschine, der Seriennummer, der Anzahl der Betriebsstunden&nbsp;<\/strong>(falls die Maschine dazu in der Lage ist)<strong>&nbsp;und des Herstellungsjahres.<\/strong><\/p>\n\n\n<div id=\"wrap-block_2aefb84854a9ba8cdc0ae7556caa1a50\" class=\"wrap\"  >\n    \n\n<p class=\"no-margin font-weight-bold\">Telefon<\/p>\n\n\n\n<p class=\"no-margin\">+386 (0)3 703 88 30<\/p>\n\n\n\n<p>+386 (0)3 703 88 30<\/p>\n\n\n<\/div>\n\n\n\n<div id=\"wrap-block_2aefb84854a9ba8cdc0ae7556caa1a50\" class=\"wrap\"  >\n    \n\n<p class=\"no-margin font-weight-bold\">E-Mail-Adresse<\/p>\n\n\n\n<p>info@robust.si<\/p>\n\n\n<\/div>\n\n\n\n<div id=\"wrap-block_2aefb84854a9ba8cdc0ae7556caa1a50\" class=\"wrap\"  >\n    \n\n<p class=\"no-margin font-weight-bold\">Standort<\/p>\n\n\n\n<p>Arja vas 105, 3301 Petrov\u010de, Slowenien<\/p>\n\n\n<\/div>\n\n\n\n<div id=\"wrap-block_2aefb84854a9ba8cdc0ae7556caa1a50\" class=\"wrap\"  >\n    \n\n<p class=\"no-margin font-weight-bold\">Arbeitszeit<\/p>\n\n\n\n<p>Montag bis Freitag von 7 Uhr bis 15 Uhr<\/p>\n\n\n<\/div>\n\n\n\n<\/div>\n\n\n\n<\/div>\n\n\n\n<div id=\"cell-block_76d2cdaa16a34a3d574d74fbfcb7d2b0\" class=\"cell medium-7 large-8\" >\n    \n\n<div class=\"wpcf7 no-js\" id=\"wpcf7-f14675-o1\" lang=\"de-DE\" dir=\"ltr\">\n<div class=\"screen-reader-response\"><p role=\"status\" aria-live=\"polite\" aria-atomic=\"true\"><\/p> <ul><\/ul><\/div>\n<form action=\"\/de\/wp-json\/wp\/v2\/pages\/13161#wpcf7-f14675-o1\" method=\"post\" class=\"wpcf7-form init use-floating-validation-tip\" aria-label=\"Contact form\" novalidate=\"novalidate\" data-status=\"init\">\n<div style=\"display: none;\">\n<input type=\"hidden\" name=\"_wpcf7\" value=\"14675\" \/>\n<input type=\"hidden\" name=\"_wpcf7_version\" value=\"5.8.7\" \/>\n<input type=\"hidden\" name=\"_wpcf7_locale\" value=\"de_DE\" \/>\n<input type=\"hidden\" name=\"_wpcf7_unit_tag\" value=\"wpcf7-f14675-o1\" \/>\n<input type=\"hidden\" name=\"_wpcf7_container_post\" value=\"0\" \/>\n<input type=\"hidden\" name=\"_wpcf7_posted_data_hash\" value=\"\" \/>\n<input type=\"hidden\" name=\"_wpcf7cf_hidden_group_fields\" value=\"[]\" \/>\n<input type=\"hidden\" name=\"_wpcf7cf_hidden_groups\" value=\"[]\" \/>\n<input type=\"hidden\" name=\"_wpcf7cf_visible_groups\" value=\"[]\" \/>\n<input type=\"hidden\" name=\"_wpcf7cf_repeaters\" value=\"[]\" \/>\n<input type=\"hidden\" name=\"_wpcf7cf_steps\" value=\"{}\" \/>\n<input type=\"hidden\" name=\"_wpcf7cf_options\" value=\"{&quot;form_id&quot;:14675,&quot;conditions&quot;:[{&quot;then_field&quot;:&quot;group-pravna-osoba&quot;,&quot;and_rules&quot;:[{&quot;if_field&quot;:&quot;rbtOseba&quot;,&quot;operator&quot;:&quot;equals&quot;,&quot;if_value&quot;:&quot;Juristische Person&quot;},{&quot;if_field&quot;:&quot;my_option&quot;,&quot;operator&quot;:&quot;equals&quot;,&quot;if_value&quot;:&quot;Technischer Support und Service&quot;}]},{&quot;then_field&quot;:&quot;group-fizicka-osoba&quot;,&quot;and_rules&quot;:[{&quot;if_field&quot;:&quot;rbtOseba&quot;,&quot;operator&quot;:&quot;equals&quot;,&quot;if_value&quot;:&quot;Nat\\u00fcrliche Person&quot;},{&quot;if_field&quot;:&quot;my_option&quot;,&quot;operator&quot;:&quot;equals&quot;,&quot;if_value&quot;:&quot;Technischer Support und Service&quot;}]},{&quot;then_field&quot;:&quot;group-pravna-osoba-info&quot;,&quot;and_rules&quot;:[{&quot;if_field&quot;:&quot;my_option&quot;,&quot;operator&quot;:&quot;equals&quot;,&quot;if_value&quot;:&quot;Allgemeine Informationen&quot;},{&quot;if_field&quot;:&quot;rbtOseba&quot;,&quot;operator&quot;:&quot;equals&quot;,&quot;if_value&quot;:&quot;Juristische Person&quot;}]},{&quot;then_field&quot;:&quot;group-pravna-osoba-info&quot;,&quot;and_rules&quot;:[{&quot;if_field&quot;:&quot;my_option&quot;,&quot;operator&quot;:&quot;equals&quot;,&quot;if_value&quot;:&quot;Produktinformationen&quot;},{&quot;if_field&quot;:&quot;rbtOseba&quot;,&quot;operator&quot;:&quot;equals&quot;,&quot;if_value&quot;:&quot;Juristische Person&quot;}]}],&quot;settings&quot;:{&quot;animation&quot;:&quot;yes&quot;,&quot;animation_intime&quot;:200,&quot;animation_outtime&quot;:200,&quot;conditions_ui&quot;:&quot;normal&quot;,&quot;notice_dismissed&quot;:false,&quot;notice_dismissed_update-cf7-5.8.1&quot;:true,&quot;notice_dismissed_rollback-cf7-5.8.6&quot;:true}}\" \/>\n<\/div>\n<div class=\"grid-x grid-padding-x\">\n    <div class=\"medium-6 cell\">\n        <div class=\"form-row\">\n            <span class=\"wpcf7-form-control-wrap\" data-name=\"firstname\"><input size=\"40\" class=\"wpcf7-form-control wpcf7-text\" aria-invalid=\"false\" placeholder=\"Name\" value=\"\" type=\"text\" name=\"firstname\" \/><\/span>\n        <\/div>\n    <\/div>\n\n    <div class=\"medium-6 cell\">\n        <div class=\"form-row\">\n            <span class=\"wpcf7-form-control-wrap\" data-name=\"lastname\"><input size=\"40\" class=\"wpcf7-form-control wpcf7-text\" aria-invalid=\"false\" placeholder=\"Nachname\" value=\"\" type=\"text\" name=\"lastname\" \/><\/span>\n        <\/div>\n    <\/div>\n\n    <div class=\"medium-6 cell\">\n        <div class=\"form-row\">\n            <span class=\"wpcf7-form-control-wrap\" data-name=\"email\"><input size=\"40\" class=\"wpcf7-form-control wpcf7-email wpcf7-validates-as-required wpcf7-text wpcf7-validates-as-email\" aria-required=\"true\" aria-invalid=\"false\" placeholder=\"Email*\" value=\"\" type=\"email\" name=\"email\" \/><\/span>\n        <\/div>\n    <\/div>\n\n    <div class=\"medium-6 cell\">\n        <div class=\"form-row\">\n            <span class=\"wpcf7-form-control-wrap\" data-name=\"telephone\"><input size=\"40\" class=\"wpcf7-form-control wpcf7-text\" aria-invalid=\"false\" placeholder=\"Telefonnummer\" value=\"\" type=\"text\" name=\"telephone\" \/><\/span>\n        <\/div>\n    <\/div>\n\n    <div class=\"cell medium-6\">\n        <div class=\"form-row\">\n            <span class=\"wpcf7-form-control-wrap\" data-name=\"my_option\"><select class=\"wpcf7-form-control wpcf7-select\" aria-invalid=\"false\" name=\"my_option\"><option value=\"\">\u2014Ich interessiere mich f\u00fcr\u2014<\/option><option value=\"Allgemeine Informationen\">Allgemeine Informationen<\/option><option value=\"Produktinformationen\">Produktinformationen<\/option><option value=\"Technischer Support und Service\">Technischer Support und Service<\/option><\/select><\/span>\n        <\/div>\n    <\/div>\n\n    <div class=\"cell\">\n        <div class=\"form-row\">\n            <span class=\"wpcf7-form-control-wrap\" data-name=\"rbtOseba\"><span class=\"wpcf7-form-control wpcf7-radio\"><span class=\"wpcf7-list-item first last\"><input type=\"radio\" name=\"rbtOseba\" value=\"Nat\u00fcrliche Person\" checked=\"checked\" \/><span class=\"wpcf7-list-item-label\">Nat\u00fcrliche Person<\/span><\/span><\/span><\/span>\n        <\/div>\n    <\/div>\n    <div class=\"cell rbtChange cbr-wrap\" data-cbr-target=\".rbtChange\" data-cbr-toggle-class=\"display-block\">\n        <div class=\"form-row\">\n            <span class=\"wpcf7-form-control-wrap\" data-name=\"rbtOseba\"><span class=\"wpcf7-form-control wpcf7-radio\"><span class=\"wpcf7-list-item first last\"><input type=\"radio\" name=\"rbtOseba\" value=\"Juristische Person\" \/><span class=\"wpcf7-list-item-label\">Juristische Person<\/span><\/span><\/span><\/span>\n        <\/div>\n    <\/div>\n\n    <div class=\"cell\">\n        <div data-id=\"group-pravna-osoba\" data-orig_data_id=\"group-pravna-osoba\"  data-class=\"wpcf7cf_group\">\n            <div class=\"grid-x grid-margin-x\">\n                <div class=\"medium-6 cell\">\n                    <div id=\"test1\" class=\"form-row\">\n                        <span class=\"wpcf7-form-control-wrap\" data-name=\"podjetje\"><input size=\"40\" class=\"wpcf7-form-control wpcf7-text wpcf7-validates-as-required\" aria-required=\"true\" aria-invalid=\"false\" placeholder=\"Unternehmen*\" value=\"\" type=\"text\" name=\"podjetje\" \/><\/span>\n                    <\/div>\n                <\/div>\n\n                <div class=\"medium-6 cell\">\n                    <div class=\"form-row\">\n                        <span class=\"wpcf7-form-control-wrap\" data-name=\"serjska\"><input size=\"40\" class=\"wpcf7-form-control wpcf7-text wpcf7-validates-as-required\" aria-required=\"true\" aria-invalid=\"false\" placeholder=\"Seriennummer*\" value=\"\" type=\"text\" name=\"serjska\" \/><\/span>\n                    <\/div>\n                <\/div>\n\n                <div class=\"medium-6 cell\">\n                    <div class=\"form-row\">\n                        <span class=\"wpcf7-form-control-wrap\" data-name=\"stevilo\"><input size=\"40\" class=\"wpcf7-form-control wpcf7-text wpcf7-validates-as-required\" aria-required=\"true\" aria-invalid=\"false\" placeholder=\"Anzahl der Betriebsstunden*\" value=\"\" type=\"text\" name=\"stevilo\" \/><\/span>\n                    <\/div>\n                <\/div>\n\n                <div class=\"medium-6 cell\">\n                    <div class=\"form-row\">\n                        <span class=\"wpcf7-form-control-wrap\" data-name=\"model\"><input size=\"40\" class=\"wpcf7-form-control wpcf7-text wpcf7-validates-as-required\" aria-required=\"true\" aria-invalid=\"false\" placeholder=\"Maschinenmodell*\" value=\"\" type=\"text\" name=\"model\" \/><\/span>\n                    <\/div>\n                <\/div>\n            <\/div>\n        <\/div>\n    <\/div>\n\n    <div class=\"cell\">\n        <div data-id=\"group-pravna-osoba-info\" data-orig_data_id=\"group-pravna-osoba-info\"  data-class=\"wpcf7cf_group\">\n            <div class=\"grid-x grid-margin-x\">\n                <div class=\"medium-6 cell\">\n                    <div id=\"test1\" class=\"form-row\">\n                        <span class=\"wpcf7-form-control-wrap\" data-name=\"podjetje\"><input size=\"40\" class=\"wpcf7-form-control wpcf7-text wpcf7-validates-as-required\" aria-required=\"true\" aria-invalid=\"false\" placeholder=\"Unternehmen*\" value=\"\" type=\"text\" name=\"podjetje\" \/><\/span>\n                    <\/div>\n                <\/div>\n            <\/div>\n        <\/div>\n    <\/div>\n\n    <div class=\"cell\">\n        <div data-id=\"group-fizicka-osoba\" data-orig_data_id=\"group-fizicka-osoba\"  data-class=\"wpcf7cf_group\">\n            <div class=\"grid-x grid-margin-x\">\n\n                <div class=\"medium-6 cell\">\n                    <div class=\"form-row\">\n                        <span class=\"wpcf7-form-control-wrap\" data-name=\"serjska1\"><input size=\"40\" class=\"wpcf7-form-control wpcf7-text wpcf7-validates-as-required\" aria-required=\"true\" aria-invalid=\"false\" placeholder=\"Seriennummer*\" value=\"\" type=\"text\" name=\"serjska1\" \/><\/span>\n                    <\/div>\n                <\/div>\n\n            <\/div>\n        <\/div>\n    <\/div>\n\n    <div class=\"cell\">\n        <div class=\"form-row\">\n            <span class=\"wpcf7-form-control-wrap\" data-name=\"message\"><textarea cols=\"40\" rows=\"10\" class=\"wpcf7-form-control wpcf7-textarea\" aria-invalid=\"false\" placeholder=\"Weitere Informationen\" name=\"message\"><\/textarea><\/span>\n        <\/div>\n    <\/div>\n\n    <div class=\"cell\">\n        <label class=\"grid-x align-items-center\">\n            <div class=\"cell shrink\">\n                <span class=\"wpcf7-form-control-wrap\" data-name=\"gdpr\"><span class=\"wpcf7-form-control wpcf7-checkbox wpcf7-validates-as-required hide-label\"><span class=\"wpcf7-list-item first last\"><input type=\"checkbox\" name=\"gdpr[]\" value=\"1\" \/><span class=\"wpcf7-list-item-label\">1<\/span><\/span><\/span><\/span>\n            <\/div>\n            <div class=\"cell auto\">\n                <span class=\"color-gray-dark-0-6\">Ich best\u00e4tige, dass ich mit der Datenschutzerkl\u00e4rung vertraut bin.<\/span>\n            <\/div>\n        <\/label>\n    <\/div>\n\n    <div class=\"cell\">\n        <div class=\"margin-16-top\">\n           <div id=\"cf7sr-69de439a1caae\" class=\"cf7sr-g-recaptcha\" data-theme=\"light\" data-type=\"image\" data-size=\"normal\" data-sitekey=\"6LeKZCIqAAAAAG32E8TeahA3ZYECpnUCM0GS3U7h\"><\/div><span class=\"wpcf7-form-control-wrap cf7sr-recaptcha\" data-name=\"cf7sr-recaptcha\"><input type=\"hidden\" name=\"cf7sr-recaptcha\" value=\"\" class=\"wpcf7-form-control\"><\/span>\n        <\/div>\n    <\/div>\n\n    <div class=\"cell\">\n        <div class=\"form-actions margin-32-top\">\n            <button name=\"submit\" class=\"has-icon-right\">\n                Senden Sie eine Nachricht\n                <svg class=\"icon\">\n                    <use href=\"\/wp-content\/themes\/robust\/assets\/img\/icons\/symbol-defs.svg#icon-arrow-link-right\"><\/use>\n                <\/svg>\n            <\/button>\n        <\/div>\n    <\/div>\n<\/div><div class=\"wpcf7-response-output\" aria-hidden=\"true\"><\/div>\n<\/form>\n<\/div>\n\n\n\n<\/div>\n\n\n\n    <\/div>\n\n    <\/div>\n\n\n\n\n<\/section>\n\n","protected":false},"excerpt":{"rendered":"","protected":false},"author":26,"featured_media":0,"parent":0,"menu_order":0,"comment_status":"closed","ping_status":"closed","template":"","meta":{"footnotes":""},"acf":[],"yoast_head":"<!-- This site is optimized with the Yoast SEO plugin v20.9 - https:\/\/yoast.com\/wordpress\/plugins\/seo\/ -->\n<title>Kontakt - Robust<\/title>\n<meta name=\"robots\" content=\"index, follow, max-snippet:-1, max-image-preview:large, max-video-preview:-1\" \/>\n<link rel=\"canonical\" href=\"https:\/\/www.robust.si\/de\/kontakt\/\" \/>\n<meta property=\"og:locale\" content=\"de_DE\" \/>\n<meta property=\"og:type\" content=\"article\" \/>\n<meta property=\"og:title\" content=\"Kontakt - Robust\" \/>\n<meta property=\"og:url\" content=\"https:\/\/www.robust.si\/de\/kontakt\/\" \/>\n<meta property=\"og:site_name\" content=\"Robust\" \/>\n<meta property=\"article:publisher\" content=\"https:\/\/www.facebook.com\/robustslo\" \/>\n<meta property=\"article:modified_time\" content=\"2025-11-14T09:33:37+00:00\" \/>\n<meta name=\"twitter:card\" content=\"summary_large_image\" \/>\n<meta name=\"twitter:label1\" content=\"Gesch\u00e4tzte Lesezeit\" \/>\n\t<meta name=\"twitter:data1\" content=\"1 Minute\" \/>\n<script type=\"application\/ld+json\" class=\"yoast-schema-graph\">{\"@context\":\"https:\/\/schema.org\",\"@graph\":[{\"@type\":\"WebPage\",\"@id\":\"https:\/\/www.robust.si\/de\/kontakt\/\",\"url\":\"https:\/\/www.robust.si\/de\/kontakt\/\",\"name\":\"Kontakt - Robust\",\"isPartOf\":{\"@id\":\"https:\/\/robust.dev.wordpress.optiweb.si\/#website\"},\"datePublished\":\"2023-05-11T08:03:21+00:00\",\"dateModified\":\"2025-11-14T09:33:37+00:00\",\"breadcrumb\":{\"@id\":\"https:\/\/www.robust.si\/de\/kontakt\/#breadcrumb\"},\"inLanguage\":\"de-DE\",\"potentialAction\":[{\"@type\":\"ReadAction\",\"target\":[\"https:\/\/www.robust.si\/de\/kontakt\/\"]}]},{\"@type\":\"BreadcrumbList\",\"@id\":\"https:\/\/www.robust.si\/de\/kontakt\/#breadcrumb\",\"itemListElement\":[{\"@type\":\"ListItem\",\"position\":1,\"name\":\"Home\",\"item\":\"https:\/\/www.robust.si\/de\/\"},{\"@type\":\"ListItem\",\"position\":2,\"name\":\"Kontakt\"}]},{\"@type\":\"WebSite\",\"@id\":\"https:\/\/robust.dev.wordpress.optiweb.si\/#website\",\"url\":\"https:\/\/robust.dev.wordpress.optiweb.si\/\",\"name\":\"Robust\",\"description\":\"\",\"publisher\":{\"@id\":\"https:\/\/robust.dev.wordpress.optiweb.si\/#organization\"},\"potentialAction\":[{\"@type\":\"SearchAction\",\"target\":{\"@type\":\"EntryPoint\",\"urlTemplate\":\"https:\/\/robust.dev.wordpress.optiweb.si\/?s={search_term_string}\"},\"query-input\":\"required name=search_term_string\"}],\"inLanguage\":\"de-DE\"},{\"@type\":\"Organization\",\"@id\":\"https:\/\/robust.dev.wordpress.optiweb.si\/#organization\",\"name\":\"Robust\",\"url\":\"https:\/\/robust.dev.wordpress.optiweb.si\/\",\"logo\":{\"@type\":\"ImageObject\",\"inLanguage\":\"de-DE\",\"@id\":\"https:\/\/robust.dev.wordpress.optiweb.si\/#\/schema\/logo\/image\/\",\"url\":\"https:\/\/www.robust.si\/wp-content\/uploads\/2025\/07\/Robust_Logotip_Vertikalni_Colour.png\",\"contentUrl\":\"https:\/\/www.robust.si\/wp-content\/uploads\/2025\/07\/Robust_Logotip_Vertikalni_Colour.png\",\"width\":1114,\"height\":660,\"caption\":\"Robust\"},\"image\":{\"@id\":\"https:\/\/robust.dev.wordpress.optiweb.si\/#\/schema\/logo\/image\/\"},\"sameAs\":[\"https:\/\/www.facebook.com\/robustslo\",\"https:\/\/www.linkedin.com\/company\/robust-d-o-o\/\"]}]}<\/script>\n<!-- \/ Yoast SEO plugin. -->","yoast_head_json":{"title":"Kontakt - Robust","robots":{"index":"index","follow":"follow","max-snippet":"max-snippet:-1","max-image-preview":"max-image-preview:large","max-video-preview":"max-video-preview:-1"},"canonical":"https:\/\/www.robust.si\/de\/kontakt\/","og_locale":"de_DE","og_type":"article","og_title":"Kontakt - Robust","og_url":"https:\/\/www.robust.si\/de\/kontakt\/","og_site_name":"Robust","article_publisher":"https:\/\/www.facebook.com\/robustslo","article_modified_time":"2025-11-14T09:33:37+00:00","twitter_card":"summary_large_image","twitter_misc":{"Gesch\u00e4tzte Lesezeit":"1 Minute"},"schema":{"@context":"https:\/\/schema.org","@graph":[{"@type":"WebPage","@id":"https:\/\/www.robust.si\/de\/kontakt\/","url":"https:\/\/www.robust.si\/de\/kontakt\/","name":"Kontakt - Robust","isPartOf":{"@id":"https:\/\/robust.dev.wordpress.optiweb.si\/#website"},"datePublished":"2023-05-11T08:03:21+00:00","dateModified":"2025-11-14T09:33:37+00:00","breadcrumb":{"@id":"https:\/\/www.robust.si\/de\/kontakt\/#breadcrumb"},"inLanguage":"de-DE","potentialAction":[{"@type":"ReadAction","target":["https:\/\/www.robust.si\/de\/kontakt\/"]}]},{"@type":"BreadcrumbList","@id":"https:\/\/www.robust.si\/de\/kontakt\/#breadcrumb","itemListElement":[{"@type":"ListItem","position":1,"name":"Home","item":"https:\/\/www.robust.si\/de\/"},{"@type":"ListItem","position":2,"name":"Kontakt"}]},{"@type":"WebSite","@id":"https:\/\/robust.dev.wordpress.optiweb.si\/#website","url":"https:\/\/robust.dev.wordpress.optiweb.si\/","name":"Robust","description":"","publisher":{"@id":"https:\/\/robust.dev.wordpress.optiweb.si\/#organization"},"potentialAction":[{"@type":"SearchAction","target":{"@type":"EntryPoint","urlTemplate":"https:\/\/robust.dev.wordpress.optiweb.si\/?s={search_term_string}"},"query-input":"required name=search_term_string"}],"inLanguage":"de-DE"},{"@type":"Organization","@id":"https:\/\/robust.dev.wordpress.optiweb.si\/#organization","name":"Robust","url":"https:\/\/robust.dev.wordpress.optiweb.si\/","logo":{"@type":"ImageObject","inLanguage":"de-DE","@id":"https:\/\/robust.dev.wordpress.optiweb.si\/#\/schema\/logo\/image\/","url":"https:\/\/www.robust.si\/wp-content\/uploads\/2025\/07\/Robust_Logotip_Vertikalni_Colour.png","contentUrl":"https:\/\/www.robust.si\/wp-content\/uploads\/2025\/07\/Robust_Logotip_Vertikalni_Colour.png","width":1114,"height":660,"caption":"Robust"},"image":{"@id":"https:\/\/robust.dev.wordpress.optiweb.si\/#\/schema\/logo\/image\/"},"sameAs":["https:\/\/www.facebook.com\/robustslo","https:\/\/www.linkedin.com\/company\/robust-d-o-o\/"]}]}},"_links":{"self":[{"href":"https:\/\/www.robust.si\/de\/wp-json\/wp\/v2\/pages\/13161"}],"collection":[{"href":"https:\/\/www.robust.si\/de\/wp-json\/wp\/v2\/pages"}],"about":[{"href":"https:\/\/www.robust.si\/de\/wp-json\/wp\/v2\/types\/page"}],"author":[{"embeddable":true,"href":"https:\/\/www.robust.si\/de\/wp-json\/wp\/v2\/users\/26"}],"replies":[{"embeddable":true,"href":"https:\/\/www.robust.si\/de\/wp-json\/wp\/v2\/comments?post=13161"}],"version-history":[{"count":5,"href":"https:\/\/www.robust.si\/de\/wp-json\/wp\/v2\/pages\/13161\/revisions"}],"predecessor-version":[{"id":22641,"href":"https:\/\/www.robust.si\/de\/wp-json\/wp\/v2\/pages\/13161\/revisions\/22641"}],"wp:attachment":[{"href":"https:\/\/www.robust.si\/de\/wp-json\/wp\/v2\/media?parent=13161"}],"curies":[{"name":"wp","href":"https:\/\/api.w.org\/{rel}","templated":true}]}}