{"id":13139,"date":"2023-06-08T13:53:31","date_gmt":"2023-06-08T11:53:31","guid":{"rendered":"https:\/\/robust.dev.wordpress.optiweb.si\/nachhaltige-verpflichtungen\/"},"modified":"2025-07-07T17:25:10","modified_gmt":"2025-07-07T15:25:10","slug":"nachhaltige-verpflichtungen","status":"publish","type":"page","link":"https:\/\/www.robust.si\/de\/nachhaltige-verpflichtungen\/","title":{"rendered":"Nachhaltige Verpflichtungen"},"content":{"rendered":"<section id=\"section-block_8901a0871edd748c47e17b47a6ea49ce\" class=\"section background-gray-dark padding-xxsmall-bottom medium-padding-medium-bottom header-pull header-inverse header-space\"  >\n    \n\n    <div class=\"grid-container\">\n\n    <div id=\"grid-block_130e8ebc76f14d05ea0c61fc9ada8723\" class=\"grid-x grid-margin-x\" >\n        \n<div id=\"cell-block_41168301d848a656705af5f37ba70af3\" class=\"cell\" >\n    \n<nav class=\"page-breadcrumb padding-24-bottom\"><a href=\"https:\/\/www.robust.si\/de\/\">Home<\/a><\/nav>\n\n\n<\/div>\n\n\n\n<div id=\"cell-block_a6340244347165a2eb5dd0b9e3c25416\" class=\"cell medium-9 large-7\" >\n    \n<div id=\"wrap-block_c6c890d72872821df71ff62e7d2183b0\" class=\"wrap margin-24-bottom medium-margin-medium-bottom color-white\"  >\n    \n\n<h1 class=\"wp-block-heading color-white small\">Nachhaltige Verpflichtungen<\/h1>\n\n\n\n<p>Nachhaltige Entwicklung erm\u00f6glicht den \u00dcbergang zu einer umweltfreundlicheren Lebensweise und konzentriert sich gleichzeitig auf das Problem der Ersch\u00f6pfung nat\u00fcrlicher Ressourcen und der Umweltverschmutzung. Mit unserer Nachhaltigkeitsstrategie setzt sich das Unternehmen Robust stark f\u00fcr die notwendigen Ver\u00e4nderungen zur Dekarbonisierung von Organisationen und der Gesellschaft insgesamt ein. Wir sind uns der direkten Auswirkungen der Produktion auf die Umwelt gut bewusst und wissen, dass es zur Gew\u00e4hrleistung einer nachhaltigen Entwicklung notwendig ist, Ressourcen sinnvoll zu nutzen und sie nach M\u00f6glichkeit in Produkten wiederzuverwenden und so deren Lebensdauer zu verl\u00e4ngern.<\/p>\n\n\n<\/div>\n\n\n\n<\/div>\n\n\n\n<div id=\"ogljicna-nevtralnost\" class=\"cell large-7 large-offset-1\" >\n    \n<div id=\"wrap-block_48df88a80a665fdc6e39e4aa46eb16b4\" class=\"wrap margin-32-bottom medium-margin-medium-bottom color-white\"  >\n    \n<span id=\"icon-block_dd9f578060f29de5ebf9230e3f5ad848\" class=\"icon-wrap icon-block\"><img loading=\"lazy\" decoding=\"async\" width=\"121\" height=\"124\" src=\"https:\/\/www.robust.si\/wp-content\/uploads\/2023\/05\/Robust_Ilustracije_bele-16.png\" class=\"icon margin-32-bottom icon-image icon-330\" alt=\"\" style=\"font-size:124px;margin-right:px;\" \/><\/span>\n\n\n<h2 class=\"wp-block-heading color-white h3\">CO2-Neutralit\u00e4t bis 2030<\/h2>\n\n\n\n<p>Mit der ersten Selbstverpflichtung des Unternehmens Robust \u201eCO2-Neutralit\u00e4t bis 2030\u201c haben wir uns zu Energieeffizienz und Energieautarkie verpflichtet, indem wir den Verbrauch nat\u00fcrlicher Ressourcen durch die Verwendung recycelter Materialien reduzieren und den Strom- und Wasserverbrauch in Gesch\u00e4ftsr\u00e4umen reduzieren. Wir haben auch f\u00fcr eine vollst\u00e4ndige Umstellung auf Digitaltechnik gesorgt, um den B\u00fcrobedarf und damit auch den Abfall zu reduzieren. Die Trennung des Abfalls in entsprechende Beh\u00e4lter (Papier, Glas, Plastik und Verpackungen) ist bereits seit einiger Zeit eingef\u00fchrt. Wir arbeiten bereits daran, unseren CO2-Fu\u00dfabdruck pro Mitarbeiter durch Anreize und Sonderaktionen zu verringern, was auch zu einer Reduzierung und Optimierung der Gesch\u00e4ftsreisen gef\u00fchrt hat. Das Essen, das wir unseren Mitarbeitern als warme Mahlzeit anbieten, stammt ebenfalls aus der Region, was weniger Transportaufwand bedeutet. Das Unternehmen setzt sich f\u00fcr den Kauf lokaler, umweltfreundlicher und zertifizierter Produkte ein, die dann Teil unserer Maschinen werden, wodurch wir auch unsere Logistikprozesse optimieren k\u00f6nnen.<\/p>\n\n\n<\/div>\n\n\n\n<\/div>\n\n\n\n<div id=\"krozno-gospodarstvo\" class=\"cell large-6 large-offset-3\" >\n    \n<div id=\"wrap-block_c4af645b635b74abc59d25d2660ecf10\" class=\"wrap margin-32-bottom medium-margin-medium-bottom color-white\"  >\n    \n<span id=\"icon-block_cc458ffe90af510542196ff47db31a6b\" class=\"icon-wrap icon-block\"><img loading=\"lazy\" decoding=\"async\" width=\"116\" height=\"124\" src=\"https:\/\/www.robust.si\/wp-content\/uploads\/2023\/05\/Robust_Ilustracije_bele-17.png\" class=\"icon margin-32-bottom icon-image icon-329\" alt=\"\" style=\"font-size:124px;margin-right:px;\" \/><\/span>\n\n\n<h2 class=\"wp-block-heading color-white h3\">Kreislaufwirtschaft und \u201eZero-Waste\u201c-Konzept<\/h2>\n\n\n\n<p>Bei Robust halten wir uns an das \u201eKreislaufwirtschafts- und Zero-Waste-Konzept\u201c, das auch in der zweiten Nachhaltigkeitsverpflichtung vorgestellt wurde. Wir bef\u00fcrworten die Verwendung von recycelten Materialien und die anschlie\u00dfende Einbindung nachhaltiger Komponenten in die Struktur des Produkts und bem\u00fchen uns au\u00dferdem f\u00fcr eine zus\u00e4tzliche Reduzierung von Prim\u00e4rrohstoffen und \u00fcberfl\u00fcssigen Verpackungen sowie eine Reduzierung der Treibhausgase bei der Produktion.<\/p>\n\n\n<\/div>\n\n\n\n<\/div>\n\n\n\n    <\/div>\n\n    <\/div>\n\n\n\n\n\n    <div class=\"grid-container\">\n\n    <div id=\"grid-block_130e8ebc76f14d05ea0c61fc9ada8723\" class=\"grid-x grid-margin-x\" >\n        \n<div id=\"cell-block_d98a59e385417ae0d195d31bdaa0694d\" class=\"cell medium-6\" >\n    \n<div id=\"trajnostno-upravljanje\" class=\"wrap medium-max-width-650 color-white\"  >\n    \n<span id=\"icon-block_854db907107e6bbb0977b441d62b1be8\" class=\"icon-wrap icon-block\"><img loading=\"lazy\" decoding=\"async\" width=\"118\" height=\"123\" src=\"https:\/\/www.robust.si\/wp-content\/uploads\/2023\/05\/Robust_Ilustracije_bele-18.png\" class=\"icon margin-32-bottom icon-image icon-328\" alt=\"\" style=\"font-size:124px;margin-right:px;\" \/><\/span>\n\n\n<h2 class=\"wp-block-heading color-white h3\">Das Konzept des nachhaltigen Managements im Unternehmen<\/h2>\n\n\n<\/div>\n\n\n\n<\/div>\n\n\n\n    <\/div>\n\n    <\/div>\n\n\n\n\n\n    <div class=\"grid-container\">\n\n    <div id=\"grid-block_130e8ebc76f14d05ea0c61fc9ada8723\" class=\"grid-x grid-margin-x\" >\n        \n<div id=\"cell-block_d98a59e385417ae0d195d31bdaa0694d\" class=\"cell medium-6\" >\n    \n<div id=\"wrap-block_9e4b62cc3e3a398e1effc719000286f3\" class=\"wrap color-white\"  >\n    \n\n<p class=\"medium-no-margin-bottom\">Im Rahmen der dritten Nachhaltigkeitsverpflichtung, dem Konzept der nachhaltigen Verwaltung, setzten wir uns bei Robust daf\u00fcr ein, das Bewusstsein f\u00fcr die Bedeutung der CO2-Reduzierung durch die Aufbereitung von Schrott zu sch\u00e4rfen. Deshalb bieten wir Know-how-Recyclingdienstleistungen und -produkte an und erm\u00f6glichen allen Beteiligten, das Schrottrecycling in unserem Demozentrum am Firmensitz vorzuf\u00fchren. Wir arbeiten auch mit dem Reuse-Zentrum zusammen, um gebrauchte Gegenst\u00e4nde zu spenden, die in neue Gegenst\u00e4nde umgewandelt werden k\u00f6nnen. Wir haben auch eine aktive, engagierte Gruppe f\u00fcr Mitarbeiterstimulation innerhalb des Unternehmens, die die operativen Prozesse der Ressourcenreduzierung auf monatlicher Basis verwaltet. Ein Konzept f\u00fcr ein mobiles Biomasse-Heizger\u00e4t, das eine Hackeinheit, einen Metallabscheider und einen Ofen umfasst, ist ebenfalls in der Entwicklung. Auf diese Weise k\u00f6nnen die in der Gemeinde anfallenden Holzabf\u00e4lle, im Falle eines Wohngeb\u00e4udes, in Heizenergie umgewandelt werden, die dann zur Beheizung des Geb\u00e4udes verwendet wird.<\/p>\n\n\n<\/div>\n\n\n\n<\/div>\n\n\n\n<div id=\"cell-block_55daa58657b50ce4f12722e00bf70dc5\" class=\"cell medium-6 large-4 large-offset-2\" >\n    \n<div id=\"wrap-block_9e4b62cc3e3a398e1effc719000286f3\" class=\"wrap color-white\"  >\n    \n\n<p class=\"no-margin lead\">\u201eDas Essen, das wir unseren Mitarbeitern als warme Mahlzeit anbieten, stammt aus der Region, was weniger Transportaufwand bedeutet.\u201c&nbsp;<\/p>\n\n\n\n<p class=\"no-margin-bottom margin-24-top font-style-italic\">\u2013 Marko Krajnc, Direktor von Robust d.o.o.<\/p>\n\n\n<\/div>\n\n\n\n<\/div>\n\n\n\n<div id=\"cell-block_e4824529db9fcd0c1c6c68c4fedf3298\" class=\"cell large-6 large-offset-6\" >\n    \n<div id=\"vzpodbujanje-trajnosti\" class=\"wrap margin-32-top medium-margin-medium-top color-white\"  >\n    \n<span id=\"icon-block_543be4a81a28c7130d968f70957373d2\" class=\"icon-wrap icon-block\"><img loading=\"lazy\" decoding=\"async\" width=\"149\" height=\"94\" src=\"https:\/\/www.robust.si\/wp-content\/uploads\/2023\/06\/Robust_Ilustracije_bele-19-1.png\" class=\"icon margin-32-bottom icon-image icon-2438\" alt=\"\" style=\"font-size:94px;margin-right:px;\" \/><\/span>\n\n\n<h2 class=\"wp-block-heading color-white h3\">F\u00f6rderung der Nachhaltigkeit<\/h2>\n\n\n\n<p class=\"no-margin-bottom\">In unserem vierten Nachhaltigkeitsengagement f\u00fchren wir bei Robust als weitere Ziele Hightech-Produktion und -Technik im Bereich Abfallrecycling auf, die Unternehmen den \u00dcbergang zu einer Kreislaufwirtschaft erm\u00f6glichen, und verfolgen mit hohem Anspruch das \u201eZero-Waste\u201c-Konzept mit Mehrwert. Wir sehen die Zukunft darin, nutzlose Materialien in etwas N\u00fctzliches und Wertvolles zu verwandeln, auch mithilfe unserer Robust-Markenprodukte.<\/p>\n\n\n<\/div>\n\n\n\n<\/div>\n\n\n\n    <\/div>\n\n    <\/div>\n\n\n\n\n<\/section>\n\n","protected":false},"excerpt":{"rendered":"","protected":false},"author":26,"featured_media":0,"parent":0,"menu_order":0,"comment_status":"closed","ping_status":"closed","template":"","meta":{"footnotes":""},"acf":[],"yoast_head":"<!-- This site is optimized with the Yoast SEO plugin v20.9 - https:\/\/yoast.com\/wordpress\/plugins\/seo\/ -->\n<title>Nachhaltige Verpflichtungen - Robust<\/title>\n<meta name=\"description\" content=\"Mit unserer Nachhaltigkeitsstrategie setzt sich das Unternehmen Robust stark f\u00fcr die notwendigen Ver\u00e4nderungen zur Dekarbonisierung von Organisationen und der Gesellschaft insgesamt ein.\" \/>\n<meta name=\"robots\" content=\"index, follow, max-snippet:-1, max-image-preview:large, max-video-preview:-1\" \/>\n<link rel=\"canonical\" href=\"https:\/\/www.robust.si\/de\/nachhaltige-verpflichtungen\/\" \/>\n<meta property=\"og:locale\" content=\"de_DE\" \/>\n<meta property=\"og:type\" content=\"article\" \/>\n<meta property=\"og:title\" content=\"Nachhaltige Verpflichtungen - Robust\" \/>\n<meta property=\"og:description\" content=\"Mit unserer Nachhaltigkeitsstrategie setzt sich das Unternehmen Robust stark f\u00fcr die notwendigen Ver\u00e4nderungen zur Dekarbonisierung von Organisationen und der Gesellschaft insgesamt ein.\" \/>\n<meta property=\"og:url\" content=\"https:\/\/www.robust.si\/de\/nachhaltige-verpflichtungen\/\" \/>\n<meta property=\"og:site_name\" content=\"Robust\" \/>\n<meta property=\"article:publisher\" content=\"https:\/\/www.facebook.com\/robustslo\" \/>\n<meta property=\"article:modified_time\" content=\"2025-07-07T15:25:10+00:00\" \/>\n<meta name=\"twitter:card\" content=\"summary_large_image\" \/>\n<meta name=\"twitter:label1\" content=\"Gesch\u00e4tzte Lesezeit\" \/>\n\t<meta name=\"twitter:data1\" content=\"3 Minuten\" \/>\n<script type=\"application\/ld+json\" class=\"yoast-schema-graph\">{\"@context\":\"https:\/\/schema.org\",\"@graph\":[{\"@type\":\"WebPage\",\"@id\":\"https:\/\/www.robust.si\/de\/nachhaltige-verpflichtungen\/\",\"url\":\"https:\/\/www.robust.si\/de\/nachhaltige-verpflichtungen\/\",\"name\":\"Nachhaltige Verpflichtungen - Robust\",\"isPartOf\":{\"@id\":\"https:\/\/robust.dev.wordpress.optiweb.si\/#website\"},\"datePublished\":\"2023-06-08T11:53:31+00:00\",\"dateModified\":\"2025-07-07T15:25:10+00:00\",\"description\":\"Mit unserer Nachhaltigkeitsstrategie setzt sich das Unternehmen Robust stark f\u00fcr die notwendigen Ver\u00e4nderungen zur Dekarbonisierung von Organisationen und der Gesellschaft insgesamt ein.\",\"breadcrumb\":{\"@id\":\"https:\/\/www.robust.si\/de\/nachhaltige-verpflichtungen\/#breadcrumb\"},\"inLanguage\":\"de-DE\",\"potentialAction\":[{\"@type\":\"ReadAction\",\"target\":[\"https:\/\/www.robust.si\/de\/nachhaltige-verpflichtungen\/\"]}]},{\"@type\":\"BreadcrumbList\",\"@id\":\"https:\/\/www.robust.si\/de\/nachhaltige-verpflichtungen\/#breadcrumb\",\"itemListElement\":[{\"@type\":\"ListItem\",\"position\":1,\"name\":\"Home\",\"item\":\"https:\/\/www.robust.si\/de\/\"},{\"@type\":\"ListItem\",\"position\":2,\"name\":\"Nachhaltige Verpflichtungen\"}]},{\"@type\":\"WebSite\",\"@id\":\"https:\/\/robust.dev.wordpress.optiweb.si\/#website\",\"url\":\"https:\/\/robust.dev.wordpress.optiweb.si\/\",\"name\":\"Robust\",\"description\":\"\",\"publisher\":{\"@id\":\"https:\/\/robust.dev.wordpress.optiweb.si\/#organization\"},\"potentialAction\":[{\"@type\":\"SearchAction\",\"target\":{\"@type\":\"EntryPoint\",\"urlTemplate\":\"https:\/\/robust.dev.wordpress.optiweb.si\/?s={search_term_string}\"},\"query-input\":\"required name=search_term_string\"}],\"inLanguage\":\"de-DE\"},{\"@type\":\"Organization\",\"@id\":\"https:\/\/robust.dev.wordpress.optiweb.si\/#organization\",\"name\":\"Robust\",\"url\":\"https:\/\/robust.dev.wordpress.optiweb.si\/\",\"logo\":{\"@type\":\"ImageObject\",\"inLanguage\":\"de-DE\",\"@id\":\"https:\/\/robust.dev.wordpress.optiweb.si\/#\/schema\/logo\/image\/\",\"url\":\"https:\/\/www.robust.si\/wp-content\/uploads\/2025\/07\/Robust_Logotip_Vertikalni_Colour.png\",\"contentUrl\":\"https:\/\/www.robust.si\/wp-content\/uploads\/2025\/07\/Robust_Logotip_Vertikalni_Colour.png\",\"width\":1114,\"height\":660,\"caption\":\"Robust\"},\"image\":{\"@id\":\"https:\/\/robust.dev.wordpress.optiweb.si\/#\/schema\/logo\/image\/\"},\"sameAs\":[\"https:\/\/www.facebook.com\/robustslo\",\"https:\/\/www.linkedin.com\/company\/robust-d-o-o\/\"]}]}<\/script>\n<!-- \/ Yoast SEO plugin. -->","yoast_head_json":{"title":"Nachhaltige Verpflichtungen - Robust","description":"Mit unserer Nachhaltigkeitsstrategie setzt sich das Unternehmen Robust stark f\u00fcr die notwendigen Ver\u00e4nderungen zur Dekarbonisierung von Organisationen und der Gesellschaft insgesamt ein.","robots":{"index":"index","follow":"follow","max-snippet":"max-snippet:-1","max-image-preview":"max-image-preview:large","max-video-preview":"max-video-preview:-1"},"canonical":"https:\/\/www.robust.si\/de\/nachhaltige-verpflichtungen\/","og_locale":"de_DE","og_type":"article","og_title":"Nachhaltige Verpflichtungen - Robust","og_description":"Mit unserer Nachhaltigkeitsstrategie setzt sich das Unternehmen Robust stark f\u00fcr die notwendigen Ver\u00e4nderungen zur Dekarbonisierung von Organisationen und der Gesellschaft insgesamt ein.","og_url":"https:\/\/www.robust.si\/de\/nachhaltige-verpflichtungen\/","og_site_name":"Robust","article_publisher":"https:\/\/www.facebook.com\/robustslo","article_modified_time":"2025-07-07T15:25:10+00:00","twitter_card":"summary_large_image","twitter_misc":{"Gesch\u00e4tzte Lesezeit":"3 Minuten"},"schema":{"@context":"https:\/\/schema.org","@graph":[{"@type":"WebPage","@id":"https:\/\/www.robust.si\/de\/nachhaltige-verpflichtungen\/","url":"https:\/\/www.robust.si\/de\/nachhaltige-verpflichtungen\/","name":"Nachhaltige Verpflichtungen - Robust","isPartOf":{"@id":"https:\/\/robust.dev.wordpress.optiweb.si\/#website"},"datePublished":"2023-06-08T11:53:31+00:00","dateModified":"2025-07-07T15:25:10+00:00","description":"Mit unserer Nachhaltigkeitsstrategie setzt sich das Unternehmen Robust stark f\u00fcr die notwendigen Ver\u00e4nderungen zur Dekarbonisierung von Organisationen und der Gesellschaft insgesamt ein.","breadcrumb":{"@id":"https:\/\/www.robust.si\/de\/nachhaltige-verpflichtungen\/#breadcrumb"},"inLanguage":"de-DE","potentialAction":[{"@type":"ReadAction","target":["https:\/\/www.robust.si\/de\/nachhaltige-verpflichtungen\/"]}]},{"@type":"BreadcrumbList","@id":"https:\/\/www.robust.si\/de\/nachhaltige-verpflichtungen\/#breadcrumb","itemListElement":[{"@type":"ListItem","position":1,"name":"Home","item":"https:\/\/www.robust.si\/de\/"},{"@type":"ListItem","position":2,"name":"Nachhaltige Verpflichtungen"}]},{"@type":"WebSite","@id":"https:\/\/robust.dev.wordpress.optiweb.si\/#website","url":"https:\/\/robust.dev.wordpress.optiweb.si\/","name":"Robust","description":"","publisher":{"@id":"https:\/\/robust.dev.wordpress.optiweb.si\/#organization"},"potentialAction":[{"@type":"SearchAction","target":{"@type":"EntryPoint","urlTemplate":"https:\/\/robust.dev.wordpress.optiweb.si\/?s={search_term_string}"},"query-input":"required name=search_term_string"}],"inLanguage":"de-DE"},{"@type":"Organization","@id":"https:\/\/robust.dev.wordpress.optiweb.si\/#organization","name":"Robust","url":"https:\/\/robust.dev.wordpress.optiweb.si\/","logo":{"@type":"ImageObject","inLanguage":"de-DE","@id":"https:\/\/robust.dev.wordpress.optiweb.si\/#\/schema\/logo\/image\/","url":"https:\/\/www.robust.si\/wp-content\/uploads\/2025\/07\/Robust_Logotip_Vertikalni_Colour.png","contentUrl":"https:\/\/www.robust.si\/wp-content\/uploads\/2025\/07\/Robust_Logotip_Vertikalni_Colour.png","width":1114,"height":660,"caption":"Robust"},"image":{"@id":"https:\/\/robust.dev.wordpress.optiweb.si\/#\/schema\/logo\/image\/"},"sameAs":["https:\/\/www.facebook.com\/robustslo","https:\/\/www.linkedin.com\/company\/robust-d-o-o\/"]}]}},"_links":{"self":[{"href":"https:\/\/www.robust.si\/de\/wp-json\/wp\/v2\/pages\/13139"}],"collection":[{"href":"https:\/\/www.robust.si\/de\/wp-json\/wp\/v2\/pages"}],"about":[{"href":"https:\/\/www.robust.si\/de\/wp-json\/wp\/v2\/types\/page"}],"author":[{"embeddable":true,"href":"https:\/\/www.robust.si\/de\/wp-json\/wp\/v2\/users\/26"}],"replies":[{"embeddable":true,"href":"https:\/\/www.robust.si\/de\/wp-json\/wp\/v2\/comments?post=13139"}],"version-history":[{"count":2,"href":"https:\/\/www.robust.si\/de\/wp-json\/wp\/v2\/pages\/13139\/revisions"}],"predecessor-version":[{"id":21784,"href":"https:\/\/www.robust.si\/de\/wp-json\/wp\/v2\/pages\/13139\/revisions\/21784"}],"wp:attachment":[{"href":"https:\/\/www.robust.si\/de\/wp-json\/wp\/v2\/media?parent=13139"}],"curies":[{"name":"wp","href":"https:\/\/api.w.org\/{rel}","templated":true}]}}